{"id":2184,"date":"2024-10-14T12:04:02","date_gmt":"2024-10-14T10:04:02","guid":{"rendered":"https:\/\/deltatemp.digitalleader.dev\/product\/niet-gecategoriseerd\/chiller-200kw-evo\/"},"modified":"2025-06-24T11:45:23","modified_gmt":"2025-06-24T09:45:23","slug":"chiller-200kw-evo","status":"publish","type":"product","link":"https:\/\/delta-temp.com\/nl_nl\/product\/chiller-200kw-evo\/","title":{"rendered":"Chiller 200 kW EVO"},"content":{"rendered":"<p>De DT200 EVO chiller uit onze innovatieve EVO-serie brengt energie-effici\u00ebntie, milieuvriendelijkheid en gebruiksgemak samen in \u00e9\u00e9n handige unit \u2013 perfect voor zowel airconditioning als proceskoeling.<\/p>\n<p>Met de Siemens Climatix controller kun je de DT200 EVO moeiteloos 24\/7 op afstand bedienen en monitoren. Dankzij de handige 4\u201d Bauer-snelkoppelingen voor water en eenvoudige kabelogen voor de elektrische aansluiting is deze chiller snel en effici\u00ebnt aan te sluiten. Binnenin zorgen vier fluisterstille scroll-compressoren en een slimme, frequentiegestuurde waterpomp voor optimale prestaties tot 2,3 bar. De stille EC-fans, met hun aerodynamische waaiers, maken de chiller n\u00f3g effici\u00ebnter \u00e9n stiller.<\/p>\n<p>Kortom, de DT200 EVO combineert slimme technologie en gebruikersgemak in \u00e9\u00e9n compacte oplossing \u2013 zo hou je het koel, zonder zorgen!<\/p>","protected":false},"excerpt":{"rendered":"<p>De DT200 EVO chiller uit onze innovatieve EVO-serie brengt energie-effici\u00ebntie, milieuvriendelijkheid en gebruiksgemak samen in \u00e9\u00e9n handige unit \u2013 perfect voor zowel airconditioning als proceskoeling. Met de Siemens Climatix controller kun je de DT200 EVO moeiteloos 24\/7 op afstand bedienen en monitoren. Dankzij de handige 4\u201d Bauer-snelkoppelingen voor water en eenvoudige kabelogen voor de elektrische [&hellip;]<\/p>\n","protected":false},"featured_media":3530,"template":"","meta":{"_acf_changed":false},"characteristic":[],"producttype":[32],"product_brand":[],"product_cat":[20,22],"product_tag":[],"class_list":{"0":"post-2184","1":"product","2":"type-product","3":"status-publish","4":"has-post-thumbnail","6":"producttype-verhuur","7":"product_cat-koeling","8":"product_cat-mobiele-chiller","10":"first","11":"instock","12":"product-type-simple"},"acf":[],"_links":{"self":[{"href":"https:\/\/delta-temp.com\/nl_nl\/wp-json\/wp\/v2\/product\/2184","targetHints":{"allow":["GET"]}}],"collection":[{"href":"https:\/\/delta-temp.com\/nl_nl\/wp-json\/wp\/v2\/product"}],"about":[{"href":"https:\/\/delta-temp.com\/nl_nl\/wp-json\/wp\/v2\/types\/product"}],"wp:featuredmedia":[{"embeddable":true,"href":"https:\/\/delta-temp.com\/nl_nl\/wp-json\/wp\/v2\/media\/3530"}],"wp:attachment":[{"href":"https:\/\/delta-temp.com\/nl_nl\/wp-json\/wp\/v2\/media?parent=2184"}],"wp:term":[{"taxonomy":"characteristic","embeddable":true,"href":"https:\/\/delta-temp.com\/nl_nl\/wp-json\/wp\/v2\/characteristic?post=2184"},{"taxonomy":"producttype","embeddable":true,"href":"https:\/\/delta-temp.com\/nl_nl\/wp-json\/wp\/v2\/producttype?post=2184"},{"taxonomy":"product_brand","embeddable":true,"href":"https:\/\/delta-temp.com\/nl_nl\/wp-json\/wp\/v2\/product_brand?post=2184"},{"taxonomy":"product_cat","embeddable":true,"href":"https:\/\/delta-temp.com\/nl_nl\/wp-json\/wp\/v2\/product_cat?post=2184"},{"taxonomy":"product_tag","embeddable":true,"href":"https:\/\/delta-temp.com\/nl_nl\/wp-json\/wp\/v2\/product_tag?post=2184"}],"curies":[{"name":"wp","href":"https:\/\/api.w.org\/{rel}","templated":true}]}}