{"id":3055,"date":"2024-12-19T10:20:40","date_gmt":"2024-12-19T09:20:40","guid":{"rendered":"https:\/\/deltatemp.digitalleader.dev\/product\/niet-gecategoriseerd\/boiler-465kw\/"},"modified":"2025-01-30T16:08:43","modified_gmt":"2025-01-30T15:08:43","slug":"chaudiere-465kw","status":"publish","type":"product","link":"https:\/\/delta-temp.com\/fr_be\/produit\/chaudiere-465kw\/","title":{"rendered":"Chaudi\u00e8re 465 kW"},"content":{"rendered":"<p>Vous avez besoin temporairement d'une capacit\u00e9 de chauffage suppl\u00e9mentaire ? Notre chaudi\u00e8re mobile de 465 kW est la solution. Avec une capacit\u00e9 de chauffage de l'eau jusqu'\u00e0 80 \u00b0C, cette chaudi\u00e8re est id\u00e9ale pour une vari\u00e9t\u00e9 d'applications, telles que les usines de traitement de l'air, les \u00e9changeurs de chaleur ou les r\u00e9seaux de chauffage existants. La chaudi\u00e8re se trouve dans un conteneur l\u00e9ger, ce qui la rend facile \u00e0 transporter et pr\u00eate \u00e0 \u00eatre utilis\u00e9e imm\u00e9diatement. Gr\u00e2ce aux raccords Bauer de 4\", le raccordement \u00e0 vos syst\u00e8mes se fait en un clin d'\u0153il.<\/p>\n<p>Chez Delta-Temp, vous n'obtenez pas seulement la chaudi\u00e8re, mais une solution compl\u00e8te. Nous proposons une large gamme d'accessoires, tels que des pompes externes, des tuyaux d'eau et des \u00e9changeurs de chaleur, pour que votre syst\u00e8me fonctionne de mani\u00e8re optimale.<\/p>","protected":false},"excerpt":{"rendered":"<p>Heeft u tijdelijk extra verwarmingscapaciteit nodig? Onze mobiele boiler van 465 kW biedt d\u00e9 oplossing. Met een vermogen om water tot 80 \u00b0C te verwarmen, is deze boiler ideaal voor uiteenlopende toepassingen, zoals het ondersteunen van luchtbehandelingsinstallaties, warmtewisselaars of bestaande verwarmingsnetwerken. De boiler zit in een lichte container, waardoor hij makkelijk te vervoeren en direct [&hellip;]<\/p>\n","protected":false},"featured_media":4631,"template":"","meta":{"_acf_changed":false},"characteristic":[],"producttype":[],"product_brand":[],"product_cat":[70,29,21],"product_tag":[],"class_list":{"0":"post-3055","1":"product","2":"type-product","3":"status-publish","4":"has-post-thumbnail","6":"product_cat-boiler","7":"product_cat-boilers","8":"product_cat-verwarming","10":"first","11":"instock","12":"taxable","13":"shipping-taxable","14":"product-type-simple"},"acf":[],"_links":{"self":[{"href":"https:\/\/delta-temp.com\/fr_be\/wp-json\/wp\/v2\/product\/3055","targetHints":{"allow":["GET"]}}],"collection":[{"href":"https:\/\/delta-temp.com\/fr_be\/wp-json\/wp\/v2\/product"}],"about":[{"href":"https:\/\/delta-temp.com\/fr_be\/wp-json\/wp\/v2\/types\/product"}],"wp:featuredmedia":[{"embeddable":true,"href":"https:\/\/delta-temp.com\/fr_be\/wp-json\/wp\/v2\/media\/4631"}],"wp:attachment":[{"href":"https:\/\/delta-temp.com\/fr_be\/wp-json\/wp\/v2\/media?parent=3055"}],"wp:term":[{"taxonomy":"characteristic","embeddable":true,"href":"https:\/\/delta-temp.com\/fr_be\/wp-json\/wp\/v2\/characteristic?post=3055"},{"taxonomy":"producttype","embeddable":true,"href":"https:\/\/delta-temp.com\/fr_be\/wp-json\/wp\/v2\/producttype?post=3055"},{"taxonomy":"product_brand","embeddable":true,"href":"https:\/\/delta-temp.com\/fr_be\/wp-json\/wp\/v2\/product_brand?post=3055"},{"taxonomy":"product_cat","embeddable":true,"href":"https:\/\/delta-temp.com\/fr_be\/wp-json\/wp\/v2\/product_cat?post=3055"},{"taxonomy":"product_tag","embeddable":true,"href":"https:\/\/delta-temp.com\/fr_be\/wp-json\/wp\/v2\/product_tag?post=3055"}],"curies":[{"name":"wp","href":"https:\/\/api.w.org\/{rel}","templated":true}]}}