{"id":3054,"date":"2024-12-19T10:20:40","date_gmt":"2024-12-19T09:20:40","guid":{"rendered":"https:\/\/deltatemp.digitalleader.dev\/product\/niet-gecategoriseerd\/elektrische-boiler-250kw\/"},"modified":"2025-06-11T13:38:27","modified_gmt":"2025-06-11T11:38:27","slug":"chaudiere-electrique-250kw","status":"publish","type":"product","link":"https:\/\/delta-temp.com\/fr_be\/produit\/chaudiere-electrique-250kw\/","title":{"rendered":"Chaudi\u00e8re \u00e9lectrique 250 kW"},"content":{"rendered":"<p>D'une puissance allant jusqu'\u00e0 250 kW, cette chaudi\u00e8re \u00e9lectrique chauffe l'eau jusqu'\u00e0 85 \u00b0C. Cette chaudi\u00e8re compacte et facile \u00e0 utiliser est rapide \u00e0 installer gr\u00e2ce \u00e0 ses tubes \u00e0 fourche et est fournie avec des connecteurs rapides 4\"-Bauer, ce qui permet de la raccorder facilement \u00e0 votre r\u00e9seau existant.<\/p>\n<p>Ces unit\u00e9s sont parfaites pour une vari\u00e9t\u00e9 d'applications : du chauffage des \u00e9tablissements de restauration, des espaces de vente au d\u00e9tail et des bureaux aux processus industriels dans les industries alimentaires et chimiques. Vous avez besoin d'un syst\u00e8me de chauffage autonome ? Combinez la chaudi\u00e8re \u00e9lectrique avec une unit\u00e9 de traitement de l'air pour obtenir une solution compl\u00e8te.<\/p>\n<p>Vous \u00eates \u00e0 la recherche d'un chauffage temporaire ? Nos experts se feront un plaisir de vous aider en vous proposant une solution compl\u00e8te et sur mesure.<\/p>","protected":false},"excerpt":{"rendered":"<p>Met een vermogen tot 250 kW verwarmt deze elektrische boiler water tot wel 85 \u00b0C. Deze compacte en gebruiksvriendelijke boiler is snel te installeren dankzij de vorkkokers en wordt geleverd met 4\u201d-Bauer snelkoppelingen, zodat hij eenvoudig kan worden aangesloten op uw bestaande netwerk. Deze units is perfect voor uiteenlopende toepassingen: van het verwarmen van horecazaken, [&hellip;]<\/p>\n","protected":false},"featured_media":4659,"template":"","meta":{"_acf_changed":false},"characteristic":[],"producttype":[],"product_brand":[],"product_cat":[70,29],"product_tag":[],"class_list":{"0":"post-3054","1":"product","2":"type-product","3":"status-publish","4":"has-post-thumbnail","6":"product_cat-boiler","7":"product_cat-boilers","9":"first","10":"instock","11":"taxable","12":"shipping-taxable","13":"product-type-simple"},"acf":[],"_links":{"self":[{"href":"https:\/\/delta-temp.com\/fr_be\/wp-json\/wp\/v2\/product\/3054","targetHints":{"allow":["GET"]}}],"collection":[{"href":"https:\/\/delta-temp.com\/fr_be\/wp-json\/wp\/v2\/product"}],"about":[{"href":"https:\/\/delta-temp.com\/fr_be\/wp-json\/wp\/v2\/types\/product"}],"wp:featuredmedia":[{"embeddable":true,"href":"https:\/\/delta-temp.com\/fr_be\/wp-json\/wp\/v2\/media\/4659"}],"wp:attachment":[{"href":"https:\/\/delta-temp.com\/fr_be\/wp-json\/wp\/v2\/media?parent=3054"}],"wp:term":[{"taxonomy":"characteristic","embeddable":true,"href":"https:\/\/delta-temp.com\/fr_be\/wp-json\/wp\/v2\/characteristic?post=3054"},{"taxonomy":"producttype","embeddable":true,"href":"https:\/\/delta-temp.com\/fr_be\/wp-json\/wp\/v2\/producttype?post=3054"},{"taxonomy":"product_brand","embeddable":true,"href":"https:\/\/delta-temp.com\/fr_be\/wp-json\/wp\/v2\/product_brand?post=3054"},{"taxonomy":"product_cat","embeddable":true,"href":"https:\/\/delta-temp.com\/fr_be\/wp-json\/wp\/v2\/product_cat?post=3054"},{"taxonomy":"product_tag","embeddable":true,"href":"https:\/\/delta-temp.com\/fr_be\/wp-json\/wp\/v2\/product_tag?post=3054"}],"curies":[{"name":"wp","href":"https:\/\/api.w.org\/{rel}","templated":true}]}}