{"id":3053,"date":"2024-12-19T10:20:40","date_gmt":"2024-12-19T09:20:40","guid":{"rendered":"https:\/\/deltatemp.digitalleader.dev\/product\/niet-gecategoriseerd\/elektrische-boiler-36kw\/"},"modified":"2025-01-30T16:10:32","modified_gmt":"2025-01-30T15:10:32","slug":"chaudiere-electrique-36kw","status":"publish","type":"product","link":"https:\/\/delta-temp.com\/fr_be\/produit\/chaudiere-electrique-36kw\/","title":{"rendered":"Chaudi\u00e8re \u00e9lectrique 36 kW"},"content":{"rendered":"<p class=\"translation-block\">&lt;Nos chauffe-eau \u00e9lectriques de 36 kW sont con\u00e7us exclusivement pour un usage industriel et professionnel. Il s&#039;agit d&#039;une chaudi\u00e8re compacte et puissante sur un chariot pour un d\u00e9placement facile. L&#039;appareil dispose de points de remplissage pour le circuit d&#039;eau et d&#039;un raccordement rapide via des raccords Kka.<\/span><span> <\/span><span data-contrast=\"none\">Avec des options d'alimentation de 16A, 32A ou 63A, cette chaudi\u00e8re offre une puissance calorifique de 9 kW, 18 kW ou 36 kW. La pompe interne fournit un d\u00e9bit allant jusqu'\u00e0 2,1 m\u00b3\/h. <\/span><span> <\/span><\/p>\n<p><span data-contrast=\"none\">L'unit\u00e9 dispose en outre d'un r\u00e9gulateur num\u00e9rique et peut chauffer l'eau jusqu'\u00e0 90 \u00b0C, ce qui convient aussi bien au chauffage de confort qu'au chauffage de processus industriels. Id\u00e9al pour les \u00e9v\u00e9nements ou les ateliers ne disposant pas d'un chauffage suffisant. <\/span><span data-ccp-props=\"{&quot;134233117&quot;:false,&quot;134233118&quot;:false,&quot;201341983&quot;:0,&quot;335551550&quot;:1,&quot;335551620&quot;:1,&quot;335559685&quot;:0,&quot;335559737&quot;:0,&quot;335559738&quot;:0,&quot;335559739&quot;:0,&quot;335559740&quot;:240}\">\u00a0<\/span><\/p>","protected":false},"excerpt":{"rendered":"<p>Onze elektrische boilers 36 kW zijn exclusief ontworpen voor industrieel en professioneel gebruik. Het is een compacte, krachtige boiler op een trolley voor eenvoudige verplaatsing. De unit heeft vulpunten voor het watercircuit en snelle aansluiting via Geka-koppelingen.\u00a0Met stroomtoevoeropties van 16A, 32A of 63A biedt deze boiler een warmtevermogen van 9 kW, 18 kW of 36 [&hellip;]<\/p>\n","protected":false},"featured_media":4667,"template":"","meta":{"_acf_changed":false},"characteristic":[],"producttype":[],"product_brand":[],"product_cat":[70,29],"product_tag":[],"class_list":{"0":"post-3053","1":"product","2":"type-product","3":"status-publish","4":"has-post-thumbnail","6":"product_cat-boiler","7":"product_cat-boilers","9":"first","10":"instock","11":"taxable","12":"shipping-taxable","13":"product-type-simple"},"acf":[],"_links":{"self":[{"href":"https:\/\/delta-temp.com\/fr_be\/wp-json\/wp\/v2\/product\/3053","targetHints":{"allow":["GET"]}}],"collection":[{"href":"https:\/\/delta-temp.com\/fr_be\/wp-json\/wp\/v2\/product"}],"about":[{"href":"https:\/\/delta-temp.com\/fr_be\/wp-json\/wp\/v2\/types\/product"}],"wp:featuredmedia":[{"embeddable":true,"href":"https:\/\/delta-temp.com\/fr_be\/wp-json\/wp\/v2\/media\/4667"}],"wp:attachment":[{"href":"https:\/\/delta-temp.com\/fr_be\/wp-json\/wp\/v2\/media?parent=3053"}],"wp:term":[{"taxonomy":"characteristic","embeddable":true,"href":"https:\/\/delta-temp.com\/fr_be\/wp-json\/wp\/v2\/characteristic?post=3053"},{"taxonomy":"producttype","embeddable":true,"href":"https:\/\/delta-temp.com\/fr_be\/wp-json\/wp\/v2\/producttype?post=3053"},{"taxonomy":"product_brand","embeddable":true,"href":"https:\/\/delta-temp.com\/fr_be\/wp-json\/wp\/v2\/product_brand?post=3053"},{"taxonomy":"product_cat","embeddable":true,"href":"https:\/\/delta-temp.com\/fr_be\/wp-json\/wp\/v2\/product_cat?post=3053"},{"taxonomy":"product_tag","embeddable":true,"href":"https:\/\/delta-temp.com\/fr_be\/wp-json\/wp\/v2\/product_tag?post=3053"}],"curies":[{"name":"wp","href":"https:\/\/api.w.org\/{rel}","templated":true}]}}