{"id":3052,"date":"2024-12-19T10:20:39","date_gmt":"2024-12-19T09:20:39","guid":{"rendered":"https:\/\/deltatemp.digitalleader.dev\/product\/niet-gecategoriseerd\/mobiele-verwarming-gac-200\/"},"modified":"2025-01-30T16:12:47","modified_gmt":"2025-01-30T15:12:47","slug":"chauffage-mobile-200kw","status":"publish","type":"product","link":"https:\/\/delta-temp.com\/fr_be\/produit\/chauffage-mobile-200kw\/","title":{"rendered":"Chauffage mobile GAC 200"},"content":{"rendered":"<p class=\"translation-block\"><span>Data-contrast=\"auto\"&gt;Le GAC 200 est un puissant syst\u00e8me de chauffage mobile \u00e0 deux \u00e9tages avec une puissance maximale de 200 kW et des temp\u00e9ratures de sortie de 40 \u00b0C \u00e0 70 \u00b0C.<\/span><span> <\/span><span data-contrast=\"auto\">Ce chauffage mobile peut chauffer et distribuer 12 000 m\u00b3\/h d'air par heure avec une pression externe de 500 Pascal. Avec un rendement de 92% et une conception robuste, le GAC 200 est parfait pour une installation \u00e0 l'ext\u00e9rieur. L'air chaud est souffl\u00e9 dans la pi\u00e8ce par des tuyaux d'air de 500 mm de diam\u00e8tre. Pour des p\u00e9riodes de chauffage plus longues sans ravitaillement constant, un r\u00e9servoir externe \u00e0 double paroi d'une capacit\u00e9 de 1 400 litres de diesel peut \u00eatre raccord\u00e9.<\/span><span> <\/span><\/p>\n<p><span data-contrast=\"auto\">La soufflerie d'air chaud GAC 200 est id\u00e9ale pour une utilisation en tant que chauffage mobile de chantier, chauffage de hall, chauffage de tente et pour le chauffage lors d'\u00e9v\u00e9nements. Cette polyvalence en fait la solution id\u00e9ale pour la location, o\u00f9 la fiabilit\u00e9 et l'efficacit\u00e9 sont essentielles.<\/span><span data-ccp-props=\"{&quot;134233117&quot;:false,&quot;134233118&quot;:false,&quot;335551550&quot;:1,&quot;335551620&quot;:1,&quot;335559738&quot;:240,&quot;335559739&quot;:240}\">\u00a0<\/span><\/p>","protected":false},"excerpt":{"rendered":"<p>De GAC 200 is een krachtig tweetraps mobiel verwarmingssysteem met een maximaal vermogen van 200 kW en uitgangstemperaturen van 40 \u00b0C tot 70 \u00b0C.\u00a0Deze mobiele verwarming kan 12.000 m\u00b3\/h lucht per uur verwarmen en verspreiden met een externe druk van 500 Pascal. Met een effici\u00ebntie van 92% en een robuust ontwerp is de GAC 200 [&hellip;]<\/p>\n","protected":false},"featured_media":4779,"template":"","meta":{"_acf_changed":false},"characteristic":[],"producttype":[],"product_brand":[],"product_cat":[69,38],"product_tag":[],"class_list":{"0":"post-3052","1":"product","2":"type-product","3":"status-publish","4":"has-post-thumbnail","6":"product_cat-heater","7":"product_cat-heaters","9":"first","10":"instock","11":"taxable","12":"shipping-taxable","13":"product-type-simple"},"acf":[],"_links":{"self":[{"href":"https:\/\/delta-temp.com\/fr_be\/wp-json\/wp\/v2\/product\/3052","targetHints":{"allow":["GET"]}}],"collection":[{"href":"https:\/\/delta-temp.com\/fr_be\/wp-json\/wp\/v2\/product"}],"about":[{"href":"https:\/\/delta-temp.com\/fr_be\/wp-json\/wp\/v2\/types\/product"}],"wp:featuredmedia":[{"embeddable":true,"href":"https:\/\/delta-temp.com\/fr_be\/wp-json\/wp\/v2\/media\/4779"}],"wp:attachment":[{"href":"https:\/\/delta-temp.com\/fr_be\/wp-json\/wp\/v2\/media?parent=3052"}],"wp:term":[{"taxonomy":"characteristic","embeddable":true,"href":"https:\/\/delta-temp.com\/fr_be\/wp-json\/wp\/v2\/characteristic?post=3052"},{"taxonomy":"producttype","embeddable":true,"href":"https:\/\/delta-temp.com\/fr_be\/wp-json\/wp\/v2\/producttype?post=3052"},{"taxonomy":"product_brand","embeddable":true,"href":"https:\/\/delta-temp.com\/fr_be\/wp-json\/wp\/v2\/product_brand?post=3052"},{"taxonomy":"product_cat","embeddable":true,"href":"https:\/\/delta-temp.com\/fr_be\/wp-json\/wp\/v2\/product_cat?post=3052"},{"taxonomy":"product_tag","embeddable":true,"href":"https:\/\/delta-temp.com\/fr_be\/wp-json\/wp\/v2\/product_tag?post=3052"}],"curies":[{"name":"wp","href":"https:\/\/api.w.org\/{rel}","templated":true}]}}