{"id":3051,"date":"2024-12-19T10:20:39","date_gmt":"2024-12-19T09:20:39","guid":{"rendered":"https:\/\/deltatemp.digitalleader.dev\/product\/niet-gecategoriseerd\/mobiel-heteluchtkanon-gac-111\/"},"modified":"2025-01-30T16:11:44","modified_gmt":"2025-01-30T15:11:44","slug":"pistolet-a-air-chaud-mobile-110kw","status":"publish","type":"product","link":"https:\/\/delta-temp.com\/fr_be\/produit\/pistolet-a-air-chaud-mobile-110kw\/","title":{"rendered":"Pistolet mobile \u00e0 air chaud GAC 111"},"content":{"rendered":"<p><span data-contrast=\"none\">Le GAC 111 est un puissant syst\u00e8me de chauffage \u00e0 trois \u00e9tages aliment\u00e9 par un moteur diesel offrant une puissance maximale de 110 kW, avec des temp\u00e9ratures de sortie allant de 40 \u00b0C \u00e0 70 \u00b0C.<\/span><span data-ccp-props=\"{&quot;134233117&quot;:false,&quot;134233118&quot;:false,&quot;201341983&quot;:0,&quot;335551550&quot;:1,&quot;335551620&quot;:1,&quot;335559685&quot;:0,&quot;335559737&quot;:0,&quot;335559738&quot;:0,&quot;335559739&quot;:0,&quot;335559740&quot;:240}\">\u00a0<\/span><span data-contrast=\"none\">Ce po\u00eale a un rendement de 90%, un d\u00e9bit d'air allant jusqu'\u00e0 11 500 m\u00b3\/h et une pression externe de 500 Pascal, ce qui le rend id\u00e9al pour chauffer les grandes salles et les tentes.<\/span><span data-ccp-props=\"{&quot;134233117&quot;:false,&quot;134233118&quot;:false,&quot;201341983&quot;:0,&quot;335551550&quot;:1,&quot;335551620&quot;:1,&quot;335559685&quot;:0,&quot;335559737&quot;:0,&quot;335559738&quot;:0,&quot;335559739&quot;:0,&quot;335559740&quot;:240}\">\u00a0<\/span><span data-contrast=\"none\">En outre, des accessoires, tels que des tuyaux d'air de 500 mm de diam\u00e8tre, peuvent \u00eatre raccord\u00e9s pour assurer un apport d'air chaud cibl\u00e9.\u00a0<\/span><span data-ccp-props=\"{&quot;134233117&quot;:false,&quot;134233118&quot;:false,&quot;201341983&quot;:0,&quot;335551550&quot;:1,&quot;335551620&quot;:1,&quot;335559685&quot;:0,&quot;335559737&quot;:0,&quot;335559738&quot;:0,&quot;335559739&quot;:0,&quot;335559740&quot;:240}\">\u00a0<\/span><\/p>","protected":false},"excerpt":{"rendered":"<p>De GAC 111 is een krachtig drietraps diesel aangedreven verwarmingssysteem dat een maximaal vermogen van 110 kW biedt, met uitgangstemperaturen vari\u00ebrend van 40 \u00b0C tot 70 \u00b0C.\u00a0Deze heater heeft een effici\u00ebntie van 90%, een luchtstroom tot 11.500 m\u00b3\/h en een externe druk van 500 Pascal, waardoor hij ideaal is voor het verwarmen van grote hallen [&hellip;]<\/p>\n","protected":false},"featured_media":4725,"template":"","meta":{"_acf_changed":false},"characteristic":[],"producttype":[],"product_brand":[],"product_cat":[69,38],"product_tag":[],"class_list":{"0":"post-3051","1":"product","2":"type-product","3":"status-publish","4":"has-post-thumbnail","6":"product_cat-heater","7":"product_cat-heaters","9":"first","10":"instock","11":"taxable","12":"shipping-taxable","13":"product-type-simple"},"acf":[],"_links":{"self":[{"href":"https:\/\/delta-temp.com\/fr_be\/wp-json\/wp\/v2\/product\/3051","targetHints":{"allow":["GET"]}}],"collection":[{"href":"https:\/\/delta-temp.com\/fr_be\/wp-json\/wp\/v2\/product"}],"about":[{"href":"https:\/\/delta-temp.com\/fr_be\/wp-json\/wp\/v2\/types\/product"}],"wp:featuredmedia":[{"embeddable":true,"href":"https:\/\/delta-temp.com\/fr_be\/wp-json\/wp\/v2\/media\/4725"}],"wp:attachment":[{"href":"https:\/\/delta-temp.com\/fr_be\/wp-json\/wp\/v2\/media?parent=3051"}],"wp:term":[{"taxonomy":"characteristic","embeddable":true,"href":"https:\/\/delta-temp.com\/fr_be\/wp-json\/wp\/v2\/characteristic?post=3051"},{"taxonomy":"producttype","embeddable":true,"href":"https:\/\/delta-temp.com\/fr_be\/wp-json\/wp\/v2\/producttype?post=3051"},{"taxonomy":"product_brand","embeddable":true,"href":"https:\/\/delta-temp.com\/fr_be\/wp-json\/wp\/v2\/product_brand?post=3051"},{"taxonomy":"product_cat","embeddable":true,"href":"https:\/\/delta-temp.com\/fr_be\/wp-json\/wp\/v2\/product_cat?post=3051"},{"taxonomy":"product_tag","embeddable":true,"href":"https:\/\/delta-temp.com\/fr_be\/wp-json\/wp\/v2\/product_tag?post=3051"}],"curies":[{"name":"wp","href":"https:\/\/api.w.org\/{rel}","templated":true}]}}