{"id":3050,"date":"2024-12-19T10:20:39","date_gmt":"2024-12-19T09:20:39","guid":{"rendered":"https:\/\/deltatemp.digitalleader.dev\/product\/niet-gecategoriseerd\/mobiel-heteluchtkanon-gac-110\/"},"modified":"2025-01-30T16:11:01","modified_gmt":"2025-01-30T15:11:01","slug":"chauffage-mobile-a-air-chaud-110kw","status":"publish","type":"product","link":"https:\/\/delta-temp.com\/fr_be\/produit\/chauffage-mobile-a-air-chaud-110kw\/","title":{"rendered":"Pistolet mobile \u00e0 air chaud GAC 110"},"content":{"rendered":"<p><span data-contrast=\"none\">Le GAC 110 est un puissant r\u00e9chauffeur d'air chaud mobile \u00e0 deux \u00e9tages d'une puissance maximale de 110 kW.<\/span><span data-ccp-props=\"{&quot;134233117&quot;:false,&quot;134233118&quot;:false,&quot;201341983&quot;:0,&quot;335551550&quot;:1,&quot;335551620&quot;:1,&quot;335559685&quot;:0,&quot;335559737&quot;:0,&quot;335559738&quot;:0,&quot;335559739&quot;:160,&quot;335559740&quot;:240}\">\u00a0<\/span><span data-contrast=\"none\">Cette unit\u00e9 mobile offre un rendement de 90% et un d\u00e9bit d'air pouvant atteindre 5 500 m\u00b3\/h. Dot\u00e9 d'un r\u00e9servoir interne de 135 litres, ce g\u00e9n\u00e9rateur d'air chaud au fioul fonctionne \u00e0 l'ext\u00e9rieur et fournit de l'air chaud par le biais de tuyaux d'air de 500 mm de diam\u00e8tre. Les tuyaux d'air peuvent atteindre une longueur maximale d'environ 50 m\u00e8tres.<\/span><span data-ccp-props=\"{&quot;134233117&quot;:false,&quot;134233118&quot;:false,&quot;201341983&quot;:0,&quot;335551550&quot;:1,&quot;335551620&quot;:1,&quot;335559685&quot;:0,&quot;335559737&quot;:0,&quot;335559738&quot;:0,&quot;335559739&quot;:160,&quot;335559740&quot;:240}\">\u00a0<\/span><\/p>\n<p><span data-contrast=\"none\">Ce pistolet \u00e0 air chaud est id\u00e9al pour chauffer efficacement les grandes salles et les tentes.<\/span><span data-ccp-props=\"{&quot;134233117&quot;:false,&quot;134233118&quot;:false,&quot;201341983&quot;:0,&quot;335551550&quot;:1,&quot;335551620&quot;:1,&quot;335559685&quot;:0,&quot;335559737&quot;:0,&quot;335559738&quot;:0,&quot;335559739&quot;:160,&quot;335559740&quot;:240}\">\u00a0<\/span><\/p>","protected":false},"excerpt":{"rendered":"<p>De GAC 110 is een krachtige tweetraps mobiele heteluchtverwarmer met een maximaal vermogen van 110 kW.\u00a0Deze mobiele unit biedt een rendement van 90% en heeft een luchtopbrengst van maximaal 5.500 m\u00b3\/h. Met een interne tank van 135 liter werkt deze oliegestookte heteluchtverwarming buiten, waarbij de warme lucht via luchtslangen met een diameter van 500 mm [&hellip;]<\/p>\n","protected":false},"featured_media":4723,"template":"","meta":{"_acf_changed":false},"characteristic":[],"producttype":[],"product_brand":[],"product_cat":[69,38],"product_tag":[],"class_list":{"0":"post-3050","1":"product","2":"type-product","3":"status-publish","4":"has-post-thumbnail","6":"product_cat-heater","7":"product_cat-heaters","9":"first","10":"instock","11":"taxable","12":"shipping-taxable","13":"product-type-simple"},"acf":[],"_links":{"self":[{"href":"https:\/\/delta-temp.com\/fr_be\/wp-json\/wp\/v2\/product\/3050","targetHints":{"allow":["GET"]}}],"collection":[{"href":"https:\/\/delta-temp.com\/fr_be\/wp-json\/wp\/v2\/product"}],"about":[{"href":"https:\/\/delta-temp.com\/fr_be\/wp-json\/wp\/v2\/types\/product"}],"wp:featuredmedia":[{"embeddable":true,"href":"https:\/\/delta-temp.com\/fr_be\/wp-json\/wp\/v2\/media\/4723"}],"wp:attachment":[{"href":"https:\/\/delta-temp.com\/fr_be\/wp-json\/wp\/v2\/media?parent=3050"}],"wp:term":[{"taxonomy":"characteristic","embeddable":true,"href":"https:\/\/delta-temp.com\/fr_be\/wp-json\/wp\/v2\/characteristic?post=3050"},{"taxonomy":"producttype","embeddable":true,"href":"https:\/\/delta-temp.com\/fr_be\/wp-json\/wp\/v2\/producttype?post=3050"},{"taxonomy":"product_brand","embeddable":true,"href":"https:\/\/delta-temp.com\/fr_be\/wp-json\/wp\/v2\/product_brand?post=3050"},{"taxonomy":"product_cat","embeddable":true,"href":"https:\/\/delta-temp.com\/fr_be\/wp-json\/wp\/v2\/product_cat?post=3050"},{"taxonomy":"product_tag","embeddable":true,"href":"https:\/\/delta-temp.com\/fr_be\/wp-json\/wp\/v2\/product_tag?post=3050"}],"curies":[{"name":"wp","href":"https:\/\/api.w.org\/{rel}","templated":true}]}}