{"id":3049,"date":"2024-12-19T10:20:39","date_gmt":"2024-12-19T09:20:39","guid":{"rendered":"https:\/\/deltatemp.digitalleader.dev\/product\/niet-gecategoriseerd\/mobiele-warmeluchtblazer-gac-18\/"},"modified":"2025-01-30T16:13:51","modified_gmt":"2025-01-30T15:13:51","slug":"souffleur-dair-chaud-mobile-18kw","status":"publish","type":"product","link":"https:\/\/delta-temp.com\/fr_be\/produit\/souffleur-dair-chaud-mobile-18kw\/","title":{"rendered":"Soufflerie d'air chaud mobile GAC 18"},"content":{"rendered":"<p><span data-contrast=\"none\">Le chauffage \u00e9lectrique mobile GAC 18 offre trois niveaux de puissance : 9 kW, 13,5 kW et 18 kW. Avec un d\u00e9bit d'air de 1 520 m\u00b3\/h et une pression externe de 110 Pascal, cet appareil est id\u00e9al pour diverses applications, telles que le chauffage mobile sur les chantiers, le chauffage de halls, le chauffage de tentes et le chauffage d'\u00e9v\u00e9nements. En outre, en combinaison avec des d\u00e9shumidificateurs, le GAC 18 peut \u00eatre utilis\u00e9 pour le s\u00e9chage de b\u00e2timents.\u00a0<\/span><span data-ccp-props=\"{&quot;134233117&quot;:false,&quot;134233118&quot;:false,&quot;201341983&quot;:0,&quot;335551550&quot;:1,&quot;335551620&quot;:1,&quot;335559685&quot;:0,&quot;335559737&quot;:0,&quot;335559738&quot;:0,&quot;335559739&quot;:0,&quot;335559740&quot;:240}\">\u00a0<\/span><\/p>\n<p><span data-contrast=\"none\">Le principe \"plug-and-play\" rend l'installation facile et s\u00fbre : il suffit de le brancher et vous \u00eates pr\u00eat \u00e0 chauffer rapidement. La flexibilit\u00e9 des trois niveaux de puissance permet \u00e0 ce radiateur \u00e9lectrique mobile de s'adapter \u00e0 diff\u00e9rentes tailles de pi\u00e8ces.\u00a0<\/span><span data-ccp-props=\"{&quot;134233117&quot;:false,&quot;134233118&quot;:false,&quot;201341983&quot;:0,&quot;335551550&quot;:1,&quot;335551620&quot;:1,&quot;335559685&quot;:0,&quot;335559737&quot;:0,&quot;335559738&quot;:0,&quot;335559739&quot;:0,&quot;335559740&quot;:240}\">\u00a0<\/span><\/p>\n<p><span data-contrast=\"none\">Besoin d'un chauffage temporaire ? Nos experts sont \u00e0 votre service 24 heures sur 24 et 7 jours sur 7.\u00a0<\/span><span data-ccp-props=\"{&quot;134233117&quot;:false,&quot;134233118&quot;:false,&quot;201341983&quot;:0,&quot;335551550&quot;:1,&quot;335551620&quot;:1,&quot;335559685&quot;:0,&quot;335559737&quot;:0,&quot;335559738&quot;:0,&quot;335559739&quot;:0,&quot;335559740&quot;:240}\">\u00a0<\/span><\/p>","protected":false},"excerpt":{"rendered":"<p>De GAC 18 mobiele elektrische verwarming biedt drie vermogensniveaus: 9 kW, 13,5 kW en 18 kW. Met een luchtstroom van 1.520 m\u00b3\/h en een externe druk van 110 Pascal is dit toestel ideaal voor diverse toepassingen, zoals mobiele verwarming op bouwplaatsen, halverwarming, tentverwarming en evenementenverwarming. Bovendien kan de GAC 18, in combinatie met luchtontvochtigers, worden [&hellip;]<\/p>\n","protected":false},"featured_media":4789,"template":"","meta":{"_acf_changed":false},"characteristic":[],"producttype":[],"product_brand":[],"product_cat":[69,38],"product_tag":[],"class_list":{"0":"post-3049","1":"product","2":"type-product","3":"status-publish","4":"has-post-thumbnail","6":"product_cat-heater","7":"product_cat-heaters","9":"first","10":"instock","11":"taxable","12":"shipping-taxable","13":"product-type-simple"},"acf":[],"_links":{"self":[{"href":"https:\/\/delta-temp.com\/fr_be\/wp-json\/wp\/v2\/product\/3049","targetHints":{"allow":["GET"]}}],"collection":[{"href":"https:\/\/delta-temp.com\/fr_be\/wp-json\/wp\/v2\/product"}],"about":[{"href":"https:\/\/delta-temp.com\/fr_be\/wp-json\/wp\/v2\/types\/product"}],"wp:featuredmedia":[{"embeddable":true,"href":"https:\/\/delta-temp.com\/fr_be\/wp-json\/wp\/v2\/media\/4789"}],"wp:attachment":[{"href":"https:\/\/delta-temp.com\/fr_be\/wp-json\/wp\/v2\/media?parent=3049"}],"wp:term":[{"taxonomy":"characteristic","embeddable":true,"href":"https:\/\/delta-temp.com\/fr_be\/wp-json\/wp\/v2\/characteristic?post=3049"},{"taxonomy":"producttype","embeddable":true,"href":"https:\/\/delta-temp.com\/fr_be\/wp-json\/wp\/v2\/producttype?post=3049"},{"taxonomy":"product_brand","embeddable":true,"href":"https:\/\/delta-temp.com\/fr_be\/wp-json\/wp\/v2\/product_brand?post=3049"},{"taxonomy":"product_cat","embeddable":true,"href":"https:\/\/delta-temp.com\/fr_be\/wp-json\/wp\/v2\/product_cat?post=3049"},{"taxonomy":"product_tag","embeddable":true,"href":"https:\/\/delta-temp.com\/fr_be\/wp-json\/wp\/v2\/product_tag?post=3049"}],"curies":[{"name":"wp","href":"https:\/\/api.w.org\/{rel}","templated":true}]}}