{"id":2670,"date":"2024-11-04T13:57:22","date_gmt":"2024-11-04T12:57:22","guid":{"rendered":"https:\/\/deltatemp.digitalleader.dev\/?post_type=product&#038;p=2670"},"modified":"2025-01-30T15:19:15","modified_gmt":"2025-01-30T14:19:15","slug":"breezer-mach-4","status":"publish","type":"product","link":"https:\/\/delta-temp.com\/fr_be\/produit\/breezer-mach-4\/","title":{"rendered":"Cong\u00e9lateur MACH 4"},"content":{"rendered":"<p>Ce refroidisseur adiabatique puissant et mobile, mont\u00e9 sur des roues robustes, a un d\u00e9bit d'air de pr\u00e8s de 24 000 m\u00b3\/h. Gr\u00e2ce \u00e0 son r\u00e9servoir d'eau interne de pas moins de 341 litres, cet appareil peut fonctionner de mani\u00e8re autonome pendant 5 jours (\u00e0 raison d'une utilisation moyenne de 10 \u00e0 12 heures par jour). Il suffit de le brancher et le tour est jou\u00e9.<\/p>\n<p>Le ventilateur oscille \u00e0 un angle de 70\u00b0, ce qui permet de refroidir une large gamme de produits. Gr\u00e2ce au ventilateur pliable, le Breezer est facile et compact \u00e0 ranger.<\/p>\n<p>Cette unit\u00e9 est id\u00e9ale pour le refroidissement de confort lors d'\u00e9v\u00e9nements, de grandes pi\u00e8ces o\u00f9 il y a beaucoup de chaleur rayonnante (provenant de fours, par exemple), d'ateliers et de stages,...<\/p>\n<p class=\"translation-block\">Contactez-nous au num\u00e9ro gratuit <a href=\"tel:080025256\" target=\"_self\">0800 25 25 6<\/a> ou via <a href=\"mailto:angebot@delta-temp.com\" target=\"_self\">email<\/a> pour plus d'informations.<\/p>","protected":false},"excerpt":{"rendered":"<p>Deze krachtige en mobiele adiabatische koeler op stevige wielen heeft een luchtdebiet van bijna 24.000 m\u00b3\/h. Dankzij de interne watertank van maar liefst 341 liter kan dit toestel tot 5 dagen autonoom werken (bij een gemiddelde gebruiksduur van 10-12 uren per dag). U hoeft enkel de stekker in te steken en klaar. De ventilator oscilleert [&hellip;]<\/p>\n","protected":false},"featured_media":2671,"template":"","meta":{"_acf_changed":false},"characteristic":[],"producttype":[32],"product_brand":[],"product_cat":[24],"product_tag":[],"class_list":{"0":"post-2670","1":"product","2":"type-product","3":"status-publish","4":"has-post-thumbnail","6":"producttype-verhuur","7":"product_cat-adiabatische-koeling","9":"first","10":"instock","11":"taxable","12":"shipping-taxable","13":"product-type-simple"},"acf":[],"_links":{"self":[{"href":"https:\/\/delta-temp.com\/fr_be\/wp-json\/wp\/v2\/product\/2670","targetHints":{"allow":["GET"]}}],"collection":[{"href":"https:\/\/delta-temp.com\/fr_be\/wp-json\/wp\/v2\/product"}],"about":[{"href":"https:\/\/delta-temp.com\/fr_be\/wp-json\/wp\/v2\/types\/product"}],"wp:featuredmedia":[{"embeddable":true,"href":"https:\/\/delta-temp.com\/fr_be\/wp-json\/wp\/v2\/media\/2671"}],"wp:attachment":[{"href":"https:\/\/delta-temp.com\/fr_be\/wp-json\/wp\/v2\/media?parent=2670"}],"wp:term":[{"taxonomy":"characteristic","embeddable":true,"href":"https:\/\/delta-temp.com\/fr_be\/wp-json\/wp\/v2\/characteristic?post=2670"},{"taxonomy":"producttype","embeddable":true,"href":"https:\/\/delta-temp.com\/fr_be\/wp-json\/wp\/v2\/producttype?post=2670"},{"taxonomy":"product_brand","embeddable":true,"href":"https:\/\/delta-temp.com\/fr_be\/wp-json\/wp\/v2\/product_brand?post=2670"},{"taxonomy":"product_cat","embeddable":true,"href":"https:\/\/delta-temp.com\/fr_be\/wp-json\/wp\/v2\/product_cat?post=2670"},{"taxonomy":"product_tag","embeddable":true,"href":"https:\/\/delta-temp.com\/fr_be\/wp-json\/wp\/v2\/product_tag?post=2670"}],"curies":[{"name":"wp","href":"https:\/\/api.w.org\/{rel}","templated":true}]}}