{"id":2221,"date":"2024-10-14T12:04:10","date_gmt":"2024-10-14T10:04:10","guid":{"rendered":"https:\/\/deltatemp.digitalleader.dev\/product\/niet-gecategoriseerd\/mobiele-rooftop-rft-100\/"},"modified":"2025-06-24T16:32:10","modified_gmt":"2025-06-24T14:32:10","slug":"pompe-a-chaleur-de-toit-rft100","status":"publish","type":"product","link":"https:\/\/delta-temp.com\/fr_be\/produit\/pompe-a-chaleur-de-toit-rft100\/","title":{"rendered":"Rooftop mobile RFT 100"},"content":{"rendered":"<p class=\"translation-block\"><span>Data-contrast=\"none\"&gt;Le RFT 100 <\/span><span data-contrast=\"auto\">kW est une solution polyvalente pour le refroidissement et le chauffage, id\u00e9ale pour l'\u00e9t\u00e9, l'hiver et l'entre-saison. Cette unit\u00e9 puissante est id\u00e9ale pour cr\u00e9er un climat int\u00e9rieur sain et agr\u00e9able dans divers environnements tels que les salles de travail, les zones de production, les entrep\u00f4ts, les tentes et les \u00e9v\u00e9nements.<\/span><span> <\/span>.<\/p>\n<p class=\"translation-block\"><span class=\"NormalTextRun SCXW75226204 BCX0\">Avec <\/span><span class=\"NormalTextRun SCXW75226204 BCX0\">l'assistance de <\/span><span class=\"NormalTextRun SCXW75226204 BCX0\">trois entr\u00e9es d'air, le RFT 100 aspire l'air frais ext\u00e9rieur et l'insuffle conditionn\u00e9 dans l'espace int\u00e9rieur par le biais de trois tuyaux d'air. <span class=\"NormalTextRun SCXW140298195 BCX0\">Avec un d\u00e9bit d'air de 19 000 m\u00b3\/h, l'unit\u00e9 assure un approvisionnement constant en air conditionn\u00e9. <\/span><span class=\"NormalTextRun SCXW140298195 BCX0\">L'installation est facile gr\u00e2ce aux tubes de fourche sous le ch\u00e2ssis et \u00e0 la prise 125A pour l'alimentation \u00e9lectrique. <\/span><\/span>Pour encore plus d'efficacit\u00e9, vous pouvez opter pour la recirculation de l'air, o\u00f9 l'air int\u00e9rieur trait\u00e9 est r\u00e9aspir\u00e9. Vous r\u00e9duisez ainsi votre consommation d'\u00e9nergie de mani\u00e8re optimale.<\/p>\n<p>&nbsp;<\/p>\n<p>&nbsp;<\/p>","protected":false},"excerpt":{"rendered":"<p>De RFT 100 kW is een veelzijdige oplossing voor zowel koelen als verwarmen, ideaal voor zowel zomer- als wintermaanden en het tussenseizoen. Deze krachtige unit is ideaal voor het cre\u00ebren van een gezond en aangenaam binnenklimaat in diverse omgevingen zoals werkhallen, productieruimtes, magazijnen, tenten en evenementen.\u00a0 Met behulp van drie luchtingangen zuigt de RFT 100 [&hellip;]<\/p>\n","protected":false},"featured_media":3547,"template":"","meta":{"_acf_changed":false},"characteristic":[],"producttype":[32],"product_brand":[],"product_cat":[26,30],"product_tag":[],"class_list":{"0":"post-2221","1":"product","2":"type-product","3":"status-publish","4":"has-post-thumbnail","6":"producttype-verhuur","7":"product_cat-mobiele-rooftop","8":"product_cat-mobiele-rooftops","10":"first","11":"instock","12":"product-type-simple"},"acf":[],"_links":{"self":[{"href":"https:\/\/delta-temp.com\/fr_be\/wp-json\/wp\/v2\/product\/2221","targetHints":{"allow":["GET"]}}],"collection":[{"href":"https:\/\/delta-temp.com\/fr_be\/wp-json\/wp\/v2\/product"}],"about":[{"href":"https:\/\/delta-temp.com\/fr_be\/wp-json\/wp\/v2\/types\/product"}],"wp:featuredmedia":[{"embeddable":true,"href":"https:\/\/delta-temp.com\/fr_be\/wp-json\/wp\/v2\/media\/3547"}],"wp:attachment":[{"href":"https:\/\/delta-temp.com\/fr_be\/wp-json\/wp\/v2\/media?parent=2221"}],"wp:term":[{"taxonomy":"characteristic","embeddable":true,"href":"https:\/\/delta-temp.com\/fr_be\/wp-json\/wp\/v2\/characteristic?post=2221"},{"taxonomy":"producttype","embeddable":true,"href":"https:\/\/delta-temp.com\/fr_be\/wp-json\/wp\/v2\/producttype?post=2221"},{"taxonomy":"product_brand","embeddable":true,"href":"https:\/\/delta-temp.com\/fr_be\/wp-json\/wp\/v2\/product_brand?post=2221"},{"taxonomy":"product_cat","embeddable":true,"href":"https:\/\/delta-temp.com\/fr_be\/wp-json\/wp\/v2\/product_cat?post=2221"},{"taxonomy":"product_tag","embeddable":true,"href":"https:\/\/delta-temp.com\/fr_be\/wp-json\/wp\/v2\/product_tag?post=2221"}],"curies":[{"name":"wp","href":"https:\/\/api.w.org\/{rel}","templated":true}]}}