{"id":2220,"date":"2024-10-14T12:04:10","date_gmt":"2024-10-14T10:04:10","guid":{"rendered":"https:\/\/deltatemp.digitalleader.dev\/product\/niet-gecategoriseerd\/mobiele-rooftop-rft-50\/"},"modified":"2025-06-24T16:24:19","modified_gmt":"2025-06-24T14:24:19","slug":"toit-mobile-rft-50","status":"publish","type":"product","link":"https:\/\/delta-temp.com\/fr_be\/produit\/toit-mobile-rft-50\/","title":{"rendered":"Rooftop mobile RFT 50"},"content":{"rendered":"<p>Chez Delta-Temp, nous proposons un syst\u00e8me de climatisation de toit puissant et polyvalent, id\u00e9al pour refroidir, chauffer et ventiler des pi\u00e8ces de taille moyenne. Cette unit\u00e9 introduit l'air frais ext\u00e9rieur par deux entr\u00e9es d'air de 500 mm et souffle efficacement l'air trait\u00e9 dans la pi\u00e8ce. Vous b\u00e9n\u00e9ficiez ainsi d'un apport constant d'air frais pour un climat int\u00e9rieur agr\u00e9able et sain.<\/p>\n<p>L'unit\u00e9 de toit RFT 50 offre une capacit\u00e9 de refroidissement de 53 kW et une capacit\u00e9 de chauffage de 34 kW, avec un d\u00e9bit d'air de 10 000 m\u00b3\/h. Seule une prise de 63A est n\u00e9cessaire pour l'alimentation \u00e9lectrique, ce qui facilite l'installation. Gr\u00e2ce aux tubes de fourche du ch\u00e2ssis, l'unit\u00e9 est \u00e9galement facile \u00e0 d\u00e9placer et imm\u00e9diatement d\u00e9ployable, ce qui vous permet d'\u00e9conomiser du temps et des efforts.<\/p>","protected":false},"excerpt":{"rendered":"<p>Bij Delta-Temp bieden we een krachtig en veelzijdig rooftop klimatisatiesysteem aan, ideaal voor het koelen, verwarmen en ventileren van middelgrote ruimtes. Deze unit brengt verse buitenlucht binnen via twee 500 mm-luchtingangen en blaast de behandelde lucht effici\u00ebnt de ruimte in. Zo geniet u altijd van een constante aanvoer van frisse lucht voor een aangenaam en [&hellip;]<\/p>\n","protected":false},"featured_media":1755,"template":"","meta":{"_acf_changed":false},"characteristic":[],"producttype":[32],"product_brand":[],"product_cat":[26],"product_tag":[],"class_list":{"0":"post-2220","1":"product","2":"type-product","3":"status-publish","4":"has-post-thumbnail","6":"producttype-verhuur","7":"product_cat-mobiele-rooftop","9":"first","10":"instock","11":"product-type-simple"},"acf":[],"_links":{"self":[{"href":"https:\/\/delta-temp.com\/fr_be\/wp-json\/wp\/v2\/product\/2220","targetHints":{"allow":["GET"]}}],"collection":[{"href":"https:\/\/delta-temp.com\/fr_be\/wp-json\/wp\/v2\/product"}],"about":[{"href":"https:\/\/delta-temp.com\/fr_be\/wp-json\/wp\/v2\/types\/product"}],"wp:featuredmedia":[{"embeddable":true,"href":"https:\/\/delta-temp.com\/fr_be\/wp-json\/wp\/v2\/media\/1755"}],"wp:attachment":[{"href":"https:\/\/delta-temp.com\/fr_be\/wp-json\/wp\/v2\/media?parent=2220"}],"wp:term":[{"taxonomy":"characteristic","embeddable":true,"href":"https:\/\/delta-temp.com\/fr_be\/wp-json\/wp\/v2\/characteristic?post=2220"},{"taxonomy":"producttype","embeddable":true,"href":"https:\/\/delta-temp.com\/fr_be\/wp-json\/wp\/v2\/producttype?post=2220"},{"taxonomy":"product_brand","embeddable":true,"href":"https:\/\/delta-temp.com\/fr_be\/wp-json\/wp\/v2\/product_brand?post=2220"},{"taxonomy":"product_cat","embeddable":true,"href":"https:\/\/delta-temp.com\/fr_be\/wp-json\/wp\/v2\/product_cat?post=2220"},{"taxonomy":"product_tag","embeddable":true,"href":"https:\/\/delta-temp.com\/fr_be\/wp-json\/wp\/v2\/product_tag?post=2220"}],"curies":[{"name":"wp","href":"https:\/\/api.w.org\/{rel}","templated":true}]}}