{"id":2218,"date":"2024-10-14T12:04:10","date_gmt":"2024-10-14T10:04:10","guid":{"rendered":"https:\/\/deltatemp.digitalleader.dev\/product\/niet-gecategoriseerd\/low-temp-unit-25kw\/"},"modified":"2025-06-24T16:23:45","modified_gmt":"2025-06-24T14:23:45","slug":"unite-basse-temperature-25kw","status":"publish","type":"product","link":"https:\/\/delta-temp.com\/fr_be\/produit\/unite-basse-temperature-25kw\/","title":{"rendered":"Unit\u00e9 basse temp\u00e9rature 25 kW"},"content":{"rendered":"<p>Vous recherchez un syst\u00e8me de refroidissement mobile fiable jusqu'\u00e0 -10 \u00b0C ? Nos unit\u00e9s basse temp\u00e9rature de 25 kW sont id\u00e9ales pour une utilisation en int\u00e9rieur et refroidissent les pi\u00e8ces jusqu'\u00e0 -10 \u00b0C. La chaleur est achemin\u00e9e via un condenseur interne refroidi \u00e0 l'eau vers un refroidisseur externe (AHU100) situ\u00e9 \u00e0 l'ext\u00e9rieur. Gr\u00e2ce aux connecteurs rapides (63A), les unit\u00e9s sont faciles \u00e0 installer et \u00e0 utiliser.<\/p>\n<p>Avec une distance flexible de 50 m\u00e8tres entre l'unit\u00e9 basse temp\u00e9rature et l'unit\u00e9 de traitement de l'air, ces machines peuvent \u00eatre utilis\u00e9es dans diff\u00e9rentes configurations. Elles offrent \u00e0 la fois un refroidissement n\u00e9gatif et positif et conviennent \u00e0 des espaces allant jusqu'\u00e0 400m\u00b2 (en fonction de la charge thermique). Elles sont parfaites pour des secteurs tels que l'industrie alimentaire o\u00f9 les basses temp\u00e9ratures sont essentielles.<\/p>","protected":false},"excerpt":{"rendered":"<p>Op zoek naar betrouwbare mobiele koeling tot -10 \u00b0C? Onze 25 kW low-temp units zijn ideaal voor binnenshuis en koelen ruimtes tot -10 \u00b0C. Warmte wordt via een interne watergekoelde condensor naar een externe freecooler (AHU100) buiten geleid. Dankzij snelkoppelingen (63A) zijn de units eenvoudig te installeren en operationeel. Met een flexibele afstand van 50 [&hellip;]<\/p>\n","protected":false},"featured_media":2711,"template":"","meta":{"_acf_changed":false},"characteristic":[],"producttype":[],"product_brand":[],"product_cat":[27],"product_tag":[],"class_list":{"0":"post-2218","1":"product","2":"type-product","3":"status-publish","4":"has-post-thumbnail","6":"product_cat-low-temp-units","8":"first","9":"instock","10":"product-type-simple"},"acf":[],"_links":{"self":[{"href":"https:\/\/delta-temp.com\/fr_be\/wp-json\/wp\/v2\/product\/2218","targetHints":{"allow":["GET"]}}],"collection":[{"href":"https:\/\/delta-temp.com\/fr_be\/wp-json\/wp\/v2\/product"}],"about":[{"href":"https:\/\/delta-temp.com\/fr_be\/wp-json\/wp\/v2\/types\/product"}],"wp:featuredmedia":[{"embeddable":true,"href":"https:\/\/delta-temp.com\/fr_be\/wp-json\/wp\/v2\/media\/2711"}],"wp:attachment":[{"href":"https:\/\/delta-temp.com\/fr_be\/wp-json\/wp\/v2\/media?parent=2218"}],"wp:term":[{"taxonomy":"characteristic","embeddable":true,"href":"https:\/\/delta-temp.com\/fr_be\/wp-json\/wp\/v2\/characteristic?post=2218"},{"taxonomy":"producttype","embeddable":true,"href":"https:\/\/delta-temp.com\/fr_be\/wp-json\/wp\/v2\/producttype?post=2218"},{"taxonomy":"product_brand","embeddable":true,"href":"https:\/\/delta-temp.com\/fr_be\/wp-json\/wp\/v2\/product_brand?post=2218"},{"taxonomy":"product_cat","embeddable":true,"href":"https:\/\/delta-temp.com\/fr_be\/wp-json\/wp\/v2\/product_cat?post=2218"},{"taxonomy":"product_tag","embeddable":true,"href":"https:\/\/delta-temp.com\/fr_be\/wp-json\/wp\/v2\/product_tag?post=2218"}],"curies":[{"name":"wp","href":"https:\/\/api.w.org\/{rel}","templated":true}]}}