{"id":2217,"date":"2024-10-14T12:04:10","date_gmt":"2024-10-14T10:04:10","guid":{"rendered":"https:\/\/deltatemp.digitalleader.dev\/product\/niet-gecategoriseerd\/adiabatische-koeler-vc16\/"},"modified":"2025-01-30T15:16:16","modified_gmt":"2025-01-30T14:16:16","slug":"refroidisseur-adiabatique-vc16","status":"publish","type":"product","link":"https:\/\/delta-temp.com\/fr_be\/produit\/refroidisseur-adiabatique-vc16\/","title":{"rendered":"Refroidisseur adiabatique VC16"},"content":{"rendered":"<p>Ce refroidisseur adiabatique efficace, avec un d\u00e9bit d'air de 16 500 m\u00b3\/h, est capable de refroidir des pi\u00e8ces allant jusqu'\u00e0 250 m\u00b2. En fonction des conditions ambiantes, ce refroidissement peut r\u00e9duire le refroidissement \u00e9olien de 5 \u00b0C \u00e0 10 \u00b0C.<\/p>\n<p>Le VCA6 est le choix id\u00e9al pour les endroits o\u00f9 les climatiseurs traditionnels ne sont tout simplement pas pratiques ou trop chers, tels que les halls d'usine, les entrep\u00f4ts, les ateliers, les installations sportives, les lieux d'\u00e9v\u00e9nements et m\u00eame les bo\u00eetes de nuit.<\/p>\n<p>De plus, l'installation de ce refroidisseur est tr\u00e8s facile gr\u00e2ce \u00e0 sa conception plug-and-play ! Vous souhaitez louer le VC16 ? Nos techniciens certifi\u00e9s sont pr\u00eats \u00e0 vous aider \u00e0 mettre au point une solution de climatisation sur mesure r\u00e9pondant \u00e0 vos besoins exacts.<\/p>","protected":false},"excerpt":{"rendered":"<p>Deze effici\u00ebnte adiabatische koeler, met een luchtdebiet van 16.500 m\u00b3\/u, is in staat om ruimtes tot 250 m\u00b2 te verkoelen. Afhankelijk van de omgevingsfactoren, kan deze koeling de gevoelstemperatuur met 5 \u00b0C tot 10 \u00b0C verlagen. De VCA6 is de ideale keuze voor plekken waar traditionele airco\u2019s simpelweg niet praktisch of te duur zijn, zoals [&hellip;]<\/p>\n","protected":false},"featured_media":1616,"template":"","meta":{"_acf_changed":false},"characteristic":[],"producttype":[32],"product_brand":[],"product_cat":[20,24],"product_tag":[],"class_list":{"0":"post-2217","1":"product","2":"type-product","3":"status-publish","4":"has-post-thumbnail","6":"producttype-verhuur","7":"product_cat-koeling","8":"product_cat-adiabatische-koeling","10":"first","11":"instock","12":"product-type-simple"},"acf":[],"_links":{"self":[{"href":"https:\/\/delta-temp.com\/fr_be\/wp-json\/wp\/v2\/product\/2217","targetHints":{"allow":["GET"]}}],"collection":[{"href":"https:\/\/delta-temp.com\/fr_be\/wp-json\/wp\/v2\/product"}],"about":[{"href":"https:\/\/delta-temp.com\/fr_be\/wp-json\/wp\/v2\/types\/product"}],"wp:featuredmedia":[{"embeddable":true,"href":"https:\/\/delta-temp.com\/fr_be\/wp-json\/wp\/v2\/media\/1616"}],"wp:attachment":[{"href":"https:\/\/delta-temp.com\/fr_be\/wp-json\/wp\/v2\/media?parent=2217"}],"wp:term":[{"taxonomy":"characteristic","embeddable":true,"href":"https:\/\/delta-temp.com\/fr_be\/wp-json\/wp\/v2\/characteristic?post=2217"},{"taxonomy":"producttype","embeddable":true,"href":"https:\/\/delta-temp.com\/fr_be\/wp-json\/wp\/v2\/producttype?post=2217"},{"taxonomy":"product_brand","embeddable":true,"href":"https:\/\/delta-temp.com\/fr_be\/wp-json\/wp\/v2\/product_brand?post=2217"},{"taxonomy":"product_cat","embeddable":true,"href":"https:\/\/delta-temp.com\/fr_be\/wp-json\/wp\/v2\/product_cat?post=2217"},{"taxonomy":"product_tag","embeddable":true,"href":"https:\/\/delta-temp.com\/fr_be\/wp-json\/wp\/v2\/product_tag?post=2217"}],"curies":[{"name":"wp","href":"https:\/\/api.w.org\/{rel}","templated":true}]}}