{"id":2215,"date":"2024-10-14T12:04:10","date_gmt":"2024-10-14T10:04:10","guid":{"rendered":"https:\/\/deltatemp.digitalleader.dev\/product\/niet-gecategoriseerd\/cool-force-7\/"},"modified":"2025-06-24T16:12:25","modified_gmt":"2025-06-24T14:12:25","slug":"cool-force-7","status":"publish","type":"product","link":"https:\/\/delta-temp.com\/fr_be\/produit\/cool-force-7\/","title":{"rendered":"Cool Force 7"},"content":{"rendered":"<p>D\u00e9couvrez le Cool Force 7 avec un d\u00e9bit d'air de 22 000 m\u00b3\/h, id\u00e9al pour le refroidissement ponctuel de pi\u00e8ces jusqu'\u00e0 330 m\u00b2. L'unit\u00e9 fonctionne selon le processus de refroidissement adiabatique et a un niveau sonore de seulement 67dB. Gr\u00e2ce aux pales oscillantes automatiques, l'air refroidi est r\u00e9parti de mani\u00e8re homog\u00e8ne. Le refroidisseur consomme de 12 \u00e0 18 litres d'eau par heure et dispose d'un r\u00e9servoir d'eau de 120 litres avec un raccord de tuyau de \u00bd pouce. Une lampe UV combat les virus et les bact\u00e9ries, et des roues robustes facilitent le d\u00e9placement.<\/p>\n<p>Ce refroidisseur par \u00e9vaporation peut \u00eatre utilis\u00e9 dans des espaces ferm\u00e9s ou ouverts. Il peut s'agir de zones de stockage, de halls de travail, de zones de production, d'\u00e9v\u00e9nements, de centres de tri, de gymnases, de salles de sport, de salles d'\u00e9levage et m\u00eame de discoth\u00e8ques.<\/p>\n<p>&nbsp;<\/p>","protected":false},"excerpt":{"rendered":"<p>Ontdek de Cool Force 7 met een luchtdebiet van 22.000 m\u00b3\/h, ideaal voor spot-cooling van ruimtes tot 330 m\u00b2. De unit werkt volgens het adiabatische koelingproces en heeft een geluidsniveau van slechts 67dB. Dankzij de automatische zwenkende lamellen wordt de gekoelde lucht gelijkmatig verdeeld. De koeler verbruikt 12-18L water per uur en heeft een 120L [&hellip;]<\/p>\n","protected":false},"featured_media":2483,"template":"","meta":{"_acf_changed":false},"characteristic":[],"producttype":[32],"product_brand":[],"product_cat":[24],"product_tag":[],"class_list":{"0":"post-2215","1":"product","2":"type-product","3":"status-publish","4":"has-post-thumbnail","6":"producttype-verhuur","7":"product_cat-adiabatische-koeling","9":"first","10":"instock","11":"product-type-simple"},"acf":[],"_links":{"self":[{"href":"https:\/\/delta-temp.com\/fr_be\/wp-json\/wp\/v2\/product\/2215","targetHints":{"allow":["GET"]}}],"collection":[{"href":"https:\/\/delta-temp.com\/fr_be\/wp-json\/wp\/v2\/product"}],"about":[{"href":"https:\/\/delta-temp.com\/fr_be\/wp-json\/wp\/v2\/types\/product"}],"wp:featuredmedia":[{"embeddable":true,"href":"https:\/\/delta-temp.com\/fr_be\/wp-json\/wp\/v2\/media\/2483"}],"wp:attachment":[{"href":"https:\/\/delta-temp.com\/fr_be\/wp-json\/wp\/v2\/media?parent=2215"}],"wp:term":[{"taxonomy":"characteristic","embeddable":true,"href":"https:\/\/delta-temp.com\/fr_be\/wp-json\/wp\/v2\/characteristic?post=2215"},{"taxonomy":"producttype","embeddable":true,"href":"https:\/\/delta-temp.com\/fr_be\/wp-json\/wp\/v2\/producttype?post=2215"},{"taxonomy":"product_brand","embeddable":true,"href":"https:\/\/delta-temp.com\/fr_be\/wp-json\/wp\/v2\/product_brand?post=2215"},{"taxonomy":"product_cat","embeddable":true,"href":"https:\/\/delta-temp.com\/fr_be\/wp-json\/wp\/v2\/product_cat?post=2215"},{"taxonomy":"product_tag","embeddable":true,"href":"https:\/\/delta-temp.com\/fr_be\/wp-json\/wp\/v2\/product_tag?post=2215"}],"curies":[{"name":"wp","href":"https:\/\/api.w.org\/{rel}","templated":true}]}}