{"id":2214,"date":"2024-10-14T12:04:06","date_gmt":"2024-10-14T10:04:06","guid":{"rendered":"https:\/\/deltatemp.digitalleader.dev\/product\/niet-gecategoriseerd\/airco-ac-10-h\/"},"modified":"2025-06-24T16:10:40","modified_gmt":"2025-06-24T14:10:40","slug":"airco-ac-10-h","status":"publish","type":"product","link":"https:\/\/delta-temp.com\/fr_be\/produit\/airco-ac-10-h\/","title":{"rendered":"Climatiseur AC 10 H"},"content":{"rendered":"<p>Climatiseur industriel mobile avec une capacit\u00e9 de chauffage et de refroidissement de 10 kW et un d\u00e9bit d'air de 1450 m\u00b3\/h et une alimentation \u00e9lectrique de 230V. Le bo\u00eetier m\u00e9tallique robuste, \u00e9quip\u00e9 de tubes de fourche, de roues industrielles et de poign\u00e9es de transport, est parfait pour les conditions difficiles et facilite le d\u00e9placement du climatiseur.<\/p>\n<p>Avec une capacit\u00e9 de d\u00e9shumidification de 180 litres par jour, l'unit\u00e9 de climatisation AC 10 H est id\u00e9ale pour le s\u00e9chage des b\u00e2timents. L'air froid est distribu\u00e9 efficacement gr\u00e2ce aux plaques d'adaptation pour les tuyaux d'air de 300 mm et la commande du thermostat permet de passer sans effort du refroidissement au chauffage.<\/p>\n<p>Qu'il s'agisse de salles de serveurs, d'\u00e9v\u00e9nements, de zones de stockage ou de vente, de zones de production ou d'ateliers, ce climatiseur polyvalent est la solution id\u00e9ale pour tous vos besoins de refroidissement et de chauffage.<\/p>","protected":false},"excerpt":{"rendered":"<p>Mobiele industri\u00eble airconditioning met een verwarmings- en koelcapaciteit van 10 kW en een luchtstroomsnelheid van 1450 m\u00b3\/h en een 230V-voeding. De stevige metalen behuizing, uitgerust met vorkkokers, industri\u00eble wielen en transporthandgrepen, maakt hem perfect voor zware omstandigheden en zorgt ervoor dat de airco eenvoudig te verplaatsen is. Met een ontvochtigingscapaciteit van 180 liter per dag [&hellip;]<\/p>\n","protected":false},"featured_media":2667,"template":"","meta":{"_acf_changed":false},"characteristic":[],"producttype":[32],"product_brand":[],"product_cat":[23],"product_tag":[],"class_list":{"0":"post-2214","1":"product","2":"type-product","3":"status-publish","4":"has-post-thumbnail","6":"producttype-verhuur","7":"product_cat-mobiele-airco","9":"first","10":"instock","11":"product-type-simple"},"acf":[],"_links":{"self":[{"href":"https:\/\/delta-temp.com\/fr_be\/wp-json\/wp\/v2\/product\/2214","targetHints":{"allow":["GET"]}}],"collection":[{"href":"https:\/\/delta-temp.com\/fr_be\/wp-json\/wp\/v2\/product"}],"about":[{"href":"https:\/\/delta-temp.com\/fr_be\/wp-json\/wp\/v2\/types\/product"}],"wp:featuredmedia":[{"embeddable":true,"href":"https:\/\/delta-temp.com\/fr_be\/wp-json\/wp\/v2\/media\/2667"}],"wp:attachment":[{"href":"https:\/\/delta-temp.com\/fr_be\/wp-json\/wp\/v2\/media?parent=2214"}],"wp:term":[{"taxonomy":"characteristic","embeddable":true,"href":"https:\/\/delta-temp.com\/fr_be\/wp-json\/wp\/v2\/characteristic?post=2214"},{"taxonomy":"producttype","embeddable":true,"href":"https:\/\/delta-temp.com\/fr_be\/wp-json\/wp\/v2\/producttype?post=2214"},{"taxonomy":"product_brand","embeddable":true,"href":"https:\/\/delta-temp.com\/fr_be\/wp-json\/wp\/v2\/product_brand?post=2214"},{"taxonomy":"product_cat","embeddable":true,"href":"https:\/\/delta-temp.com\/fr_be\/wp-json\/wp\/v2\/product_cat?post=2214"},{"taxonomy":"product_tag","embeddable":true,"href":"https:\/\/delta-temp.com\/fr_be\/wp-json\/wp\/v2\/product_tag?post=2214"}],"curies":[{"name":"wp","href":"https:\/\/api.w.org\/{rel}","templated":true}]}}