{"id":2213,"date":"2024-10-14T12:04:06","date_gmt":"2024-10-14T10:04:06","guid":{"rendered":"https:\/\/deltatemp.digitalleader.dev\/product\/niet-gecategoriseerd\/airco-ac-10-evo\/"},"modified":"2025-06-24T15:54:54","modified_gmt":"2025-06-24T13:54:54","slug":"climatiseur-ac-10-evo","status":"publish","type":"product","link":"https:\/\/delta-temp.com\/fr_be\/produit\/climatiseur-ac-10-evo\/","title":{"rendered":"Climatiseur AC 10 EVO"},"content":{"rendered":"<p class=\"translation-block\"><span class=\"TextRun SCXW121709747 BCX0\" lang=\"NL-BE\" data-contrast=\"auto\"><span class=\"NormalTextRun SCXW121709747 BCX0\">Le <\/span><span class=\"NormalTextRun SCXW121709747 BCX0\">AC 10 EVO<\/span><span class=\"NormalTextRun SCXW121709747 BCX0\">est un<\/span><span class=\"NormalTextRun SCXW121709747 BCX0\">m\u00e9daill\u00e9 <\/span><span class=\"NormalTextRun SpellingErrorV2Themed SCXW121709747 BCX0\">monoblo<\/span><span class=\"NormalTextRun SpellingErrorV2Themed SCXW121709747 BCX0\">ck<\/span><span class=\"NormalTextRun SCXW121709747 BCX0\">air conditionn\u00e9 <\/span><span class=\"NormalTextRun SCXW121709747 BCX0\">id\u00e9al pour les installations ext\u00e9rieures et assure \u00e0 la fois le refroidissement et le chauffage avec une <\/span><span class=\"NormalTextRun SCXW121709747 BCX0\">capacit\u00e9 de refroidissement et de chauffage <\/span><span class=\"NormalTextRun SCXW121709747 BCX0\">capacit\u00e9 de refroidissement et de chauffage <\/span>&lt;span et de chauffage <\/span><span class=\"NormalTextRun SCXW121709747 BCX0\">de 11 kW. Le climatiseur peut abaisser la temp\u00e9rature d'une pi\u00e8ce <\/span><span class=\"NormalTextRun SCXW121709747 BCX0\">jusqu'\u00e0<\/span><span class=\"NormalTextRun SCXW121709747 BCX0\">10 \u00b0C et offre une atmosph\u00e8re confortable quelles que soient les conditions.<\/span><\/span><span class=\"EOP SCXW121709747 BCX0\"> <\/span>.<\/p>\n<p class=\"translation-block\"><span class=\"TextRun SCXW17463371 BCX0\" lang=\"NL-BE\" xml:lang=\"NL-BE\" data-contrast=\"none\"><span class=\"NormalTextRun SCXW17463371 BCX0\">D<\/span><\/span><\/span><span class=\"TextRun SCXW17463371 BCX0\" lang=\"NL-BE\" data-contrast=\"auto\"><span class=\"NormalTextRun SCXW17463371 BCX0\">l'AC 10 EVO est dot\u00e9 d'une <\/span><span class=\"NormalTextRun SCXW17463371 BCX0\">prise de courant 230Vqui rend l'appareil <\/span><span class=\"NormalTextRun SCXW17463371 BCX0\">facile \u00e0 brancher <\/span><span class=\"NormalTextRun SCXW17463371 BCX0\">est <\/span><span class=\"NormalTextRun SCXW17463371 BCX0\">est <\/span><span class=\"NormalTextRun SCXW17463371 BCX0\">et peut \u00eatre utilis\u00e9 n'importe o\u00f9. Dot\u00e9 d'un tuyau d'air de 300 mm de diam\u00e8tre, l'appareil souffle efficacement de l'air dans la pi\u00e8ce. <\/span><span class=\"NormalTextRun SCXW17463371 BCX0\">Le puissant ventilateur d\u00e9livre un d\u00e9bit d'air de 2200 m\u00b3\/h et assure une distribution uniforme de l'air refroidi ou chauff\u00e9. <\/span><\/span><\/p>\n<p class=\"translation-block\"><span class=\"TextRun SCXW260417865 BCX0\" lang=\"NL-BE\" xml:lang=\"NL-BE\" data-contrast=\"auto\"><span class=\"NormalTextRun SCXW260417865 BCX0\">L'AC 10 EVO est sp\u00e9cialement con\u00e7u pour une installation rapide et un fonctionnement imm\u00e9diat. Que vous ayez besoin de refroidir ou de chauffer un bureau, une tente, une vitrine, une salle de serveurs ou un gymnase, ce climatiseur offre la solution fiable que <\/span><span class=\"NormalTextRun SCXW260417865 BCX0\">vous <\/span><span class=\"NormalTextRun SCXW260417865 BCX0\">recherchez.<\/span><\/span><span class=\"EOP SCXW260417865 BCX0\"> <\/span><\/p>","protected":false},"excerpt":{"rendered":"<p>De AC 10 EVO is een robuuste monoblock airco ideaal voor buitenopstellingen en biedt zowel koeling als verwarming met een koel- en warmtevermogen van 11 kW. De airco kan de temperatuur in een ruimte verlagen met maximum 10 \u00b0C en zorgt voor een comfortabele atmosfeer, ongeacht de omstandigheden.\u00a0 De AC 10 EVO beschikt over een [&hellip;]<\/p>\n","protected":false},"featured_media":2512,"template":"","meta":{"_acf_changed":false},"characteristic":[],"producttype":[32],"product_brand":[],"product_cat":[23],"product_tag":[],"class_list":{"0":"post-2213","1":"product","2":"type-product","3":"status-publish","4":"has-post-thumbnail","6":"producttype-verhuur","7":"product_cat-mobiele-airco","9":"first","10":"instock","11":"product-type-simple"},"acf":[],"_links":{"self":[{"href":"https:\/\/delta-temp.com\/fr_be\/wp-json\/wp\/v2\/product\/2213","targetHints":{"allow":["GET"]}}],"collection":[{"href":"https:\/\/delta-temp.com\/fr_be\/wp-json\/wp\/v2\/product"}],"about":[{"href":"https:\/\/delta-temp.com\/fr_be\/wp-json\/wp\/v2\/types\/product"}],"wp:featuredmedia":[{"embeddable":true,"href":"https:\/\/delta-temp.com\/fr_be\/wp-json\/wp\/v2\/media\/2512"}],"wp:attachment":[{"href":"https:\/\/delta-temp.com\/fr_be\/wp-json\/wp\/v2\/media?parent=2213"}],"wp:term":[{"taxonomy":"characteristic","embeddable":true,"href":"https:\/\/delta-temp.com\/fr_be\/wp-json\/wp\/v2\/characteristic?post=2213"},{"taxonomy":"producttype","embeddable":true,"href":"https:\/\/delta-temp.com\/fr_be\/wp-json\/wp\/v2\/producttype?post=2213"},{"taxonomy":"product_brand","embeddable":true,"href":"https:\/\/delta-temp.com\/fr_be\/wp-json\/wp\/v2\/product_brand?post=2213"},{"taxonomy":"product_cat","embeddable":true,"href":"https:\/\/delta-temp.com\/fr_be\/wp-json\/wp\/v2\/product_cat?post=2213"},{"taxonomy":"product_tag","embeddable":true,"href":"https:\/\/delta-temp.com\/fr_be\/wp-json\/wp\/v2\/product_tag?post=2213"}],"curies":[{"name":"wp","href":"https:\/\/api.w.org\/{rel}","templated":true}]}}