{"id":2211,"date":"2024-10-14T12:04:06","date_gmt":"2024-10-14T10:04:06","guid":{"rendered":"https:\/\/deltatemp.digitalleader.dev\/product\/niet-gecategoriseerd\/mobiele-spot-airco-ac7-0\/"},"modified":"2025-06-24T15:49:51","modified_gmt":"2025-06-24T13:49:51","slug":"climatiseur-mobile-spot-ac7-0","status":"publish","type":"product","link":"https:\/\/delta-temp.com\/fr_be\/produit\/climatiseur-mobile-spot-ac7-0\/","title":{"rendered":"Climatiseur mobile AC7.0"},"content":{"rendered":"<p><span data-contrast=\"auto\">Le spot cooler AC 7.0 a une capacit\u00e9 de refroidissement de 7,1 kW et est id\u00e9al pour refroidir des pi\u00e8ces jusqu'\u00e0 250 m\u00b3, telles que des salles de serveurs, des \u00e9quipements industriels et des ateliers. Gr\u00e2ce \u00e0 sa prise 230V, l'appareil peut \u00eatre utilis\u00e9 de mani\u00e8re flexible dans diff\u00e9rents endroits. Avec deux r\u00e9glages de ventilateur, offrant des d\u00e9bits d'air de 800 m\u00b3\/h et 1020 m\u00b3\/h, vous pouvez facilement r\u00e9gler le refroidissement souhait\u00e9 via le panneau de commande. Le climatiseur est \u00e9galement facile \u00e0 d\u00e9placer et les sorties d'air flexibles, extensibles et directionnelles garantissent un refroidissement cibl\u00e9 exactement l\u00e0 o\u00f9 il est n\u00e9cessaire.<\/span><span data-ccp-props=\"{&quot;134233117&quot;:true,&quot;134233118&quot;:true,&quot;201341983&quot;:0,&quot;335559740&quot;:279}\">\u00a0<\/span><\/p>\n<p><span data-contrast=\"auto\">Le spot cooler est un mod\u00e8le monobloc qui expulse l'air chaud par un tuyau d'air d'une longueur maximale de 10 m\u00e8tres. L'eau de condensation est recueillie dans un r\u00e9servoir d'eau interne de 20 litres, qui peut \u00eatre vid\u00e9 manuellement ou automatiquement \u00e0 l'aide d'un raccord Gardena.<\/span><span data-ccp-props=\"{&quot;134233117&quot;:false,&quot;134233118&quot;:false,&quot;201341983&quot;:0,&quot;335559738&quot;:240,&quot;335559739&quot;:240,&quot;335559740&quot;:279}\">\u00a0<\/span><\/p>","protected":false},"excerpt":{"rendered":"<p>De spot cooler AC 7.0 heeft een koelvermogen van 7.1 kW en is ideaal voor het koelen van ruimtes tot 250 m\u00b3, zoals serverruimtes, industri\u00eble apparatuur en werkplaatsen. Dankzij de 230V-stekker is de unit flexibel inzetbaar op verschillende locaties. Met twee ventilatorinstellingen, die luchtdebieten van 800 m\u00b3\/h en 1020 m\u00b3\/h bieden, kunt u eenvoudig de [&hellip;]<\/p>\n","protected":false},"featured_media":4603,"template":"","meta":{"_acf_changed":false},"characteristic":[],"producttype":[32],"product_brand":[],"product_cat":[23],"product_tag":[],"class_list":{"0":"post-2211","1":"product","2":"type-product","3":"status-publish","4":"has-post-thumbnail","6":"producttype-verhuur","7":"product_cat-mobiele-airco","9":"first","10":"instock","11":"product-type-simple"},"acf":[],"_links":{"self":[{"href":"https:\/\/delta-temp.com\/fr_be\/wp-json\/wp\/v2\/product\/2211","targetHints":{"allow":["GET"]}}],"collection":[{"href":"https:\/\/delta-temp.com\/fr_be\/wp-json\/wp\/v2\/product"}],"about":[{"href":"https:\/\/delta-temp.com\/fr_be\/wp-json\/wp\/v2\/types\/product"}],"wp:featuredmedia":[{"embeddable":true,"href":"https:\/\/delta-temp.com\/fr_be\/wp-json\/wp\/v2\/media\/4603"}],"wp:attachment":[{"href":"https:\/\/delta-temp.com\/fr_be\/wp-json\/wp\/v2\/media?parent=2211"}],"wp:term":[{"taxonomy":"characteristic","embeddable":true,"href":"https:\/\/delta-temp.com\/fr_be\/wp-json\/wp\/v2\/characteristic?post=2211"},{"taxonomy":"producttype","embeddable":true,"href":"https:\/\/delta-temp.com\/fr_be\/wp-json\/wp\/v2\/producttype?post=2211"},{"taxonomy":"product_brand","embeddable":true,"href":"https:\/\/delta-temp.com\/fr_be\/wp-json\/wp\/v2\/product_brand?post=2211"},{"taxonomy":"product_cat","embeddable":true,"href":"https:\/\/delta-temp.com\/fr_be\/wp-json\/wp\/v2\/product_cat?post=2211"},{"taxonomy":"product_tag","embeddable":true,"href":"https:\/\/delta-temp.com\/fr_be\/wp-json\/wp\/v2\/product_tag?post=2211"}],"curies":[{"name":"wp","href":"https:\/\/api.w.org\/{rel}","templated":true}]}}