{"id":2210,"date":"2024-10-14T12:04:06","date_gmt":"2024-10-14T10:04:06","guid":{"rendered":"https:\/\/deltatemp.digitalleader.dev\/product\/niet-gecategoriseerd\/mobiele-split-airco-ac-6-7-kw\/"},"modified":"2025-06-24T15:49:06","modified_gmt":"2025-06-24T13:49:06","slug":"climatiseur-mobile-split-ac-6-7-kw","status":"publish","type":"product","link":"https:\/\/delta-temp.com\/fr_be\/produit\/climatiseur-mobile-split-ac-6-7-kw\/","title":{"rendered":"Climatiseur mobile split AC 6.7 kW"},"content":{"rendered":"<p class=\"translation-block\">Le climatiseur split AC 6,7 kW est rapidement d\u00e9ployable (230 volts) et facile \u00e0 installer soi-m\u00eame et facile \u00e0 d\u00e9placer \u00e0 l'endroit souhait\u00e9. Ce climatiseur split mobile est le mod\u00e8le le plus lou\u00e9 pendant l'\u00e9t\u00e9 pour fournir un refroidissement suppl\u00e9mentaire aux bureaux, aux espaces commerciaux, aux \u00e9tablissements de restauration, aux salles de serveurs, etc.<\/p>\n<p>Le climatiseur split AC 6,7 kW a un d\u00e9bit d'air de 1500 m\u00b3\/h, ce qui signifie que l'appareil peut refroidir des pi\u00e8ces jusqu'\u00e0 100 m\u00b2. Le climatiseur refroidi par eau est extr\u00eamement respectueux de l'environnement et est \u00e9galement silencieux avec un niveau sonore maximal de 50 dB \u00e0 3 m\u00e8tres.<\/p>\n<p>Le climatiseur split se compose d'une unit\u00e9 int\u00e9rieure et d'une unit\u00e9 ext\u00e9rieure. L'unit\u00e9 ext\u00e9rieure, qui \u00e9vacue la chaleur et l'eau de condensation, peut \u00eatre plac\u00e9e sur le toit, contre un mur ext\u00e9rieur ou au sol. L'unit\u00e9 int\u00e9rieure est plac\u00e9e dans la pi\u00e8ce \u00e0 refroidir et est reli\u00e9e \u00e0 l'unit\u00e9 ext\u00e9rieure via un jeu de tuyaux flexibles de 5 m, 10 m ou 20 m. Le climatiseur split offre trois r\u00e9glages de ventilation avec une capacit\u00e9 maximale de 1500 m\u00b3\/h et peut refroidir jusqu'\u00e0 10\u00b0C.<\/p>","protected":false},"excerpt":{"rendered":"<p>De split airco AC 6.7 kW is snel inzetbaar (230 volt) en eenvoudig zelf te installeren en makkelijk te verplaatsen naar de gewenste locatie.\u00a0Deze mobiele split-airconditioner is tijdens de zomer het meest verhuurde model om kantoren, winkelruimtes, horeca-zaken, serverrooms, &#8230; van extra koeling te zien. De split airco AC 6.7 kW is beschikt over een [&hellip;]<\/p>\n","protected":false},"featured_media":4584,"template":"","meta":{"_acf_changed":false},"characteristic":[],"producttype":[32],"product_brand":[],"product_cat":[23],"product_tag":[],"class_list":{"0":"post-2210","1":"product","2":"type-product","3":"status-publish","4":"has-post-thumbnail","6":"producttype-verhuur","7":"product_cat-mobiele-airco","9":"first","10":"instock","11":"product-type-simple"},"acf":[],"_links":{"self":[{"href":"https:\/\/delta-temp.com\/fr_be\/wp-json\/wp\/v2\/product\/2210","targetHints":{"allow":["GET"]}}],"collection":[{"href":"https:\/\/delta-temp.com\/fr_be\/wp-json\/wp\/v2\/product"}],"about":[{"href":"https:\/\/delta-temp.com\/fr_be\/wp-json\/wp\/v2\/types\/product"}],"wp:featuredmedia":[{"embeddable":true,"href":"https:\/\/delta-temp.com\/fr_be\/wp-json\/wp\/v2\/media\/4584"}],"wp:attachment":[{"href":"https:\/\/delta-temp.com\/fr_be\/wp-json\/wp\/v2\/media?parent=2210"}],"wp:term":[{"taxonomy":"characteristic","embeddable":true,"href":"https:\/\/delta-temp.com\/fr_be\/wp-json\/wp\/v2\/characteristic?post=2210"},{"taxonomy":"producttype","embeddable":true,"href":"https:\/\/delta-temp.com\/fr_be\/wp-json\/wp\/v2\/producttype?post=2210"},{"taxonomy":"product_brand","embeddable":true,"href":"https:\/\/delta-temp.com\/fr_be\/wp-json\/wp\/v2\/product_brand?post=2210"},{"taxonomy":"product_cat","embeddable":true,"href":"https:\/\/delta-temp.com\/fr_be\/wp-json\/wp\/v2\/product_cat?post=2210"},{"taxonomy":"product_tag","embeddable":true,"href":"https:\/\/delta-temp.com\/fr_be\/wp-json\/wp\/v2\/product_tag?post=2210"}],"curies":[{"name":"wp","href":"https:\/\/api.w.org\/{rel}","templated":true}]}}