{"id":2208,"date":"2024-10-14T12:04:06","date_gmt":"2024-10-14T10:04:06","guid":{"rendered":"https:\/\/deltatemp.digitalleader.dev\/product\/niet-gecategoriseerd\/airhandler-500\/"},"modified":"2025-06-24T15:34:37","modified_gmt":"2025-06-24T13:34:37","slug":"manipulateur-dair-500","status":"publish","type":"product","link":"https:\/\/delta-temp.com\/fr_be\/produit\/manipulateur-dair-500\/","title":{"rendered":"Airhandler 500"},"content":{"rendered":"<p><span data-contrast=\"auto\">La CTA 500 est une centrale de traitement d'air puissante et r\u00e9glable en continu, avec une pression externe de 500 Pa et un volume d'air maximal de 50 000 m\u00b3\/h. Elle convient aussi bien \u00e0 l'air frais qu'\u00e0 l'air recycl\u00e9 et dispose de raccords de 500 mm pour les tuyaux d'air. La centrale de traitement d'air convient \u00e0 la fois \u00e0 l'air frais et \u00e0 l'air recycl\u00e9 et dispose de raccords de 500 mm pour les tuyaux d'air. Gr\u00e2ce aux couvercles de la section d'entr\u00e9e, la proportion d'air frais peut \u00eatre facilement ajust\u00e9e \u00e0 vos besoins. <\/span><span data-ccp-props=\"{&quot;134233117&quot;:true,&quot;134233118&quot;:true,&quot;201341983&quot;:0,&quot;335559740&quot;:279}\">\u00a0<\/span><\/p>\n<p><span data-contrast=\"auto\">En combinaison avec des machines \u00e0 eau glac\u00e9e ou des chauffages mobiles, l'unit\u00e9 AHU 500 fournit un refroidissement ou un chauffage efficace pour les halls industriels, les tentes et les zones de stockage. \u00c0 basse temp\u00e9rature, l'unit\u00e9 peut \u00e9galement servir de refroidisseur sec, d'unit\u00e9 de free-cooling ou de pr\u00e9-refroidisseur \u00e0 haut rendement \u00e9nerg\u00e9tique.<\/span><span data-ccp-props=\"{&quot;134233117&quot;:false,&quot;134233118&quot;:false,&quot;201341983&quot;:0,&quot;335559738&quot;:240,&quot;335559739&quot;:240,&quot;335559740&quot;:279}\">\u00a0<\/span><\/p>","protected":false},"excerpt":{"rendered":"<p>De AHU 500 is een krachtige, traploos instelbaar luchtbehandelingskast met een externe druk van 500 Pa en een maximaal luchtvolume van 50.000 m\u00b3\/h. De airhandling unit is geschikt voor zowel verse lucht als recirculatielucht en heeft 500 mm aansluitingen voor luchtslangen. Dankzij de blinde afdekkingen in het inlaatgedeelte kan het aandeel verse lucht eenvoudig worden [&hellip;]<\/p>\n","protected":false},"featured_media":2609,"template":"","meta":{"_acf_changed":false},"characteristic":[],"producttype":[],"product_brand":[],"product_cat":[25],"product_tag":[],"class_list":{"0":"post-2208","1":"product","2":"type-product","3":"status-publish","4":"has-post-thumbnail","6":"product_cat-luchtbehandeling","8":"first","9":"instock","10":"product-type-simple"},"acf":[],"_links":{"self":[{"href":"https:\/\/delta-temp.com\/fr_be\/wp-json\/wp\/v2\/product\/2208","targetHints":{"allow":["GET"]}}],"collection":[{"href":"https:\/\/delta-temp.com\/fr_be\/wp-json\/wp\/v2\/product"}],"about":[{"href":"https:\/\/delta-temp.com\/fr_be\/wp-json\/wp\/v2\/types\/product"}],"wp:featuredmedia":[{"embeddable":true,"href":"https:\/\/delta-temp.com\/fr_be\/wp-json\/wp\/v2\/media\/2609"}],"wp:attachment":[{"href":"https:\/\/delta-temp.com\/fr_be\/wp-json\/wp\/v2\/media?parent=2208"}],"wp:term":[{"taxonomy":"characteristic","embeddable":true,"href":"https:\/\/delta-temp.com\/fr_be\/wp-json\/wp\/v2\/characteristic?post=2208"},{"taxonomy":"producttype","embeddable":true,"href":"https:\/\/delta-temp.com\/fr_be\/wp-json\/wp\/v2\/producttype?post=2208"},{"taxonomy":"product_brand","embeddable":true,"href":"https:\/\/delta-temp.com\/fr_be\/wp-json\/wp\/v2\/product_brand?post=2208"},{"taxonomy":"product_cat","embeddable":true,"href":"https:\/\/delta-temp.com\/fr_be\/wp-json\/wp\/v2\/product_cat?post=2208"},{"taxonomy":"product_tag","embeddable":true,"href":"https:\/\/delta-temp.com\/fr_be\/wp-json\/wp\/v2\/product_tag?post=2208"}],"curies":[{"name":"wp","href":"https:\/\/api.w.org\/{rel}","templated":true}]}}