{"id":2207,"date":"2024-10-14T12:04:06","date_gmt":"2024-10-14T10:04:06","guid":{"rendered":"https:\/\/deltatemp.digitalleader.dev\/product\/niet-gecategoriseerd\/airhandler-200-evo\/"},"modified":"2025-06-24T15:31:39","modified_gmt":"2025-06-24T13:31:39","slug":"manipulateur-dair-200-evo","status":"publish","type":"product","link":"https:\/\/delta-temp.com\/fr_be\/produit\/manipulateur-dair-200-evo\/","title":{"rendered":"Airhandler 200 EVO"},"content":{"rendered":"<p>Cette unit\u00e9 mobile de traitement de l'air d'une capacit\u00e9 de refroidissement de 200 kW a \u00e9t\u00e9 d\u00e9velopp\u00e9e et con\u00e7ue en collaboration avec nos chefs de produits et nos ing\u00e9nieurs en r\u00e9frig\u00e9ration. Le puissant ventilateur fournit un d\u00e9bit d'air de 25 000 m\u00b3\/h, soufflant l'air avec une pression de pas moins de 700 Pa ! Par cons\u00e9quent, cet appareil de traitement de l'air a une port\u00e9e d'air sup\u00e9rieure \u00e0 la moyenne.<\/p>\n<p>L'AHU 200 EVO dispose de 4 entr\u00e9es d'air \u00e0 l'arri\u00e8re et \u00e0 l'avant pour l'admission et l'\u00e9vacuation, respectivement. Du c\u00f4t\u00e9 de l'admission, nous trouvons des panneaux filtrants G4 qui prot\u00e8gent l'unit\u00e9 de la salet\u00e9 tout en filtrant l'air des particules de poussi\u00e8re, du sable et des insectes.<\/p>\n<p>Cet appareil de traitement de l'air peut \u00eatre utilis\u00e9 en combinaison avec un refroidisseur, par exemple le DT 200 EVO, pour refroidir des zones de production plus importantes, des entrep\u00f4ts, des halls d'usine, des salles d'\u00e9v\u00e9nements, etc... <span class=\"TextRun SCXW43380462 BCX8\" lang=\"NL-BE\" xml:lang=\"NL-BE\" data-contrast=\"auto\"><span class=\"NormalTextRun SCXW43380462 BCX8\">Si les conditions sont favorables, vous pouvez \u00e9galement utiliser l'unit\u00e9 gratuitement.<\/span><span class=\"NormalTextRun SpellingErrorV2Themed SCXW43380462 BCX8\">refroidissement<\/span><span class=\"NormalTextRun SCXW43380462 BCX8\">.<\/span><\/span><span class=\"EOP SCXW43380462 BCX8\" data-ccp-props=\"{&quot;134233117&quot;:false,&quot;134233118&quot;:false,&quot;201341983&quot;:0,&quot;335559738&quot;:240,&quot;335559739&quot;:240,&quot;335559740&quot;:279}\">\u00a0<\/span><\/p>","protected":false},"excerpt":{"rendered":"<p>Deze mobiele airhandling unit met een koelvermogen van 200 kW werd ontwikkeld en ontworpen in samenwerking met onze product managers en koeltechnici. De krachtige ventilator levert een luchtdebiet van 25.000 m\u00b3\/h waarbij de lucht met een luchtdruk van maar liefst 700 Pa wordt uitgeblazen! Hierdoor heeft deze airhandler een luchtworp die verder is dan gemiddeld. [&hellip;]<\/p>\n","protected":false},"featured_media":2442,"template":"","meta":{"_acf_changed":false},"characteristic":[],"producttype":[32],"product_brand":[],"product_cat":[25],"product_tag":[],"class_list":{"0":"post-2207","1":"product","2":"type-product","3":"status-publish","4":"has-post-thumbnail","6":"producttype-verhuur","7":"product_cat-luchtbehandeling","9":"first","10":"instock","11":"product-type-simple"},"acf":[],"_links":{"self":[{"href":"https:\/\/delta-temp.com\/fr_be\/wp-json\/wp\/v2\/product\/2207","targetHints":{"allow":["GET"]}}],"collection":[{"href":"https:\/\/delta-temp.com\/fr_be\/wp-json\/wp\/v2\/product"}],"about":[{"href":"https:\/\/delta-temp.com\/fr_be\/wp-json\/wp\/v2\/types\/product"}],"wp:featuredmedia":[{"embeddable":true,"href":"https:\/\/delta-temp.com\/fr_be\/wp-json\/wp\/v2\/media\/2442"}],"wp:attachment":[{"href":"https:\/\/delta-temp.com\/fr_be\/wp-json\/wp\/v2\/media?parent=2207"}],"wp:term":[{"taxonomy":"characteristic","embeddable":true,"href":"https:\/\/delta-temp.com\/fr_be\/wp-json\/wp\/v2\/characteristic?post=2207"},{"taxonomy":"producttype","embeddable":true,"href":"https:\/\/delta-temp.com\/fr_be\/wp-json\/wp\/v2\/producttype?post=2207"},{"taxonomy":"product_brand","embeddable":true,"href":"https:\/\/delta-temp.com\/fr_be\/wp-json\/wp\/v2\/product_brand?post=2207"},{"taxonomy":"product_cat","embeddable":true,"href":"https:\/\/delta-temp.com\/fr_be\/wp-json\/wp\/v2\/product_cat?post=2207"},{"taxonomy":"product_tag","embeddable":true,"href":"https:\/\/delta-temp.com\/fr_be\/wp-json\/wp\/v2\/product_tag?post=2207"}],"curies":[{"name":"wp","href":"https:\/\/api.w.org\/{rel}","templated":true}]}}