{"id":2205,"date":"2024-10-14T12:04:06","date_gmt":"2024-10-14T10:04:06","guid":{"rendered":"https:\/\/deltatemp.digitalleader.dev\/product\/niet-gecategoriseerd\/airhandler-175\/"},"modified":"2025-06-24T15:02:45","modified_gmt":"2025-06-24T13:02:45","slug":"manipulateur-dair-175","status":"publish","type":"product","link":"https:\/\/delta-temp.com\/fr_be\/produit\/manipulateur-dair-175\/","title":{"rendered":"Airhandler 175"},"content":{"rendered":"<p class=\"translation-block\">La centrale de traitement d'air mobile AHU 175 est polyvalente et particuli\u00e8rement adapt\u00e9e \u00e0 une installation en ext\u00e9rieur gr\u00e2ce \u00e0 son bo\u00eetier en aluminium. Avec un <strong>d\u00e9bit d'air maximal de 20 000 m\u00b3\/h<\/strong> et une pression ext\u00e9rieure de 491 Pascal, elle assure une ventilation et un apport d'air frais parfaits. <span>Data-contrast=\"auto\"&gt;Ces unit\u00e9s sont polyvalentes et peuvent \u00eatre utilis\u00e9es en combinaison avec des refroidisseurs mobiles (tels que les DT 155 et DT 300) pour la climatisation. <\/span><span> <\/span><\/p>\n<p><span data-contrast=\"auto\">En outre, les CTA 175 conviennent \u00e9galement au chauffage de locaux lorsqu'elles sont combin\u00e9es \u00e0 une chaudi\u00e8re mobile ou \u00e0 un syst\u00e8me de chauffage urbain. Elles sont donc id\u00e9ales pour chauffer et refroidir les halls, les chapiteaux et les complexes immobiliers. Lorsque les temp\u00e9ratures ambiantes sont basses, ces unit\u00e9s peuvent \u00e9galement fonctionner comme des refroidisseurs secs mobiles ou des syst\u00e8mes de free cooling, contribuant ainsi \u00e0 l'\u00e9conomie d'\u00e9nergie en effectuant un pr\u00e9-refroidissement.<\/span><span data-ccp-props=\"{&quot;134233117&quot;:true,&quot;134233118&quot;:true,&quot;201341983&quot;:0,&quot;335559740&quot;:279}\">\u00a0<\/span><\/p>","protected":false},"excerpt":{"rendered":"<p>De mobiele luchtbehandelingsunit AHU 175 is veelzijdig en is dankzij de aluminium behuizing bijzonder geschikt voor buitenopstelling. Met een maximaal luchtdebiet van 20.000 m\u00b3\/h\u00a0en een externe druk van 491 Pascal zorgt het voor perfecte ventilatie en frisse lucht. Deze units zijn veelzijdig en kunnen in combinatie met mobiele koelmachines (zoals de DT 155 en DT [&hellip;]<\/p>\n","protected":false},"featured_media":2504,"template":"","meta":{"_acf_changed":false},"characteristic":[],"producttype":[32],"product_brand":[],"product_cat":[25],"product_tag":[],"class_list":{"0":"post-2205","1":"product","2":"type-product","3":"status-publish","4":"has-post-thumbnail","6":"producttype-verhuur","7":"product_cat-luchtbehandeling","9":"first","10":"instock","11":"product-type-simple"},"acf":[],"_links":{"self":[{"href":"https:\/\/delta-temp.com\/fr_be\/wp-json\/wp\/v2\/product\/2205","targetHints":{"allow":["GET"]}}],"collection":[{"href":"https:\/\/delta-temp.com\/fr_be\/wp-json\/wp\/v2\/product"}],"about":[{"href":"https:\/\/delta-temp.com\/fr_be\/wp-json\/wp\/v2\/types\/product"}],"wp:featuredmedia":[{"embeddable":true,"href":"https:\/\/delta-temp.com\/fr_be\/wp-json\/wp\/v2\/media\/2504"}],"wp:attachment":[{"href":"https:\/\/delta-temp.com\/fr_be\/wp-json\/wp\/v2\/media?parent=2205"}],"wp:term":[{"taxonomy":"characteristic","embeddable":true,"href":"https:\/\/delta-temp.com\/fr_be\/wp-json\/wp\/v2\/characteristic?post=2205"},{"taxonomy":"producttype","embeddable":true,"href":"https:\/\/delta-temp.com\/fr_be\/wp-json\/wp\/v2\/producttype?post=2205"},{"taxonomy":"product_brand","embeddable":true,"href":"https:\/\/delta-temp.com\/fr_be\/wp-json\/wp\/v2\/product_brand?post=2205"},{"taxonomy":"product_cat","embeddable":true,"href":"https:\/\/delta-temp.com\/fr_be\/wp-json\/wp\/v2\/product_cat?post=2205"},{"taxonomy":"product_tag","embeddable":true,"href":"https:\/\/delta-temp.com\/fr_be\/wp-json\/wp\/v2\/product_tag?post=2205"}],"curies":[{"name":"wp","href":"https:\/\/api.w.org\/{rel}","templated":true}]}}