{"id":2202,"date":"2024-10-14T12:04:06","date_gmt":"2024-10-14T10:04:06","guid":{"rendered":"https:\/\/deltatemp.digitalleader.dev\/product\/niet-gecategoriseerd\/airhandler-50-evo\/"},"modified":"2025-06-24T14:11:45","modified_gmt":"2025-06-24T12:11:45","slug":"manieur-dair-50-evo","status":"publish","type":"product","link":"https:\/\/delta-temp.com\/fr_be\/produit\/manieur-dair-50-evo\/","title":{"rendered":"Airhandler 50 EVO"},"content":{"rendered":"<p>La CTA 50 EVO est une centrale de traitement d'air mobile dot\u00e9e d'un syst\u00e8me d'alimentation en air comprim\u00e9. <strong>puissance de refroidissement de 52,7 kW<\/strong>. L'air est aspir\u00e9 par le bas de l'appareil. <strong>Les panneaux filtrants G4 situ\u00e9s du c\u00f4t\u00e9 de l'aspiration emp\u00eachent la poussi\u00e8re, le sable et les insectes de p\u00e9n\u00e9trer dans l'appareil.<\/strong>.<\/p>\n<p>Lorsqu'il est install\u00e9 \u00e0 l'int\u00e9rieur, vous pouvez choisir d'expulser l'air par la grille de ventilation situ\u00e9e dans le caisson sup\u00e9rieur. Lorsqu'il est install\u00e9 \u00e0 l'ext\u00e9rieur, le caisson sup\u00e9rieur est remplac\u00e9 par un tuyau d'air qui souffle l'air trait\u00e9 dans la pi\u00e8ce. En outre, cet appareil de traitement de l'air fournit un d\u00e9bit d'air de 5500 m\u00b3\/h \u00e0 une pression de 150 Pa. Les raccords d'eau sont des raccords bauer de 2\".<\/p>\n<p>La CTA 50 EVO est une unit\u00e9 polyvalente qui peut \u00eatre install\u00e9e aussi bien \u00e0 l'int\u00e9rieur qu'\u00e0 l'ext\u00e9rieur pour fournir un air ext\u00e9rieur sain. Elle est id\u00e9ale pour ventiler et climatiser les zones de production, les ateliers, les b\u00e2timents publics, les \u00e9v\u00e9nements et m\u00eame les discoth\u00e8ques !<\/p>","protected":false},"excerpt":{"rendered":"<p>De AHU 50 EVO is een mobiele luchtbehandelingskast met een koelvermogen van 52,7 kW. De lucht wordt onderaan het toestel aangezogen. De G4-filterpanelen aan de aanzuigzijde houden het toestel vrij van stof, zand en insecten. Bij binnenopstelling kan u ervoor kiezen om de lucht via het ventilatierooster in de topbox uit te blazen. Wanneer het [&hellip;]<\/p>\n","protected":false},"featured_media":2433,"template":"","meta":{"_acf_changed":false},"characteristic":[],"producttype":[32],"product_brand":[],"product_cat":[25],"product_tag":[],"class_list":{"0":"post-2202","1":"product","2":"type-product","3":"status-publish","4":"has-post-thumbnail","6":"producttype-verhuur","7":"product_cat-luchtbehandeling","9":"first","10":"instock","11":"product-type-simple"},"acf":[],"_links":{"self":[{"href":"https:\/\/delta-temp.com\/fr_be\/wp-json\/wp\/v2\/product\/2202","targetHints":{"allow":["GET"]}}],"collection":[{"href":"https:\/\/delta-temp.com\/fr_be\/wp-json\/wp\/v2\/product"}],"about":[{"href":"https:\/\/delta-temp.com\/fr_be\/wp-json\/wp\/v2\/types\/product"}],"wp:featuredmedia":[{"embeddable":true,"href":"https:\/\/delta-temp.com\/fr_be\/wp-json\/wp\/v2\/media\/2433"}],"wp:attachment":[{"href":"https:\/\/delta-temp.com\/fr_be\/wp-json\/wp\/v2\/media?parent=2202"}],"wp:term":[{"taxonomy":"characteristic","embeddable":true,"href":"https:\/\/delta-temp.com\/fr_be\/wp-json\/wp\/v2\/characteristic?post=2202"},{"taxonomy":"producttype","embeddable":true,"href":"https:\/\/delta-temp.com\/fr_be\/wp-json\/wp\/v2\/producttype?post=2202"},{"taxonomy":"product_brand","embeddable":true,"href":"https:\/\/delta-temp.com\/fr_be\/wp-json\/wp\/v2\/product_brand?post=2202"},{"taxonomy":"product_cat","embeddable":true,"href":"https:\/\/delta-temp.com\/fr_be\/wp-json\/wp\/v2\/product_cat?post=2202"},{"taxonomy":"product_tag","embeddable":true,"href":"https:\/\/delta-temp.com\/fr_be\/wp-json\/wp\/v2\/product_tag?post=2202"}],"curies":[{"name":"wp","href":"https:\/\/api.w.org\/{rel}","templated":true}]}}