{"id":2200,"date":"2024-10-14T12:04:06","date_gmt":"2024-10-14T10:04:06","guid":{"rendered":"https:\/\/deltatemp.digitalleader.dev\/product\/niet-gecategoriseerd\/airhandler-30-evo\/"},"modified":"2025-06-24T14:05:28","modified_gmt":"2025-06-24T12:05:28","slug":"airhandler-30-evo","status":"publish","type":"product","link":"https:\/\/delta-temp.com\/fr_be\/produit\/airhandler-30-evo\/","title":{"rendered":"Airhandler 30 EVO"},"content":{"rendered":"<p>L'AHU 30 EVO est le grand fr\u00e8re de l'AHU 20 EVO. Cet appareil de traitement de l'air peut \u00eatre raccord\u00e9 \u00e0 un refroidisseur et fournit une capacit\u00e9 de refroidissement de 32 kW \u00e0 une temp\u00e9rature d'eau de 7\/12 \u00b0C et une temp\u00e9rature ambiante de 28 \u00b0C. Combin\u00e9 \u00e0 une chaudi\u00e8re mobile, il fournit une capacit\u00e9 de chauffage de 50 kW.<\/p>\n<p>L'AHU 30 EVO a une capacit\u00e9 maximale de <strong>d\u00e9bit d'air de 3600 m\u00b3\/h<\/strong>\u00a0et une port\u00e9e d'air de 18 m\u00e8tres. Gr\u00e2ce aux lames pivotantes de la grille de soufflage, vous pouvez mieux orienter ou disperser la direction dans laquelle l'air est souffl\u00e9. Gr\u00e2ce aux roulettes robustes situ\u00e9es dans la partie inf\u00e9rieure, vous pouvez facilement placer l'appareil o\u00f9 vous le souhaitez.<\/p>\n<p>Selon les conditions, cette unit\u00e9 peut refroidir ou chauffer des pi\u00e8ces d'environ 200 m\u00b2. Gr\u00e2ce \u00e0 son aspect discret, cette centrale de traitement d'air peut \u00eatre int\u00e9gr\u00e9e sans probl\u00e8me dans les bureaux, les salles de serveurs, les h\u00f4pitaux, les centres de soins r\u00e9sidentiels, les salons et les \u00e9v\u00e9nements.<\/p>","protected":false},"excerpt":{"rendered":"<p>De AHU 30 EVO is de grote broer van de AHU 20 EVO. Deze airhandler kan aangesloten worden op een chiller en levert een koelvermogen van 32kW bij 7\/12 \u00b0C watertemperatuur en 28 \u00b0C omgevingstemperatuur. In combinatie met een mobiele boiler levert hij een warmtecapaciteit van 50 kW. De AHU 30 EVO heeft een maximaal [&hellip;]<\/p>\n","protected":false},"featured_media":2425,"template":"","meta":{"_acf_changed":false},"characteristic":[],"producttype":[32],"product_brand":[],"product_cat":[25],"product_tag":[],"class_list":{"0":"post-2200","1":"product","2":"type-product","3":"status-publish","4":"has-post-thumbnail","6":"producttype-verhuur","7":"product_cat-luchtbehandeling","9":"first","10":"instock","11":"product-type-simple"},"acf":[],"_links":{"self":[{"href":"https:\/\/delta-temp.com\/fr_be\/wp-json\/wp\/v2\/product\/2200","targetHints":{"allow":["GET"]}}],"collection":[{"href":"https:\/\/delta-temp.com\/fr_be\/wp-json\/wp\/v2\/product"}],"about":[{"href":"https:\/\/delta-temp.com\/fr_be\/wp-json\/wp\/v2\/types\/product"}],"wp:featuredmedia":[{"embeddable":true,"href":"https:\/\/delta-temp.com\/fr_be\/wp-json\/wp\/v2\/media\/2425"}],"wp:attachment":[{"href":"https:\/\/delta-temp.com\/fr_be\/wp-json\/wp\/v2\/media?parent=2200"}],"wp:term":[{"taxonomy":"characteristic","embeddable":true,"href":"https:\/\/delta-temp.com\/fr_be\/wp-json\/wp\/v2\/characteristic?post=2200"},{"taxonomy":"producttype","embeddable":true,"href":"https:\/\/delta-temp.com\/fr_be\/wp-json\/wp\/v2\/producttype?post=2200"},{"taxonomy":"product_brand","embeddable":true,"href":"https:\/\/delta-temp.com\/fr_be\/wp-json\/wp\/v2\/product_brand?post=2200"},{"taxonomy":"product_cat","embeddable":true,"href":"https:\/\/delta-temp.com\/fr_be\/wp-json\/wp\/v2\/product_cat?post=2200"},{"taxonomy":"product_tag","embeddable":true,"href":"https:\/\/delta-temp.com\/fr_be\/wp-json\/wp\/v2\/product_tag?post=2200"}],"curies":[{"name":"wp","href":"https:\/\/api.w.org\/{rel}","templated":true}]}}