{"id":2199,"date":"2024-10-14T12:04:06","date_gmt":"2024-10-14T10:04:06","guid":{"rendered":"https:\/\/deltatemp.digitalleader.dev\/product\/niet-gecategoriseerd\/airhandler-20-evo\/"},"modified":"2025-06-24T14:04:59","modified_gmt":"2025-06-24T12:04:59","slug":"airhandler-20-evo","status":"publish","type":"product","link":"https:\/\/delta-temp.com\/fr_be\/produit\/airhandler-20-evo\/","title":{"rendered":"Airhandler 20 EVO"},"content":{"rendered":"<p>L'AHU 20 EVO est un appareil de traitement de l'air puissant et mobile pour une utilisation en int\u00e9rieur. Cette unit\u00e9 est dot\u00e9e d'un ch\u00e2ssis et d'une t\u00f4le robustes et repose sur une structure en acier inoxydable.\u00a0<strong>4 roulettes pivotantes robustes<\/strong>La centrale de traitement d'air est donc facile \u00e0 installer et \u00e0 d\u00e9placer.<\/p>\n<p>Cette centrale de traitement d'air peut refroidir ou chauffer en combinaison avec un refroidisseur ou une chaudi\u00e8re, respectivement. La CTA 20 EVO a une <strong>capacit\u00e9 de refroidissement de 20 kW<\/strong> (eau 7\/12 \u00b0C \u00e0 27 \u00b0C) et une capacit\u00e9 thermique de 40 kW. La temp\u00e9rature de refoulement peut varier de 10 \u00b0C \u00e0 50 \u00b0C.<\/p>\n<p>L'alimentation et l'\u00e9vacuation de l'eau sont assur\u00e9es par des raccords GEKA. Pour l'alimentation \u00e9lectrique, il suffit de brancher la fiche schuko dans la prise et le tour est jou\u00e9 !<\/p>\n<p>L'appareil de traitement de l'air est dot\u00e9 d'un panneau de commande intuitif. Le moteur silencieux du ventilateur (53db \u00e0 3m) d\u00e9livre un d\u00e9bit d'air d'environ 1,5 m\u00e9gawattheure. <strong>volume d'air de 2 100 m\u00b3\/h maximum<\/strong>\u00a0Avec un jet d'air de 18 m.<\/p>","protected":false},"excerpt":{"rendered":"<p>De AHU 20 EVO is een krachtige en mobiele airhandler voor indoor gebruik. Dit toestel heeft een stevig chassis en plaatwerk en staat op\u00a04 robuuste zwenkwielen, waardoor de luchtbehandelingskast eenvoudig te installeren en te verplaatsen is. Deze luchtbehandelingskast kan in combinatie met een chiller of boiler resp. koelen of verwarmen. De AHU 20 EVO heeft [&hellip;]<\/p>\n","protected":false},"featured_media":2417,"template":"","meta":{"_acf_changed":false},"characteristic":[],"producttype":[32],"product_brand":[],"product_cat":[25],"product_tag":[],"class_list":{"0":"post-2199","1":"product","2":"type-product","3":"status-publish","4":"has-post-thumbnail","6":"producttype-verhuur","7":"product_cat-luchtbehandeling","9":"first","10":"instock","11":"product-type-simple"},"acf":[],"_links":{"self":[{"href":"https:\/\/delta-temp.com\/fr_be\/wp-json\/wp\/v2\/product\/2199","targetHints":{"allow":["GET"]}}],"collection":[{"href":"https:\/\/delta-temp.com\/fr_be\/wp-json\/wp\/v2\/product"}],"about":[{"href":"https:\/\/delta-temp.com\/fr_be\/wp-json\/wp\/v2\/types\/product"}],"wp:featuredmedia":[{"embeddable":true,"href":"https:\/\/delta-temp.com\/fr_be\/wp-json\/wp\/v2\/media\/2417"}],"wp:attachment":[{"href":"https:\/\/delta-temp.com\/fr_be\/wp-json\/wp\/v2\/media?parent=2199"}],"wp:term":[{"taxonomy":"characteristic","embeddable":true,"href":"https:\/\/delta-temp.com\/fr_be\/wp-json\/wp\/v2\/characteristic?post=2199"},{"taxonomy":"producttype","embeddable":true,"href":"https:\/\/delta-temp.com\/fr_be\/wp-json\/wp\/v2\/producttype?post=2199"},{"taxonomy":"product_brand","embeddable":true,"href":"https:\/\/delta-temp.com\/fr_be\/wp-json\/wp\/v2\/product_brand?post=2199"},{"taxonomy":"product_cat","embeddable":true,"href":"https:\/\/delta-temp.com\/fr_be\/wp-json\/wp\/v2\/product_cat?post=2199"},{"taxonomy":"product_tag","embeddable":true,"href":"https:\/\/delta-temp.com\/fr_be\/wp-json\/wp\/v2\/product_tag?post=2199"}],"curies":[{"name":"wp","href":"https:\/\/api.w.org\/{rel}","templated":true}]}}