{"id":2197,"date":"2024-10-14T12:04:06","date_gmt":"2024-10-14T10:04:06","guid":{"rendered":"https:\/\/deltatemp.digitalleader.dev\/product\/niet-gecategoriseerd\/airhandler-20\/"},"modified":"2025-06-24T13:45:23","modified_gmt":"2025-06-24T11:45:23","slug":"manipulateur-dair-20","status":"publish","type":"product","link":"https:\/\/delta-temp.com\/fr_be\/produit\/manipulateur-dair-20\/","title":{"rendered":"Airhandler 20"},"content":{"rendered":"<p>Les centrales de traitement d'air mobiles AHU 20 sont id\u00e9ales pour les \u00e9v\u00e9nements organis\u00e9s sous des chapiteaux, dans des halls ou lors de foires commerciales, o\u00f9 l'accent est mis sur l'apparence des machines. Les centrales de traitement d'air conviennent \u00e9galement pour la climatisation des bureaux et des salles de serveurs.<\/p>\n<p>Pour faire fonctionner les syst\u00e8mes de ventilation, une alimentation en eau froide ou chaude, telle qu'un refroidisseur, est n\u00e9cessaire.<\/p>\n<p>En combinaison avec l'un de nos refroidisseurs mobiles, un syst\u00e8me de climatisation mobile peut \u00eatre mis en place pour une tente, un hall ou un stand d'exposition, par exemple. Pour ce faire, la CTA 20 est connect\u00e9e \u00e0 un refroidisseur mobile et l'espace int\u00e9rieur est ainsi aliment\u00e9 en air.<\/p>","protected":false},"excerpt":{"rendered":"<p>De mobiele luchtbehandelingsunits AHU 20 zijn ideaal voor evenementen in tenten, hallen of op handelsbeurzen, waar de nadruk ligt op het uitzicht van de machine. De luchtbehandelingskasten zijn ook geschikt voor airconditioning in kantoren en serverruimtes. Voor het bedienen van de ventilatiesystemen is een bijbehorende koud- of warmwatervoorziening nodig zoals een koudwatermachine. In combinatie met [&hellip;]<\/p>\n","protected":false},"featured_media":2595,"template":"","meta":{"_acf_changed":false},"characteristic":[],"producttype":[],"product_brand":[],"product_cat":[25],"product_tag":[],"class_list":{"0":"post-2197","1":"product","2":"type-product","3":"status-publish","4":"has-post-thumbnail","6":"product_cat-luchtbehandeling","8":"first","9":"instock","10":"product-type-simple"},"acf":[],"_links":{"self":[{"href":"https:\/\/delta-temp.com\/fr_be\/wp-json\/wp\/v2\/product\/2197","targetHints":{"allow":["GET"]}}],"collection":[{"href":"https:\/\/delta-temp.com\/fr_be\/wp-json\/wp\/v2\/product"}],"about":[{"href":"https:\/\/delta-temp.com\/fr_be\/wp-json\/wp\/v2\/types\/product"}],"wp:featuredmedia":[{"embeddable":true,"href":"https:\/\/delta-temp.com\/fr_be\/wp-json\/wp\/v2\/media\/2595"}],"wp:attachment":[{"href":"https:\/\/delta-temp.com\/fr_be\/wp-json\/wp\/v2\/media?parent=2197"}],"wp:term":[{"taxonomy":"characteristic","embeddable":true,"href":"https:\/\/delta-temp.com\/fr_be\/wp-json\/wp\/v2\/characteristic?post=2197"},{"taxonomy":"producttype","embeddable":true,"href":"https:\/\/delta-temp.com\/fr_be\/wp-json\/wp\/v2\/producttype?post=2197"},{"taxonomy":"product_brand","embeddable":true,"href":"https:\/\/delta-temp.com\/fr_be\/wp-json\/wp\/v2\/product_brand?post=2197"},{"taxonomy":"product_cat","embeddable":true,"href":"https:\/\/delta-temp.com\/fr_be\/wp-json\/wp\/v2\/product_cat?post=2197"},{"taxonomy":"product_tag","embeddable":true,"href":"https:\/\/delta-temp.com\/fr_be\/wp-json\/wp\/v2\/product_tag?post=2197"}],"curies":[{"name":"wp","href":"https:\/\/api.w.org\/{rel}","templated":true}]}}