{"id":2196,"date":"2024-10-14T12:04:06","date_gmt":"2024-10-14T10:04:06","guid":{"rendered":"https:\/\/deltatemp.digitalleader.dev\/product\/niet-gecategoriseerd\/chiller-1500kw\/"},"modified":"2025-06-24T13:43:43","modified_gmt":"2025-06-24T11:43:43","slug":"groupe-froid-1500kw","status":"publish","type":"product","link":"https:\/\/delta-temp.com\/fr_be\/produit\/groupe-froid-1500kw\/","title":{"rendered":"Groupe froid 1500 kW"},"content":{"rendered":"<p>Le DT 1500 est un puissant groupe frigorifique mobile qui offre une solution fiable de refroidissement par air pour les processus industriels et le refroidissement de confort. Adapt\u00e9e \u00e0 divers secteurs, cette unit\u00e9 polyvalente peut g\u00e9rer des temp\u00e9ratures de processus allant de -8 \u00b0C \u00e0 +35 \u00b0C.<\/p>\n<p>Sp\u00e9cialement con\u00e7u pour une utilisation en ext\u00e9rieur, le DT 1500 est dot\u00e9 d'un bo\u00eetier IP54 et utilise 24 ventilateurs axiaux pour une dissipation efficace de la chaleur. L'unit\u00e9 est \u00e9quip\u00e9e de trois compresseurs \u00e0 vis Bitzer, r\u00e9partis en trois circuits de refroidissement, d'un \u00e9vaporateur \u00e0 faisceau tubulaire et de deux pompes internes qui garantissent une capacit\u00e9 de refroidissement fiable.<\/p>\n<p>Enfin, l'unit\u00e9 est mont\u00e9e sur une remorque, ce qui permet de la d\u00e9ployer rapidement et facilement. L'unit\u00e9 peut \u00e9galement \u00eatre d\u00e9charg\u00e9e \u00e0 l'aide de deux grues mobiles et d\u00e9plac\u00e9e sur le site.<\/p>","protected":false},"excerpt":{"rendered":"<p>De DT 1500 is een krachtige mobiele koelunit die een betrouwbare luchtgekoelde oplossing biedt voor zowel industri\u00eble processen als voor comfortkoeling. Deze veelzijdige unit is geschikt voor diverse sectoren en kan procestemperaturen aan van -8 \u00b0C tot +35 \u00b0C. Speciaal ontworpen voor buitengebruik, beschikt de DT 1500 over een IP54-behuizing en maakt hij gebruik van [&hellip;]<\/p>\n","protected":false},"featured_media":1625,"template":"","meta":{"_acf_changed":false},"characteristic":[],"producttype":[32],"product_brand":[],"product_cat":[20,22],"product_tag":[],"class_list":{"0":"post-2196","1":"product","2":"type-product","3":"status-publish","4":"has-post-thumbnail","6":"producttype-verhuur","7":"product_cat-koeling","8":"product_cat-mobiele-chiller","10":"first","11":"instock","12":"product-type-simple"},"acf":[],"_links":{"self":[{"href":"https:\/\/delta-temp.com\/fr_be\/wp-json\/wp\/v2\/product\/2196","targetHints":{"allow":["GET"]}}],"collection":[{"href":"https:\/\/delta-temp.com\/fr_be\/wp-json\/wp\/v2\/product"}],"about":[{"href":"https:\/\/delta-temp.com\/fr_be\/wp-json\/wp\/v2\/types\/product"}],"wp:featuredmedia":[{"embeddable":true,"href":"https:\/\/delta-temp.com\/fr_be\/wp-json\/wp\/v2\/media\/1625"}],"wp:attachment":[{"href":"https:\/\/delta-temp.com\/fr_be\/wp-json\/wp\/v2\/media?parent=2196"}],"wp:term":[{"taxonomy":"characteristic","embeddable":true,"href":"https:\/\/delta-temp.com\/fr_be\/wp-json\/wp\/v2\/characteristic?post=2196"},{"taxonomy":"producttype","embeddable":true,"href":"https:\/\/delta-temp.com\/fr_be\/wp-json\/wp\/v2\/producttype?post=2196"},{"taxonomy":"product_brand","embeddable":true,"href":"https:\/\/delta-temp.com\/fr_be\/wp-json\/wp\/v2\/product_brand?post=2196"},{"taxonomy":"product_cat","embeddable":true,"href":"https:\/\/delta-temp.com\/fr_be\/wp-json\/wp\/v2\/product_cat?post=2196"},{"taxonomy":"product_tag","embeddable":true,"href":"https:\/\/delta-temp.com\/fr_be\/wp-json\/wp\/v2\/product_tag?post=2196"}],"curies":[{"name":"wp","href":"https:\/\/api.w.org\/{rel}","templated":true}]}}