{"id":2194,"date":"2024-10-14T12:04:02","date_gmt":"2024-10-14T10:04:02","guid":{"rendered":"https:\/\/deltatemp.digitalleader.dev\/product\/niet-gecategoriseerd\/chiller-600kw\/"},"modified":"2025-06-24T12:56:21","modified_gmt":"2025-06-24T10:56:21","slug":"refroidisseur-600kw","status":"publish","type":"product","link":"https:\/\/delta-temp.com\/fr_be\/produit\/refroidisseur-600kw\/","title":{"rendered":"Groupe froid 600 kW"},"content":{"rendered":"<p>Le DT 600 est un refroidisseur mobile robuste, refroidi par air, parfait pour les installations ext\u00e9rieures. Gr\u00e2ce aux anneaux de levage, aux tubes de fourche et aux sangles suppl\u00e9mentaires, cette unit\u00e9 est facile \u00e0 transporter et \u00e0 installer.<\/p>\n<p>Avec neuf compresseurs scroll r\u00e9partis sur trois circuits de r\u00e9frig\u00e9ration, le DT 600 atteint des temp\u00e9ratures de processus allant de -12 \u00b0C \u00e0 27 \u00b0C. \u00c9quip\u00e9 d'une pompe interne \u00e0 3 bars, d'un \u00e9vaporateur \u00e0 faisceau tubulaire et de raccords d'eau de 4 pouces, ce refroidisseur peut \u00eatre utilis\u00e9 pour une vari\u00e9t\u00e9 d'applications, tant pour le refroidissement de processus que pour le refroidissement de confort. Pour ceux qui recherchent une efficacit\u00e9 accrue, il existe la version HE (High Efficiency), qui permet non seulement d'\u00e9conomiser de l'\u00e9nergie, mais qui est \u00e9galement plus respectueuse de l'environnement.<\/p>","protected":false},"excerpt":{"rendered":"<p>De DT 600 is een robuuste, luchtgekoelde mobiele chiller, perfect voor buitenopstellingen. Dankzij hijsogen, vorkkokers en extra riemen is deze unit eenvoudig te transporteren en te installeren. Met negen scroll-compressoren verdeeld over drie koelcircuits haalt de DT 600 procestemperaturen van -12 \u00b0C tot 27 \u00b0C. Uitgerust met een 3-bar interne pomp, buizenbundelverdamper en 4-inch wateraansluitingen, [&hellip;]<\/p>\n","protected":false},"featured_media":3637,"template":"","meta":{"_acf_changed":false},"characteristic":[],"producttype":[32],"product_brand":[],"product_cat":[20,22],"product_tag":[],"class_list":{"0":"post-2194","1":"product","2":"type-product","3":"status-publish","4":"has-post-thumbnail","6":"producttype-verhuur","7":"product_cat-koeling","8":"product_cat-mobiele-chiller","10":"first","11":"instock","12":"product-type-simple"},"acf":[],"_links":{"self":[{"href":"https:\/\/delta-temp.com\/fr_be\/wp-json\/wp\/v2\/product\/2194","targetHints":{"allow":["GET"]}}],"collection":[{"href":"https:\/\/delta-temp.com\/fr_be\/wp-json\/wp\/v2\/product"}],"about":[{"href":"https:\/\/delta-temp.com\/fr_be\/wp-json\/wp\/v2\/types\/product"}],"wp:featuredmedia":[{"embeddable":true,"href":"https:\/\/delta-temp.com\/fr_be\/wp-json\/wp\/v2\/media\/3637"}],"wp:attachment":[{"href":"https:\/\/delta-temp.com\/fr_be\/wp-json\/wp\/v2\/media?parent=2194"}],"wp:term":[{"taxonomy":"characteristic","embeddable":true,"href":"https:\/\/delta-temp.com\/fr_be\/wp-json\/wp\/v2\/characteristic?post=2194"},{"taxonomy":"producttype","embeddable":true,"href":"https:\/\/delta-temp.com\/fr_be\/wp-json\/wp\/v2\/producttype?post=2194"},{"taxonomy":"product_brand","embeddable":true,"href":"https:\/\/delta-temp.com\/fr_be\/wp-json\/wp\/v2\/product_brand?post=2194"},{"taxonomy":"product_cat","embeddable":true,"href":"https:\/\/delta-temp.com\/fr_be\/wp-json\/wp\/v2\/product_cat?post=2194"},{"taxonomy":"product_tag","embeddable":true,"href":"https:\/\/delta-temp.com\/fr_be\/wp-json\/wp\/v2\/product_tag?post=2194"}],"curies":[{"name":"wp","href":"https:\/\/api.w.org\/{rel}","templated":true}]}}