{"id":2192,"date":"2024-10-14T12:04:02","date_gmt":"2024-10-14T10:04:02","guid":{"rendered":"https:\/\/deltatemp.digitalleader.dev\/product\/niet-gecategoriseerd\/chiller-500kw\/"},"modified":"2025-06-24T12:50:50","modified_gmt":"2025-06-24T10:50:50","slug":"refroidisseur-500kw","status":"publish","type":"product","link":"https:\/\/delta-temp.com\/fr_be\/produit\/refroidisseur-500kw\/","title":{"rendered":"Groupe froid 500 kW"},"content":{"rendered":"<p>Le DT 500 est un puissant refroidisseur mobile \u00e0 refroidissement par air con\u00e7u pour des performances optimales. Avec huit ventilateurs axiaux et deux compresseurs \u00e0 vis Bitzer r\u00e9partis sur deux circuits de refroidissement, cette machine offre une capacit\u00e9 de refroidissement fiable. Gr\u00e2ce \u00e0 l'\u00e9vaporateur \u00e0 faisceau tubulaire et aux deux pompes internes - dont l'une sert de secours - vous pouvez compter sur un fonctionnement constant.<\/p>\n<p>Ce refroidisseur polyvalent convient \u00e0 des temp\u00e9ratures de processus allant de -12 \u00b0C \u00e0 + 27 \u00b0C, ce qui le rend id\u00e9al pour un large \u00e9ventail d'applications. En outre, vous pouvez parfaitement combiner le DT 500 avec des unit\u00e9s mobiles de traitement de l'air pour des syst\u00e8mes de climatisation \u00e0 grande \u00e9chelle.<\/p>\n<p>Avec le DT 500, vous choisissez un partenaire fiable en mati\u00e8re de technologie de refroidissement qui vous aide \u00e0 garder la temp\u00e9rature sous contr\u00f4le, m\u00eame dans les situations les plus chaudes.<\/p>","protected":false},"excerpt":{"rendered":"<p>De DT 500 is een krachtige luchtgekoelde mobiele koelmachine, ontworpen voor optimale prestaties. Met acht axiale ventilatoren en twee Bitzer schroefcompressoren, verdeeld over twee koelcircuits, biedt deze machine betrouwbare koelcapaciteit. Dankzij de buizenbundelverdamper en de twee interne pompen\u2014waarvan \u00e9\u00e9n als back-up fungeert\u2014kun je rekenen op een constante werking. Deze veelzijdige koelmachine is geschikt voor procestemperaturen [&hellip;]<\/p>\n","protected":false},"featured_media":3583,"template":"","meta":{"_acf_changed":false},"characteristic":[],"producttype":[32],"product_brand":[],"product_cat":[20,22],"product_tag":[],"class_list":{"0":"post-2192","1":"product","2":"type-product","3":"status-publish","4":"has-post-thumbnail","6":"producttype-verhuur","7":"product_cat-koeling","8":"product_cat-mobiele-chiller","10":"first","11":"instock","12":"product-type-simple"},"acf":[],"_links":{"self":[{"href":"https:\/\/delta-temp.com\/fr_be\/wp-json\/wp\/v2\/product\/2192","targetHints":{"allow":["GET"]}}],"collection":[{"href":"https:\/\/delta-temp.com\/fr_be\/wp-json\/wp\/v2\/product"}],"about":[{"href":"https:\/\/delta-temp.com\/fr_be\/wp-json\/wp\/v2\/types\/product"}],"wp:featuredmedia":[{"embeddable":true,"href":"https:\/\/delta-temp.com\/fr_be\/wp-json\/wp\/v2\/media\/3583"}],"wp:attachment":[{"href":"https:\/\/delta-temp.com\/fr_be\/wp-json\/wp\/v2\/media?parent=2192"}],"wp:term":[{"taxonomy":"characteristic","embeddable":true,"href":"https:\/\/delta-temp.com\/fr_be\/wp-json\/wp\/v2\/characteristic?post=2192"},{"taxonomy":"producttype","embeddable":true,"href":"https:\/\/delta-temp.com\/fr_be\/wp-json\/wp\/v2\/producttype?post=2192"},{"taxonomy":"product_brand","embeddable":true,"href":"https:\/\/delta-temp.com\/fr_be\/wp-json\/wp\/v2\/product_brand?post=2192"},{"taxonomy":"product_cat","embeddable":true,"href":"https:\/\/delta-temp.com\/fr_be\/wp-json\/wp\/v2\/product_cat?post=2192"},{"taxonomy":"product_tag","embeddable":true,"href":"https:\/\/delta-temp.com\/fr_be\/wp-json\/wp\/v2\/product_tag?post=2192"}],"curies":[{"name":"wp","href":"https:\/\/api.w.org\/{rel}","templated":true}]}}