{"id":2188,"date":"2024-10-14T12:04:02","date_gmt":"2024-10-14T10:04:02","guid":{"rendered":"https:\/\/deltatemp.digitalleader.dev\/product\/niet-gecategoriseerd\/chiller-310kw\/"},"modified":"2025-06-24T11:58:24","modified_gmt":"2025-06-24T09:58:24","slug":"refroidisseur-310kw","status":"publish","type":"product","link":"https:\/\/delta-temp.com\/fr_be\/produit\/refroidisseur-310kw\/","title":{"rendered":"Groupe froid 310 kW"},"content":{"rendered":"<p>Le groupe frigorifique mobile DT 310 est un v\u00e9ritable multitalent, \u00e9quip\u00e9 de quatre compresseurs scroll r\u00e9partis en deux circuits frigorifiques. Avec une temp\u00e9rature d'alimentation r\u00e9glable de -10 \u00b0C \u00e0 + 30 \u00b0C, ils sont parfaits pour diverses applications, du refroidissement de processus \u00e0 la fourniture d'eau froide pour les syst\u00e8mes de climatisation.<\/p>\n<p>Pour la location, les unit\u00e9s sont robustes et disposent d'un cadre de transport solide et de raccords rapides pratiques pour le branchement de l'eau. Un atout suppl\u00e9mentaire ? Ces refroidisseurs sont tr\u00e8s silencieux, ce qui les rend id\u00e9aux pour les solutions de refroidissement temporaires dans les h\u00f4pitaux, les cliniques, les h\u00f4tels et autres environnements sensibles o\u00f9 le silence est essentiel.<\/p>","protected":false},"excerpt":{"rendered":"<p>De DT 310 mobiele koelunit is een echte allrounder, uitgerust met vier scrollcompressoren die zijn verdeeld over twee koelcircuits. Met een instelbare aanvoertemperatuur van -10 \u00b0C tot +\u00a0 \u00a0 \u00a0 30 \u00b0C zijn ze perfect voor diverse toepassingen, van proceskoeling tot het leveren van koud water voor airconditioningsystemen. Voor verhuur zijn de units stevig uitgevoerd [&hellip;]<\/p>\n","protected":false},"featured_media":1637,"template":"","meta":{"_acf_changed":false},"characteristic":[],"producttype":[32],"product_brand":[],"product_cat":[20,22],"product_tag":[],"class_list":{"0":"post-2188","1":"product","2":"type-product","3":"status-publish","4":"has-post-thumbnail","6":"producttype-verhuur","7":"product_cat-koeling","8":"product_cat-mobiele-chiller","10":"first","11":"instock","12":"product-type-simple"},"acf":[],"_links":{"self":[{"href":"https:\/\/delta-temp.com\/fr_be\/wp-json\/wp\/v2\/product\/2188","targetHints":{"allow":["GET"]}}],"collection":[{"href":"https:\/\/delta-temp.com\/fr_be\/wp-json\/wp\/v2\/product"}],"about":[{"href":"https:\/\/delta-temp.com\/fr_be\/wp-json\/wp\/v2\/types\/product"}],"wp:featuredmedia":[{"embeddable":true,"href":"https:\/\/delta-temp.com\/fr_be\/wp-json\/wp\/v2\/media\/1637"}],"wp:attachment":[{"href":"https:\/\/delta-temp.com\/fr_be\/wp-json\/wp\/v2\/media?parent=2188"}],"wp:term":[{"taxonomy":"characteristic","embeddable":true,"href":"https:\/\/delta-temp.com\/fr_be\/wp-json\/wp\/v2\/characteristic?post=2188"},{"taxonomy":"producttype","embeddable":true,"href":"https:\/\/delta-temp.com\/fr_be\/wp-json\/wp\/v2\/producttype?post=2188"},{"taxonomy":"product_brand","embeddable":true,"href":"https:\/\/delta-temp.com\/fr_be\/wp-json\/wp\/v2\/product_brand?post=2188"},{"taxonomy":"product_cat","embeddable":true,"href":"https:\/\/delta-temp.com\/fr_be\/wp-json\/wp\/v2\/product_cat?post=2188"},{"taxonomy":"product_tag","embeddable":true,"href":"https:\/\/delta-temp.com\/fr_be\/wp-json\/wp\/v2\/product_tag?post=2188"}],"curies":[{"name":"wp","href":"https:\/\/api.w.org\/{rel}","templated":true}]}}