{"id":2187,"date":"2024-10-14T12:04:02","date_gmt":"2024-10-14T10:04:02","guid":{"rendered":"https:\/\/deltatemp.digitalleader.dev\/product\/niet-gecategoriseerd\/chiller-300kw-evo\/"},"modified":"2025-06-24T11:59:05","modified_gmt":"2025-06-24T09:59:05","slug":"refroidisseur-300kw-evo","status":"publish","type":"product","link":"https:\/\/delta-temp.com\/fr_be\/produit\/refroidisseur-300kw-evo\/","title":{"rendered":"Groupe froid 300 kW EVO"},"content":{"rendered":"<p>Le DT300 EVO est un refroidisseur puissant et robuste de notre s\u00e9rie EVO, avec une capacit\u00e9 de refroidissement de 300 kW, id\u00e9al pour la climatisation et le refroidissement de processus dans les environnements de production. Gr\u00e2ce au contr\u00f4leur convivial Siemens Climatix, vous pouvez facilement contr\u00f4ler et surveiller le DT300 EVO \u00e0 distance, 24 heures sur 24 et 7 jours sur 7.<\/p>\n<p>Avec des connecteurs rapides Bauer de 4'' Bauer pour l'eau et des arcs de c\u00e2bles pratiques pour les connexions \u00e9lectriques, cet appareil est rapide et facile \u00e0 installer. Les compresseurs scroll de haute qualit\u00e9 et les ventilateurs EC garantissent \u00e9galement un fonctionnement silencieux, tandis que la pompe \u00e0 r\u00e9gulation de fr\u00e9quence d\u00e9livre une pression maximale de 2,8 bars.<\/p>\n<p>Un autre point positif ? Le DT300 EVO utilise le gaz r\u00e9frig\u00e9rant \u00e9cologique R32, qui offre une meilleure efficacit\u00e9 \u00e9nerg\u00e9tique gr\u00e2ce \u00e0 son faible PRP (675). Tout cela fait du DT300 EVO un choix durable et puissant pour des besoins de refroidissement vari\u00e9s !<\/p>","protected":false},"excerpt":{"rendered":"<p>De DT300 EVO is een krachtige en robuuste chiller uit onze EVO-serie, met een koelvermogen van 300 kW, ideaal voor zowel airconditioning als proceskoeling in productieomgevingen. Dankzij de gebruiksvriendelijke Siemens Climatix-controller kunt u de DT300 EVO gemakkelijk op afstand bedienen en monitoren, 24\/7. Met praktische 4\u2019\u2019 Bauer-snelkoppelingen voor water en handige kabelbogen voor elektrische aansluitingen [&hellip;]<\/p>\n","protected":false},"featured_media":3538,"template":"","meta":{"_acf_changed":false},"characteristic":[],"producttype":[32],"product_brand":[],"product_cat":[20,22],"product_tag":[],"class_list":{"0":"post-2187","1":"product","2":"type-product","3":"status-publish","4":"has-post-thumbnail","6":"producttype-verhuur","7":"product_cat-koeling","8":"product_cat-mobiele-chiller","10":"first","11":"instock","12":"product-type-simple"},"acf":[],"_links":{"self":[{"href":"https:\/\/delta-temp.com\/fr_be\/wp-json\/wp\/v2\/product\/2187","targetHints":{"allow":["GET"]}}],"collection":[{"href":"https:\/\/delta-temp.com\/fr_be\/wp-json\/wp\/v2\/product"}],"about":[{"href":"https:\/\/delta-temp.com\/fr_be\/wp-json\/wp\/v2\/types\/product"}],"wp:featuredmedia":[{"embeddable":true,"href":"https:\/\/delta-temp.com\/fr_be\/wp-json\/wp\/v2\/media\/3538"}],"wp:attachment":[{"href":"https:\/\/delta-temp.com\/fr_be\/wp-json\/wp\/v2\/media?parent=2187"}],"wp:term":[{"taxonomy":"characteristic","embeddable":true,"href":"https:\/\/delta-temp.com\/fr_be\/wp-json\/wp\/v2\/characteristic?post=2187"},{"taxonomy":"producttype","embeddable":true,"href":"https:\/\/delta-temp.com\/fr_be\/wp-json\/wp\/v2\/producttype?post=2187"},{"taxonomy":"product_brand","embeddable":true,"href":"https:\/\/delta-temp.com\/fr_be\/wp-json\/wp\/v2\/product_brand?post=2187"},{"taxonomy":"product_cat","embeddable":true,"href":"https:\/\/delta-temp.com\/fr_be\/wp-json\/wp\/v2\/product_cat?post=2187"},{"taxonomy":"product_tag","embeddable":true,"href":"https:\/\/delta-temp.com\/fr_be\/wp-json\/wp\/v2\/product_tag?post=2187"}],"curies":[{"name":"wp","href":"https:\/\/api.w.org\/{rel}","templated":true}]}}