{"id":2184,"date":"2024-10-14T12:04:02","date_gmt":"2024-10-14T10:04:02","guid":{"rendered":"https:\/\/deltatemp.digitalleader.dev\/product\/niet-gecategoriseerd\/chiller-200kw-evo\/"},"modified":"2025-06-24T11:45:23","modified_gmt":"2025-06-24T09:45:23","slug":"refroidisseur-200kw-evo","status":"publish","type":"product","link":"https:\/\/delta-temp.com\/fr_be\/produit\/refroidisseur-200kw-evo\/","title":{"rendered":"Groupe froid 200 kW EVO"},"content":{"rendered":"<p>Le refroidisseur DT200 EVO de notre s\u00e9rie innovante EVO allie efficacit\u00e9 \u00e9nerg\u00e9tique, respect de l'environnement et facilit\u00e9 d'utilisation dans un seul appareil pratique - parfait pour la climatisation et le refroidissement des processus.<\/p>\n<p>Avec le contr\u00f4leur Climatix de Siemens, vous pouvez facilement contr\u00f4ler et surveiller le DT200 EVO \u00e0 distance 24 heures sur 24 et 7 jours sur 7. Des raccords rapides Bauer de 4\" pour l'eau et des \u0153illets de c\u00e2ble simples pour la connexion \u00e9lectrique rendent le branchement de ce refroidisseur rapide et efficace. \u00c0 l'int\u00e9rieur, quatre compresseurs scroll silencieux et une pompe \u00e0 eau intelligente \u00e0 r\u00e9gulation de fr\u00e9quence garantissent des performances optimales jusqu'\u00e0 2,3 bars. Les ventilateurs EC silencieux, avec leurs h\u00e9lices a\u00e9rodynamiques, rendent le refroidisseur encore plus efficace et silencieux.<\/p>\n<p>En bref, le DT200 EVO combine une technologie intelligente et une facilit\u00e9 d'utilisation dans une solution compacte - pour que vous restiez au frais, sans souci !<\/p>","protected":false},"excerpt":{"rendered":"<p>De DT200 EVO chiller uit onze innovatieve EVO-serie brengt energie-effici\u00ebntie, milieuvriendelijkheid en gebruiksgemak samen in \u00e9\u00e9n handige unit \u2013 perfect voor zowel airconditioning als proceskoeling. Met de Siemens Climatix controller kun je de DT200 EVO moeiteloos 24\/7 op afstand bedienen en monitoren. Dankzij de handige 4\u201d Bauer-snelkoppelingen voor water en eenvoudige kabelogen voor de elektrische [&hellip;]<\/p>\n","protected":false},"featured_media":3530,"template":"","meta":{"_acf_changed":false},"characteristic":[],"producttype":[32],"product_brand":[],"product_cat":[20,22],"product_tag":[],"class_list":{"0":"post-2184","1":"product","2":"type-product","3":"status-publish","4":"has-post-thumbnail","6":"producttype-verhuur","7":"product_cat-koeling","8":"product_cat-mobiele-chiller","10":"first","11":"instock","12":"product-type-simple"},"acf":[],"_links":{"self":[{"href":"https:\/\/delta-temp.com\/fr_be\/wp-json\/wp\/v2\/product\/2184","targetHints":{"allow":["GET"]}}],"collection":[{"href":"https:\/\/delta-temp.com\/fr_be\/wp-json\/wp\/v2\/product"}],"about":[{"href":"https:\/\/delta-temp.com\/fr_be\/wp-json\/wp\/v2\/types\/product"}],"wp:featuredmedia":[{"embeddable":true,"href":"https:\/\/delta-temp.com\/fr_be\/wp-json\/wp\/v2\/media\/3530"}],"wp:attachment":[{"href":"https:\/\/delta-temp.com\/fr_be\/wp-json\/wp\/v2\/media?parent=2184"}],"wp:term":[{"taxonomy":"characteristic","embeddable":true,"href":"https:\/\/delta-temp.com\/fr_be\/wp-json\/wp\/v2\/characteristic?post=2184"},{"taxonomy":"producttype","embeddable":true,"href":"https:\/\/delta-temp.com\/fr_be\/wp-json\/wp\/v2\/producttype?post=2184"},{"taxonomy":"product_brand","embeddable":true,"href":"https:\/\/delta-temp.com\/fr_be\/wp-json\/wp\/v2\/product_brand?post=2184"},{"taxonomy":"product_cat","embeddable":true,"href":"https:\/\/delta-temp.com\/fr_be\/wp-json\/wp\/v2\/product_cat?post=2184"},{"taxonomy":"product_tag","embeddable":true,"href":"https:\/\/delta-temp.com\/fr_be\/wp-json\/wp\/v2\/product_tag?post=2184"}],"curies":[{"name":"wp","href":"https:\/\/api.w.org\/{rel}","templated":true}]}}