{"id":2183,"date":"2024-10-14T12:04:02","date_gmt":"2024-10-14T10:04:02","guid":{"rendered":"https:\/\/deltatemp.digitalleader.dev\/product\/niet-gecategoriseerd\/chiller-200kw\/"},"modified":"2025-06-24T11:43:23","modified_gmt":"2025-06-24T09:43:23","slug":"refroidisseur-200kw","status":"publish","type":"product","link":"https:\/\/delta-temp.com\/fr_be\/produit\/refroidisseur-200kw\/","title":{"rendered":"Groupe froid 200 kW"},"content":{"rendered":"<p>Avec une capacit\u00e9 de refroidissement de 200 kW et \u00e9quip\u00e9 de 4 compresseurs scroll et de 2 circuits de r\u00e9frig\u00e9ration, ce refroidisseur fournit un refroidissement fiable jour et nuit. Con\u00e7u pour \u00eatre install\u00e9 \u00e0 l'ext\u00e9rieur et dans des conditions industrielles difficiles, il constitue une solution robuste et sans souci pour un grand nombre d'industries, de l'agroalimentaire \u00e0 la chimie en passant par l'industrie pharmaceutique et l'automobile.<\/p>\n<p>Le ch\u00e2ssis robuste et protecteur facilite le transport et l'installation, et la pompe int\u00e9gr\u00e9e \u00e9limine le besoin de raccordements suppl\u00e9mentaires. Ce refroidisseur a tout ce qu'il faut pour se mettre directement au travail et fournir des performances optimales 24 heures sur 24 et 7 jours sur 7.<\/p>","protected":false},"excerpt":{"rendered":"<p>Met een koelvermogen van 200 kW en voorzien van 4 scrollcompressoren en 2 koelcircuits, levert deze chiller betrouwbare koeling, dag en nacht. Ontworpen voor buitenopstelling en zware industri\u00eble omstandigheden, biedt hij een robuuste en zorgeloze oplossing voor uiteenlopende sectoren, van de voedingsindustrie en chemie tot de farmaceutische en automobielsector. Het stevige, beschermende frame maakt transport [&hellip;]<\/p>\n","protected":false},"featured_media":3524,"template":"","meta":{"_acf_changed":false},"characteristic":[],"producttype":[32],"product_brand":[],"product_cat":[20,22],"product_tag":[],"class_list":{"0":"post-2183","1":"product","2":"type-product","3":"status-publish","4":"has-post-thumbnail","6":"producttype-verhuur","7":"product_cat-koeling","8":"product_cat-mobiele-chiller","10":"first","11":"instock","12":"product-type-simple"},"acf":[],"_links":{"self":[{"href":"https:\/\/delta-temp.com\/fr_be\/wp-json\/wp\/v2\/product\/2183","targetHints":{"allow":["GET"]}}],"collection":[{"href":"https:\/\/delta-temp.com\/fr_be\/wp-json\/wp\/v2\/product"}],"about":[{"href":"https:\/\/delta-temp.com\/fr_be\/wp-json\/wp\/v2\/types\/product"}],"wp:featuredmedia":[{"embeddable":true,"href":"https:\/\/delta-temp.com\/fr_be\/wp-json\/wp\/v2\/media\/3524"}],"wp:attachment":[{"href":"https:\/\/delta-temp.com\/fr_be\/wp-json\/wp\/v2\/media?parent=2183"}],"wp:term":[{"taxonomy":"characteristic","embeddable":true,"href":"https:\/\/delta-temp.com\/fr_be\/wp-json\/wp\/v2\/characteristic?post=2183"},{"taxonomy":"producttype","embeddable":true,"href":"https:\/\/delta-temp.com\/fr_be\/wp-json\/wp\/v2\/producttype?post=2183"},{"taxonomy":"product_brand","embeddable":true,"href":"https:\/\/delta-temp.com\/fr_be\/wp-json\/wp\/v2\/product_brand?post=2183"},{"taxonomy":"product_cat","embeddable":true,"href":"https:\/\/delta-temp.com\/fr_be\/wp-json\/wp\/v2\/product_cat?post=2183"},{"taxonomy":"product_tag","embeddable":true,"href":"https:\/\/delta-temp.com\/fr_be\/wp-json\/wp\/v2\/product_tag?post=2183"}],"curies":[{"name":"wp","href":"https:\/\/api.w.org\/{rel}","templated":true}]}}