{"id":2182,"date":"2024-10-14T12:04:02","date_gmt":"2024-10-14T10:04:02","guid":{"rendered":"https:\/\/deltatemp.digitalleader.dev\/product\/niet-gecategoriseerd\/chiller-155kw\/"},"modified":"2025-06-23T16:33:10","modified_gmt":"2025-06-23T14:33:10","slug":"refroidisseur-155kw","status":"publish","type":"product","link":"https:\/\/delta-temp.com\/fr_be\/produit\/refroidisseur-155kw\/","title":{"rendered":"Groupe froid 155 kW"},"content":{"rendered":"<p>Le DT 155 est un refroidisseur robuste et flexible d'une capacit\u00e9 de refroidissement de 155 kW, adapt\u00e9 \u00e0 une grande vari\u00e9t\u00e9 d'applications. Que vous ayez besoin d'un refroidissement de processus ou que vous souhaitiez simplement une bonne dose de fra\u00eecheur pour la climatisation, notre unit\u00e9 est pr\u00eate pour vous.<\/p>\n<p>Qu'est-ce qui rend cet appareil si puissant ? Un tampon interne g\u00e9n\u00e9reux de 678 litres et quatre compresseurs scroll r\u00e9partis en deux circuits de refroidissement. Cette conception intelligente garantit un refroidissement efficace, m\u00eame avec des d\u00e9bits et des temp\u00e9ratures variables. La chaleur est dissip\u00e9e par trois ventilateurs axiaux et, avec une plage de fonctionnement de 6\/12 \u00b0C, elle fournit de l'eau froide pour la climatisation standard ainsi que pour le refroidissement stable des processus.<\/p>\n<p>Combinez le DT 155 avec nos unit\u00e9s mobiles de climatisation AHU 150 ou AHU 175, et vous obtiendrez une solution compl\u00e8te et autonome pour les volumes moyens \u00e0 grands. Flexible, puissant et toujours pr\u00eat \u00e0 refroidir !<\/p>","protected":false},"excerpt":{"rendered":"<p>De DT 155 is een robuuste en flexibele koelmachine met een koelvermogen van 155 kW, geschikt voor uiteenlopende toepassingen. Of je nu proceskoeling nodig hebt of gewoon een flinke dosis koelte wilt voor airconditioning, onze unit staat voor u klaar. Wat maakt deze unit zo krachtig? Een royale interne buffer van 678 liter en vier [&hellip;]<\/p>\n","protected":false},"featured_media":1623,"template":"","meta":{"_acf_changed":false},"characteristic":[],"producttype":[32],"product_brand":[],"product_cat":[20,22],"product_tag":[],"class_list":{"0":"post-2182","1":"product","2":"type-product","3":"status-publish","4":"has-post-thumbnail","6":"producttype-verhuur","7":"product_cat-koeling","8":"product_cat-mobiele-chiller","10":"first","11":"instock","12":"product-type-simple"},"acf":[],"_links":{"self":[{"href":"https:\/\/delta-temp.com\/fr_be\/wp-json\/wp\/v2\/product\/2182","targetHints":{"allow":["GET"]}}],"collection":[{"href":"https:\/\/delta-temp.com\/fr_be\/wp-json\/wp\/v2\/product"}],"about":[{"href":"https:\/\/delta-temp.com\/fr_be\/wp-json\/wp\/v2\/types\/product"}],"wp:featuredmedia":[{"embeddable":true,"href":"https:\/\/delta-temp.com\/fr_be\/wp-json\/wp\/v2\/media\/1623"}],"wp:attachment":[{"href":"https:\/\/delta-temp.com\/fr_be\/wp-json\/wp\/v2\/media?parent=2182"}],"wp:term":[{"taxonomy":"characteristic","embeddable":true,"href":"https:\/\/delta-temp.com\/fr_be\/wp-json\/wp\/v2\/characteristic?post=2182"},{"taxonomy":"producttype","embeddable":true,"href":"https:\/\/delta-temp.com\/fr_be\/wp-json\/wp\/v2\/producttype?post=2182"},{"taxonomy":"product_brand","embeddable":true,"href":"https:\/\/delta-temp.com\/fr_be\/wp-json\/wp\/v2\/product_brand?post=2182"},{"taxonomy":"product_cat","embeddable":true,"href":"https:\/\/delta-temp.com\/fr_be\/wp-json\/wp\/v2\/product_cat?post=2182"},{"taxonomy":"product_tag","embeddable":true,"href":"https:\/\/delta-temp.com\/fr_be\/wp-json\/wp\/v2\/product_tag?post=2182"}],"curies":[{"name":"wp","href":"https:\/\/api.w.org\/{rel}","templated":true}]}}