{"id":2181,"date":"2024-10-14T12:04:02","date_gmt":"2024-10-14T10:04:02","guid":{"rendered":"https:\/\/deltatemp.digitalleader.dev\/product\/niet-gecategoriseerd\/chiller-150kw\/"},"modified":"2025-06-23T16:32:18","modified_gmt":"2025-06-23T14:32:18","slug":"refroidisseur-150kw","status":"publish","type":"product","link":"https:\/\/delta-temp.com\/fr_be\/produit\/refroidisseur-150kw\/","title":{"rendered":"Groupe froid 150 kW"},"content":{"rendered":"<p>Le DT 150 est un refroidisseur \u00e0 condensation par air d'une capacit\u00e9 de refroidissement de 150 kW, sp\u00e9cialement con\u00e7u pour les applications o\u00f9 la r\u00e9duction du bruit est essentielle, comme dans les h\u00f4pitaux, les bureaux et les zones r\u00e9sidentielles. Gr\u00e2ce \u00e0 une isolation suppl\u00e9mentaire, cette unit\u00e9 fonctionne de mani\u00e8re exceptionnellement silencieuse.<\/p>\n<p>Avec quatre compresseurs scroll et deux circuits de refroidissement, le DT 150 offre des performances puissantes et efficaces. L'unit\u00e9 dissipe la chaleur par le biais de trois radiateurs axiaux et est \u00e9quip\u00e9e de raccords d'eau avec des raccords Bauer de 2\". Pour faciliter l'installation, l'alimentation \u00e9lectrique est assur\u00e9e par une prise 125A.<\/p>\n<p>Gr\u00e2ce \u00e0 son cadre de protection robuste, \u00e0 sa pompe int\u00e9gr\u00e9e et \u00e0 son branchement, ce refroidisseur est rapide \u00e0 d\u00e9ployer (plug-and-play). Pour les applications n\u00e9cessitant une temp\u00e9rature constante, le DT 150 peut \u00eatre parfaitement associ\u00e9 \u00e0 nos centrales de traitement d'air AHU150 et AHU175, offrant ainsi des solutions optimales pour le refroidissement des processus.<\/p>","protected":false},"excerpt":{"rendered":"<p>De DT 150 is een luchtgekoelde chiller met een koelvermogen van 150 kW, speciaal ontworpen voor toepassingen waar geluidsreductie essentieel is, zoals in ziekenhuizen, kantoren en woonwijken. Dankzij extra isolatie werkt deze unit uitzonderlijk stil. Met vier scroll-compressoren en twee koelcircuits levert de DT 150 krachtige en effici\u00ebnte prestaties. De unit voert warmte af via [&hellip;]<\/p>\n","protected":false},"featured_media":3520,"template":"","meta":{"_acf_changed":false},"characteristic":[],"producttype":[32],"product_brand":[],"product_cat":[20,22],"product_tag":[],"class_list":{"0":"post-2181","1":"product","2":"type-product","3":"status-publish","4":"has-post-thumbnail","6":"producttype-verhuur","7":"product_cat-koeling","8":"product_cat-mobiele-chiller","10":"first","11":"instock","12":"product-type-simple"},"acf":[],"_links":{"self":[{"href":"https:\/\/delta-temp.com\/fr_be\/wp-json\/wp\/v2\/product\/2181","targetHints":{"allow":["GET"]}}],"collection":[{"href":"https:\/\/delta-temp.com\/fr_be\/wp-json\/wp\/v2\/product"}],"about":[{"href":"https:\/\/delta-temp.com\/fr_be\/wp-json\/wp\/v2\/types\/product"}],"wp:featuredmedia":[{"embeddable":true,"href":"https:\/\/delta-temp.com\/fr_be\/wp-json\/wp\/v2\/media\/3520"}],"wp:attachment":[{"href":"https:\/\/delta-temp.com\/fr_be\/wp-json\/wp\/v2\/media?parent=2181"}],"wp:term":[{"taxonomy":"characteristic","embeddable":true,"href":"https:\/\/delta-temp.com\/fr_be\/wp-json\/wp\/v2\/characteristic?post=2181"},{"taxonomy":"producttype","embeddable":true,"href":"https:\/\/delta-temp.com\/fr_be\/wp-json\/wp\/v2\/producttype?post=2181"},{"taxonomy":"product_brand","embeddable":true,"href":"https:\/\/delta-temp.com\/fr_be\/wp-json\/wp\/v2\/product_brand?post=2181"},{"taxonomy":"product_cat","embeddable":true,"href":"https:\/\/delta-temp.com\/fr_be\/wp-json\/wp\/v2\/product_cat?post=2181"},{"taxonomy":"product_tag","embeddable":true,"href":"https:\/\/delta-temp.com\/fr_be\/wp-json\/wp\/v2\/product_tag?post=2181"}],"curies":[{"name":"wp","href":"https:\/\/api.w.org\/{rel}","templated":true}]}}