{"id":2180,"date":"2024-10-14T12:04:02","date_gmt":"2024-10-14T10:04:02","guid":{"rendered":"https:\/\/deltatemp.digitalleader.dev\/product\/niet-gecategoriseerd\/chiller-110kw\/"},"modified":"2025-06-23T16:31:25","modified_gmt":"2025-06-23T14:31:25","slug":"groupe-froid-110kw","status":"publish","type":"product","link":"https:\/\/delta-temp.com\/fr_be\/produit\/groupe-froid-110kw\/","title":{"rendered":"Groupe froid 110 kW"},"content":{"rendered":"<p>Le DT 110 est un refroidisseur puissant, parfait pour des temp\u00e9ratures de processus allant de -10 \u00b0C \u00e0 +35 \u00b0C. Il est donc id\u00e9al pour les applications industrielles l\u00e9g\u00e8res et lourdes dans divers secteurs, notamment l'alimentation, la chimie, la logistique et l'industrie pharmaceutique.<\/p>\n<p>Avec une capacit\u00e9 de refroidissement de 110 kW et deux compresseurs scroll dans un cycle de refroidissement, le DT 110 offre des performances impressionnantes. L'installation est facile gr\u00e2ce aux raccords bauer de 2\" pour le branchement de l'eau et au branchement \u00e9lectrique CEE de 63A. Pour une facilit\u00e9 d'utilisation optimale, le refroidisseur est \u00e9quip\u00e9 d'un ch\u00e2ssis robuste, d'anneaux de levage et de fourreaux pour chariot \u00e9l\u00e9vateur, ce qui facilite le transport et l'installation.<\/p>\n<p>En outre, le DT 110 peut \u00eatre compl\u00e9t\u00e9 par des unit\u00e9s de climatisation pour des applications compl\u00e8tes de contr\u00f4le du climat et de chauffage, ventilation et climatisation.<\/p>","protected":false},"excerpt":{"rendered":"<p>De DT 110 is een krachtige koelmachine die perfect is voor procestemperaturen van -10 \u00b0C tot +35 \u00b0C. Dit maakt hem uitermate geschikt voor zowel lichte als zware industri\u00eble toepassingen in diverse sectoren, waaronder voeding, chemie, logistiek en farmacie. Met een koelvermogen van 110 kW en twee scroll-compressoren in \u00e9\u00e9n koelcyclus levert de DT 110 [&hellip;]<\/p>\n","protected":false},"featured_media":3515,"template":"","meta":{"_acf_changed":false},"characteristic":[],"producttype":[32],"product_brand":[],"product_cat":[20,22],"product_tag":[],"class_list":{"0":"post-2180","1":"product","2":"type-product","3":"status-publish","4":"has-post-thumbnail","6":"producttype-verhuur","7":"product_cat-koeling","8":"product_cat-mobiele-chiller","10":"first","11":"instock","12":"product-type-simple"},"acf":[],"_links":{"self":[{"href":"https:\/\/delta-temp.com\/fr_be\/wp-json\/wp\/v2\/product\/2180","targetHints":{"allow":["GET"]}}],"collection":[{"href":"https:\/\/delta-temp.com\/fr_be\/wp-json\/wp\/v2\/product"}],"about":[{"href":"https:\/\/delta-temp.com\/fr_be\/wp-json\/wp\/v2\/types\/product"}],"wp:featuredmedia":[{"embeddable":true,"href":"https:\/\/delta-temp.com\/fr_be\/wp-json\/wp\/v2\/media\/3515"}],"wp:attachment":[{"href":"https:\/\/delta-temp.com\/fr_be\/wp-json\/wp\/v2\/media?parent=2180"}],"wp:term":[{"taxonomy":"characteristic","embeddable":true,"href":"https:\/\/delta-temp.com\/fr_be\/wp-json\/wp\/v2\/characteristic?post=2180"},{"taxonomy":"producttype","embeddable":true,"href":"https:\/\/delta-temp.com\/fr_be\/wp-json\/wp\/v2\/producttype?post=2180"},{"taxonomy":"product_brand","embeddable":true,"href":"https:\/\/delta-temp.com\/fr_be\/wp-json\/wp\/v2\/product_brand?post=2180"},{"taxonomy":"product_cat","embeddable":true,"href":"https:\/\/delta-temp.com\/fr_be\/wp-json\/wp\/v2\/product_cat?post=2180"},{"taxonomy":"product_tag","embeddable":true,"href":"https:\/\/delta-temp.com\/fr_be\/wp-json\/wp\/v2\/product_tag?post=2180"}],"curies":[{"name":"wp","href":"https:\/\/api.w.org\/{rel}","templated":true}]}}