{"id":2179,"date":"2024-10-14T12:04:02","date_gmt":"2024-10-14T10:04:02","guid":{"rendered":"https:\/\/deltatemp.digitalleader.dev\/product\/niet-gecategoriseerd\/chiller-100kw-evo\/"},"modified":"2025-06-23T16:27:16","modified_gmt":"2025-06-23T14:27:16","slug":"groupe-froid-100kw-evo","status":"publish","type":"product","link":"https:\/\/delta-temp.com\/fr_be\/produit\/groupe-froid-100kw-evo\/","title":{"rendered":"Groupe froid 100 kW EVO"},"content":{"rendered":"<p>Le DT100 EVO est le refroidisseur \u00e0 air qui r\u00e9pond sans effort \u00e0 vos besoins de refroidissement temporaire. Avec sa puissance de 100 kW et sa conception intelligente, cette unit\u00e9 est op\u00e9rationnelle en un rien de temps.<\/p>\n<p>Le cadre de transport robuste avec tubes de fourche et anneaux de levage facilite l'installation, et gr\u00e2ce aux raccords d'eau (2'' Bauer) et \u00e0 la prise de courant (125 A CEE), il est rapidement branch\u00e9 et pr\u00eat \u00e0 l'emploi. Le DT100 EVO fonctionne silencieusement gr\u00e2ce \u00e0 des compresseurs scroll et des ventilateurs EC peu bruyants, et la pompe \u00e0 r\u00e9gulation de fr\u00e9quence s'adapte parfaitement \u00e0 vos besoins de refroidissement. Gr\u00e2ce \u00e0 l'\u00e9changeur de chaleur int\u00e9gr\u00e9, le refroidisseur convient \u00e0 la fois \u00e0 la climatisation et au refroidissement des processus.<\/p>\n<p>Un appareil intelligent et fiable pour la r\u00e9frig\u00e9ration temporaire, \u00e0 la fois efficace et convivial - le DT100 EVO est toujours pr\u00eat pour le travail !<\/p>","protected":false},"excerpt":{"rendered":"<p>De DT100 EVO is d\u00e9 luchtgekoelde chiller die je tijdelijke koeluitdagingen moeiteloos aankan. Met zijn krachtige 100 kW en slim ontwerp is deze unit in een handomdraai operationeel. Het stevige transportframe met vorkkokers en hijsogen maakt installatie eenvoudig, en dankzij de waterkoppelingen (2\u2019\u2019 Bauer) en stekkeraansluiting (125 A CEE) is hij snel aangesloten en klaar [&hellip;]<\/p>\n","protected":false},"featured_media":3510,"template":"","meta":{"_acf_changed":false},"characteristic":[],"producttype":[32],"product_brand":[],"product_cat":[22],"product_tag":[],"class_list":{"0":"post-2179","1":"product","2":"type-product","3":"status-publish","4":"has-post-thumbnail","6":"producttype-verhuur","7":"product_cat-mobiele-chiller","9":"first","10":"instock","11":"product-type-simple"},"acf":[],"_links":{"self":[{"href":"https:\/\/delta-temp.com\/fr_be\/wp-json\/wp\/v2\/product\/2179","targetHints":{"allow":["GET"]}}],"collection":[{"href":"https:\/\/delta-temp.com\/fr_be\/wp-json\/wp\/v2\/product"}],"about":[{"href":"https:\/\/delta-temp.com\/fr_be\/wp-json\/wp\/v2\/types\/product"}],"wp:featuredmedia":[{"embeddable":true,"href":"https:\/\/delta-temp.com\/fr_be\/wp-json\/wp\/v2\/media\/3510"}],"wp:attachment":[{"href":"https:\/\/delta-temp.com\/fr_be\/wp-json\/wp\/v2\/media?parent=2179"}],"wp:term":[{"taxonomy":"characteristic","embeddable":true,"href":"https:\/\/delta-temp.com\/fr_be\/wp-json\/wp\/v2\/characteristic?post=2179"},{"taxonomy":"producttype","embeddable":true,"href":"https:\/\/delta-temp.com\/fr_be\/wp-json\/wp\/v2\/producttype?post=2179"},{"taxonomy":"product_brand","embeddable":true,"href":"https:\/\/delta-temp.com\/fr_be\/wp-json\/wp\/v2\/product_brand?post=2179"},{"taxonomy":"product_cat","embeddable":true,"href":"https:\/\/delta-temp.com\/fr_be\/wp-json\/wp\/v2\/product_cat?post=2179"},{"taxonomy":"product_tag","embeddable":true,"href":"https:\/\/delta-temp.com\/fr_be\/wp-json\/wp\/v2\/product_tag?post=2179"}],"curies":[{"name":"wp","href":"https:\/\/api.w.org\/{rel}","templated":true}]}}