{"id":2178,"date":"2024-10-14T12:04:02","date_gmt":"2024-10-14T10:04:02","guid":{"rendered":"https:\/\/deltatemp.digitalleader.dev\/product\/niet-gecategoriseerd\/chiller-100kw\/"},"modified":"2025-06-23T16:26:18","modified_gmt":"2025-06-23T14:26:18","slug":"groupe-froid-100kw","status":"publish","type":"product","link":"https:\/\/delta-temp.com\/fr_be\/produit\/groupe-froid-100kw\/","title":{"rendered":"Groupe froid 100 kW"},"content":{"rendered":"<p>Le refroidisseur DT100 de Delta-Temp offre un refroidissement puissant dans un design compact et convivial. Avec ses deux compresseurs scroll et ses deux circuits de refroidissement, ce refroidisseur offre des performances efficaces et fiables.<\/p>\n<p>Gr\u00e2ce \u00e0 son r\u00e9servoir tampon int\u00e9gr\u00e9 de 150 litres, \u00e0 sa pompe int\u00e9gr\u00e9e et \u00e0 son cadre robuste avec tubes de fourche, le DT100 est facile \u00e0 transporter et \u00e0 installer. Il est id\u00e9al pour le refroidissement de confort et le refroidissement de processus dans diverses applications, telles que les b\u00e2timents, les \u00e9v\u00e9nements et les usines.<\/p>","protected":false},"excerpt":{"rendered":"<p>De DT100 chiller van Delta-Temp biedt krachtige koeling in een compact en gebruiksvriendelijk ontwerp. Met zijn twee scrollcompressoren en dubbele koelcircuits levert deze chiller effici\u00ebnte en betrouwbare prestaties. Dankzij de ge\u00efntegreerde buffertank van 150 liter, de ingebouwde pomp en het robuuste frame met vorkkokers is de DT100 gemakkelijk te transporteren en te installeren. Hij is [&hellip;]<\/p>\n","protected":false},"featured_media":3509,"template":"","meta":{"_acf_changed":false},"characteristic":[],"producttype":[32],"product_brand":[],"product_cat":[20,22],"product_tag":[],"class_list":{"0":"post-2178","1":"product","2":"type-product","3":"status-publish","4":"has-post-thumbnail","6":"producttype-verhuur","7":"product_cat-koeling","8":"product_cat-mobiele-chiller","10":"first","11":"instock","12":"product-type-simple"},"acf":[],"_links":{"self":[{"href":"https:\/\/delta-temp.com\/fr_be\/wp-json\/wp\/v2\/product\/2178","targetHints":{"allow":["GET"]}}],"collection":[{"href":"https:\/\/delta-temp.com\/fr_be\/wp-json\/wp\/v2\/product"}],"about":[{"href":"https:\/\/delta-temp.com\/fr_be\/wp-json\/wp\/v2\/types\/product"}],"wp:featuredmedia":[{"embeddable":true,"href":"https:\/\/delta-temp.com\/fr_be\/wp-json\/wp\/v2\/media\/3509"}],"wp:attachment":[{"href":"https:\/\/delta-temp.com\/fr_be\/wp-json\/wp\/v2\/media?parent=2178"}],"wp:term":[{"taxonomy":"characteristic","embeddable":true,"href":"https:\/\/delta-temp.com\/fr_be\/wp-json\/wp\/v2\/characteristic?post=2178"},{"taxonomy":"producttype","embeddable":true,"href":"https:\/\/delta-temp.com\/fr_be\/wp-json\/wp\/v2\/producttype?post=2178"},{"taxonomy":"product_brand","embeddable":true,"href":"https:\/\/delta-temp.com\/fr_be\/wp-json\/wp\/v2\/product_brand?post=2178"},{"taxonomy":"product_cat","embeddable":true,"href":"https:\/\/delta-temp.com\/fr_be\/wp-json\/wp\/v2\/product_cat?post=2178"},{"taxonomy":"product_tag","embeddable":true,"href":"https:\/\/delta-temp.com\/fr_be\/wp-json\/wp\/v2\/product_tag?post=2178"}],"curies":[{"name":"wp","href":"https:\/\/api.w.org\/{rel}","templated":true}]}}