{"id":2177,"date":"2024-10-14T12:04:02","date_gmt":"2024-10-14T10:04:02","guid":{"rendered":"https:\/\/deltatemp.digitalleader.dev\/product\/niet-gecategoriseerd\/chiller-60kw-evo\/"},"modified":"2025-08-11T13:13:37","modified_gmt":"2025-08-11T11:13:37","slug":"refroidisseur-60kw-evo","status":"publish","type":"product","link":"https:\/\/delta-temp.com\/fr_be\/produit\/refroidisseur-60kw-evo\/","title":{"rendered":"Groupe froid 60 kW EVO"},"content":{"rendered":"<p class=\"translation-block\"><span class=\"NormalTextRun SCXW216507685 BCX0\">Recherche d'un <\/span><span class=\"NormalTextRun SCXW216507685 BCX0\">chiller<\/span><span class=\"NormalTextRun SCXW216507685 BCX0\">qui est rapide<\/span><span class=\"NormalTextRun SCXW216507685 BCX0\">d\u00e9ployable<\/span><span class=\"NormalTextRun SCXW216507685 BCX0\">, efficace et respectueux de l'environnement ? Le DT60 EVO est la solution id\u00e9ale. Ce <\/span><span class=\"NormalTextRun SCXW216507685 BCX0\">chiller<\/span><span class=\"NormalTextRun SCXW216507685 BCX0\">est sp\u00e9cialement con\u00e7u pour le march\u00e9 de la location et, gr\u00e2ce \u00e0 ses connexions conviviales<\/span><span class=\"NormalTextRun SCXW216507685 BCX0\">est rapidement<\/span> <span class=\"NormalTextRun SCXW216507685 BCX0\">pr\u00eat \u00e0 l'emploi.<\/span><span class=\"NormalTextRun SCXW216507685 BCX0\"> <\/span>L'appareil est \u00e9quip\u00e9 de la derni\u00e8re technologie de refroidissement et d'un syst\u00e8me de d\u00e9tection automatique des fuites pour plus de s\u00e9curit\u00e9.<\/p>\n<p>Gr\u00e2ce \u00e0 ses composants efficaces et \u00e0 sa pompe \u00e0 r\u00e9gulation de fr\u00e9quence, ce refroidisseur consomme tr\u00e8s peu d'\u00e9nergie. La surveillance \u00e0 distance vous permet de garder un \u0153il sur l'unit\u00e9 \u00e0 tout moment et en tout lieu, ce qui nous permet de pr\u00e9venir les probl\u00e8mes avant qu'ils ne surviennent.<\/p>\n<p>Le DT60 EVO offre \u00e9galement de nombreux avantages, tels que deux circuits de refroidissement pour une capacit\u00e9 de refroidissement constante, un r\u00e9servoir d'eau de 115 litres pour une capacit\u00e9 tampon suppl\u00e9mentaire et un bo\u00eetier robuste avec des fentes pour chariots \u00e9l\u00e9vateurs pour un transport facile.<\/p>","protected":false},"excerpt":{"rendered":"<p>Op zoek naar een chiller die snel inzetbaar, effici\u00ebnt en milieuvriendelijk is? Dan is de DT60 EVO d\u00e9 perfecte oplossing. Deze chiller is speciaal ontworpen voor de verhuurmarkt en is dankzij de gebruiksvriendelijke aansluitingen snel gebruiksklaar.\u00a0De unit is uitgerust met de nieuwste koeltechnologie en beschikt over een automatisch lekdetectiesysteem voor extra veiligheid. Dankzij de effici\u00ebnte [&hellip;]<\/p>\n","protected":false},"featured_media":3493,"template":"","meta":{"_acf_changed":false},"characteristic":[103,104],"producttype":[32],"product_brand":[],"product_cat":[20,22],"product_tag":[],"class_list":{"0":"post-2177","1":"product","2":"type-product","3":"status-publish","4":"has-post-thumbnail","6":"characteristic-char_test-01","7":"characteristic-char_test-02","8":"producttype-verhuur","9":"product_cat-koeling","10":"product_cat-mobiele-chiller","12":"first","13":"instock","14":"product-type-simple"},"acf":[],"_links":{"self":[{"href":"https:\/\/delta-temp.com\/fr_be\/wp-json\/wp\/v2\/product\/2177","targetHints":{"allow":["GET"]}}],"collection":[{"href":"https:\/\/delta-temp.com\/fr_be\/wp-json\/wp\/v2\/product"}],"about":[{"href":"https:\/\/delta-temp.com\/fr_be\/wp-json\/wp\/v2\/types\/product"}],"wp:featuredmedia":[{"embeddable":true,"href":"https:\/\/delta-temp.com\/fr_be\/wp-json\/wp\/v2\/media\/3493"}],"wp:attachment":[{"href":"https:\/\/delta-temp.com\/fr_be\/wp-json\/wp\/v2\/media?parent=2177"}],"wp:term":[{"taxonomy":"characteristic","embeddable":true,"href":"https:\/\/delta-temp.com\/fr_be\/wp-json\/wp\/v2\/characteristic?post=2177"},{"taxonomy":"producttype","embeddable":true,"href":"https:\/\/delta-temp.com\/fr_be\/wp-json\/wp\/v2\/producttype?post=2177"},{"taxonomy":"product_brand","embeddable":true,"href":"https:\/\/delta-temp.com\/fr_be\/wp-json\/wp\/v2\/product_brand?post=2177"},{"taxonomy":"product_cat","embeddable":true,"href":"https:\/\/delta-temp.com\/fr_be\/wp-json\/wp\/v2\/product_cat?post=2177"},{"taxonomy":"product_tag","embeddable":true,"href":"https:\/\/delta-temp.com\/fr_be\/wp-json\/wp\/v2\/product_tag?post=2177"}],"curies":[{"name":"wp","href":"https:\/\/api.w.org\/{rel}","templated":true}]}}