{"id":2176,"date":"2024-10-14T12:04:02","date_gmt":"2024-10-14T10:04:02","guid":{"rendered":"https:\/\/deltatemp.digitalleader.dev\/product\/niet-gecategoriseerd\/chiller-50kw\/"},"modified":"2025-06-23T14:55:49","modified_gmt":"2025-06-23T12:55:49","slug":"refroidisseur-50kw","status":"publish","type":"product","link":"https:\/\/delta-temp.com\/fr_be\/produit\/refroidisseur-50kw\/","title":{"rendered":"Groupe froid 50 kW"},"content":{"rendered":"<p>Le DT 50 est un refroidisseur robuste et mobile sp\u00e9cialement con\u00e7u pour une utilisation en ext\u00e9rieur. Ce refroidisseur est id\u00e9al pour le refroidissement de confort et de processus dans divers secteurs, y compris les \u00e9v\u00e9nements, les centres de donn\u00e9es et les halls d'usine.<\/p>\n<p>Gr\u00e2ce \u00e0 son condenseur refroidi par air, le DT 50 est compact et facile \u00e0 installer. Le puissant compresseur scroll assure un refroidissement efficace, tandis que le r\u00e9servoir tampon interne de 255 litres garantit un approvisionnement constant en eau froide.<\/p>\n<p>En outre, le DT 50 est tr\u00e8s facile \u00e0 utiliser. Le raccordement du refroidisseur \u00e0 votre syst\u00e8me ou \u00e0 une unit\u00e9 de ventilation mobile est tr\u00e8s simple, notamment gr\u00e2ce aux raccords rapides Bauer de 2 pouces, aux tuyaux d'eau de 10 m\u00e8tres inclus et aux jeux de brides (DN50 \/ PN16). Bauer, aux tuyaux d'eau de 10 m\u00e8tres inclus et aux jeux de brides (DN50 \/ PN16).<\/p>","protected":false},"excerpt":{"rendered":"<p>De DT 50 is een robuuste en mobiele koelmachine, speciaal ontworpen voor buitengebruik. Deze chiller is ideaal voor zowel comfort- als proceskoeling in verschillende sectoren, waaronder evenementen, datacenters en fabriekshallen. Dankzij de luchtgekoelde condensor is de DT 50 compact en eenvoudig te installeren. De krachtige scrollcompressor zorgt voor effici\u00ebnte koeling, terwijl de interne buffertank van [&hellip;]<\/p>\n","protected":false},"featured_media":3504,"template":"","meta":{"_acf_changed":false},"characteristic":[],"producttype":[32],"product_brand":[],"product_cat":[22,20],"product_tag":[],"class_list":{"0":"post-2176","1":"product","2":"type-product","3":"status-publish","4":"has-post-thumbnail","6":"producttype-verhuur","7":"product_cat-mobiele-chiller","8":"product_cat-koeling","10":"first","11":"instock","12":"product-type-simple"},"acf":[],"_links":{"self":[{"href":"https:\/\/delta-temp.com\/fr_be\/wp-json\/wp\/v2\/product\/2176","targetHints":{"allow":["GET"]}}],"collection":[{"href":"https:\/\/delta-temp.com\/fr_be\/wp-json\/wp\/v2\/product"}],"about":[{"href":"https:\/\/delta-temp.com\/fr_be\/wp-json\/wp\/v2\/types\/product"}],"wp:featuredmedia":[{"embeddable":true,"href":"https:\/\/delta-temp.com\/fr_be\/wp-json\/wp\/v2\/media\/3504"}],"wp:attachment":[{"href":"https:\/\/delta-temp.com\/fr_be\/wp-json\/wp\/v2\/media?parent=2176"}],"wp:term":[{"taxonomy":"characteristic","embeddable":true,"href":"https:\/\/delta-temp.com\/fr_be\/wp-json\/wp\/v2\/characteristic?post=2176"},{"taxonomy":"producttype","embeddable":true,"href":"https:\/\/delta-temp.com\/fr_be\/wp-json\/wp\/v2\/producttype?post=2176"},{"taxonomy":"product_brand","embeddable":true,"href":"https:\/\/delta-temp.com\/fr_be\/wp-json\/wp\/v2\/product_brand?post=2176"},{"taxonomy":"product_cat","embeddable":true,"href":"https:\/\/delta-temp.com\/fr_be\/wp-json\/wp\/v2\/product_cat?post=2176"},{"taxonomy":"product_tag","embeddable":true,"href":"https:\/\/delta-temp.com\/fr_be\/wp-json\/wp\/v2\/product_tag?post=2176"}],"curies":[{"name":"wp","href":"https:\/\/api.w.org\/{rel}","templated":true}]}}