{"id":2175,"date":"2024-10-14T12:04:02","date_gmt":"2024-10-14T10:04:02","guid":{"rendered":"https:\/\/deltatemp.digitalleader.dev\/product\/niet-gecategoriseerd\/chiller-25kw\/"},"modified":"2025-09-26T15:09:17","modified_gmt":"2025-09-26T13:09:17","slug":"refroidisseur-25kw","status":"publish","type":"product","link":"https:\/\/delta-temp.com\/fr_be\/produit\/refroidisseur-25kw\/","title":{"rendered":"Groupe froid 25kW"},"content":{"rendered":"<p>Le DT 25 est un refroidisseur mobile robuste, id\u00e9al pour une utilisation en ext\u00e9rieur. Gr\u00e2ce \u00e0 son ch\u00e2ssis robuste avec connexions pour chariots \u00e9l\u00e9vateurs, l'unit\u00e9 est facile \u00e0 d\u00e9placer et \u00e0 installer.<\/p>\n<p>Gr\u00e2ce aux raccords 2\u2033-Bauer, le DT 25 s'int\u00e8gre sans effort dans les syst\u00e8mes de ventilation ou les unit\u00e9s de traitement de l'air existants, simplifiant ainsi l'installation et optimisant les performances. Le r\u00e9servoir tampon int\u00e9gr\u00e9 de 140 litres, une connexion \u00e9lectrique de 32A, un puissant compresseur scroll et une pompe interne se combinent pour fournir une solution de refroidissement efficace et puissante, id\u00e9ale pour les processus industriels et la climatisation.<\/p>","protected":false},"excerpt":{"rendered":"<p>De DT 25 is een robuuste, mobiele chiller die ideaal is voor buitengebruik. Dankzij het stevige frame met vorkhefaansluitingen is de unit eenvoudig te verplaatsen en installeren. Met 2&#8243;-Bauerkoppelingen integreert de DT 25 moeiteloos in bestaande ventilatiesystemen of luchtbehandelingskasten, wat de installatie vereenvoudigt en de prestaties optimaliseert. De ingebouwde buffertank van 140 liter, een 32A [&hellip;]<\/p>\n","protected":false},"featured_media":3498,"template":"","meta":{"_acf_changed":false},"characteristic":[],"producttype":[32],"product_brand":[],"product_cat":[20,22],"product_tag":[],"class_list":{"0":"post-2175","1":"product","2":"type-product","3":"status-publish","4":"has-post-thumbnail","6":"producttype-verhuur","7":"product_cat-koeling","8":"product_cat-mobiele-chiller","10":"first","11":"instock","12":"product-type-simple"},"acf":[],"_links":{"self":[{"href":"https:\/\/delta-temp.com\/fr_be\/wp-json\/wp\/v2\/product\/2175","targetHints":{"allow":["GET"]}}],"collection":[{"href":"https:\/\/delta-temp.com\/fr_be\/wp-json\/wp\/v2\/product"}],"about":[{"href":"https:\/\/delta-temp.com\/fr_be\/wp-json\/wp\/v2\/types\/product"}],"wp:featuredmedia":[{"embeddable":true,"href":"https:\/\/delta-temp.com\/fr_be\/wp-json\/wp\/v2\/media\/3498"}],"wp:attachment":[{"href":"https:\/\/delta-temp.com\/fr_be\/wp-json\/wp\/v2\/media?parent=2175"}],"wp:term":[{"taxonomy":"characteristic","embeddable":true,"href":"https:\/\/delta-temp.com\/fr_be\/wp-json\/wp\/v2\/characteristic?post=2175"},{"taxonomy":"producttype","embeddable":true,"href":"https:\/\/delta-temp.com\/fr_be\/wp-json\/wp\/v2\/producttype?post=2175"},{"taxonomy":"product_brand","embeddable":true,"href":"https:\/\/delta-temp.com\/fr_be\/wp-json\/wp\/v2\/product_brand?post=2175"},{"taxonomy":"product_cat","embeddable":true,"href":"https:\/\/delta-temp.com\/fr_be\/wp-json\/wp\/v2\/product_cat?post=2175"},{"taxonomy":"product_tag","embeddable":true,"href":"https:\/\/delta-temp.com\/fr_be\/wp-json\/wp\/v2\/product_tag?post=2175"}],"curies":[{"name":"wp","href":"https:\/\/api.w.org\/{rel}","templated":true}]}}