{"id":2184,"date":"2024-10-14T12:04:02","date_gmt":"2024-10-14T10:04:02","guid":{"rendered":"https:\/\/deltatemp.digitalleader.dev\/product\/niet-gecategoriseerd\/chiller-200kw-evo\/"},"modified":"2025-06-24T11:45:23","modified_gmt":"2025-06-24T09:45:23","slug":"chiller-200kw-evo","status":"publish","type":"product","link":"https:\/\/delta-temp.com\/en_int\/product\/chiller-200kw-evo\/","title":{"rendered":"Chiller 200 kW EVO"},"content":{"rendered":"<p>The DT200 EVO chiller from our innovative EVO series brings together energy efficiency, environmental friendliness and ease of use in one convenient unit - perfect for both air conditioning and process cooling.<\/p>\n<p>With the Siemens Climatix controller, you can effortlessly control and monitor the DT200 EVO remotely 24\/7. Convenient 4\" Bauer quick connectors for water and simple cable eyes for electrical connection make this chiller quick and efficient to connect. Inside, four whisper-quiet scroll compressors and a smart, frequency-controlled water pump ensure optimal performance up to 2.3 bar. The quiet EC fans, with their aerodynamic impellers, make the chiller even more efficient and quiet.<\/p>\n<p>In short, the DT200 EVO combines smart technology and ease of use in one compact solution - so you keep cool, worry free!<\/p>","protected":false},"excerpt":{"rendered":"<p>De DT200 EVO chiller uit onze innovatieve EVO-serie brengt energie-effici\u00ebntie, milieuvriendelijkheid en gebruiksgemak samen in \u00e9\u00e9n handige unit \u2013 perfect voor zowel airconditioning als proceskoeling. Met de Siemens Climatix controller kun je de DT200 EVO moeiteloos 24\/7 op afstand bedienen en monitoren. Dankzij de handige 4\u201d Bauer-snelkoppelingen voor water en eenvoudige kabelogen voor de elektrische [&hellip;]<\/p>\n","protected":false},"featured_media":3530,"template":"","meta":{"_acf_changed":false},"characteristic":[],"producttype":[32],"product_brand":[],"product_cat":[20,22],"product_tag":[],"class_list":{"0":"post-2184","1":"product","2":"type-product","3":"status-publish","4":"has-post-thumbnail","6":"producttype-verhuur","7":"product_cat-koeling","8":"product_cat-mobiele-chiller","10":"first","11":"instock","12":"product-type-simple"},"acf":[],"_links":{"self":[{"href":"https:\/\/delta-temp.com\/en_int\/wp-json\/wp\/v2\/product\/2184","targetHints":{"allow":["GET"]}}],"collection":[{"href":"https:\/\/delta-temp.com\/en_int\/wp-json\/wp\/v2\/product"}],"about":[{"href":"https:\/\/delta-temp.com\/en_int\/wp-json\/wp\/v2\/types\/product"}],"wp:featuredmedia":[{"embeddable":true,"href":"https:\/\/delta-temp.com\/en_int\/wp-json\/wp\/v2\/media\/3530"}],"wp:attachment":[{"href":"https:\/\/delta-temp.com\/en_int\/wp-json\/wp\/v2\/media?parent=2184"}],"wp:term":[{"taxonomy":"characteristic","embeddable":true,"href":"https:\/\/delta-temp.com\/en_int\/wp-json\/wp\/v2\/characteristic?post=2184"},{"taxonomy":"producttype","embeddable":true,"href":"https:\/\/delta-temp.com\/en_int\/wp-json\/wp\/v2\/producttype?post=2184"},{"taxonomy":"product_brand","embeddable":true,"href":"https:\/\/delta-temp.com\/en_int\/wp-json\/wp\/v2\/product_brand?post=2184"},{"taxonomy":"product_cat","embeddable":true,"href":"https:\/\/delta-temp.com\/en_int\/wp-json\/wp\/v2\/product_cat?post=2184"},{"taxonomy":"product_tag","embeddable":true,"href":"https:\/\/delta-temp.com\/en_int\/wp-json\/wp\/v2\/product_tag?post=2184"}],"curies":[{"name":"wp","href":"https:\/\/api.w.org\/{rel}","templated":true}]}}