{"id":3054,"date":"2024-12-19T10:20:40","date_gmt":"2024-12-19T09:20:40","guid":{"rendered":"https:\/\/deltatemp.digitalleader.dev\/product\/niet-gecategoriseerd\/elektrische-boiler-250kw\/"},"modified":"2025-06-11T13:38:27","modified_gmt":"2025-06-11T11:38:27","slug":"elektrische-boiler-250kw","status":"publish","type":"product","link":"https:\/\/delta-temp.com\/de_de\/produkt\/elektrische-boiler-250kw\/","title":{"rendered":"Elektroheizzentrale 250 kW"},"content":{"rendered":"<p>Mit einer Leistung von bis zu 250 kW erhitzt dieser elektrische Boiler Wasser auf bis zu 85 \u00b0C. Dieser kompakte und benutzerfreundliche Boiler ist dank der Gabelstaplertaschen schnell zu installieren und wird mit 4\u201d-Bauer-Schnellkupplungen geliefert, sodass er einfach an Ihr bestehendes Netzwerk angeschlossen werden kann.<\/p>\n<p>Diese Einheit ist perfekt f\u00fcr verschiedene Anwendungen: von der Beheizung von Gastronomiebetrieben, Gesch\u00e4ftsr\u00e4umen und B\u00fcros bis hin zu industriellen Prozessen in der Lebensmittel- und Chemieindustrie. Ben\u00f6tigen Sie ein autonomes Heizsystem? Kombinieren Sie den elektrischen Boiler mit einer L\u00fcftungsanlage f\u00fcr eine komplette L\u00f6sung.<\/p>\n<p>Suchen Sie nach einer tempor\u00e4ren Heizung? Unsere Experten helfen Ihnen gerne mit einer ma\u00dfgeschneiderten Komplettl\u00f6sung.<\/p>","protected":false},"excerpt":{"rendered":"<p>Met een vermogen tot 250 kW verwarmt deze elektrische boiler water tot wel 85 \u00b0C. Deze compacte en gebruiksvriendelijke boiler is snel te installeren dankzij de vorkkokers en wordt geleverd met 4\u201d-Bauer snelkoppelingen, zodat hij eenvoudig kan worden aangesloten op uw bestaande netwerk. Deze units is perfect voor uiteenlopende toepassingen: van het verwarmen van horecazaken, [&hellip;]<\/p>\n","protected":false},"featured_media":4659,"template":"","meta":{"_acf_changed":false},"characteristic":[],"producttype":[],"product_brand":[],"product_cat":[70,29],"product_tag":[],"class_list":{"0":"post-3054","1":"product","2":"type-product","3":"status-publish","4":"has-post-thumbnail","6":"product_cat-boiler","7":"product_cat-boilers","9":"first","10":"instock","11":"taxable","12":"shipping-taxable","13":"product-type-simple"},"acf":[],"_links":{"self":[{"href":"https:\/\/delta-temp.com\/de_de\/wp-json\/wp\/v2\/product\/3054","targetHints":{"allow":["GET"]}}],"collection":[{"href":"https:\/\/delta-temp.com\/de_de\/wp-json\/wp\/v2\/product"}],"about":[{"href":"https:\/\/delta-temp.com\/de_de\/wp-json\/wp\/v2\/types\/product"}],"wp:featuredmedia":[{"embeddable":true,"href":"https:\/\/delta-temp.com\/de_de\/wp-json\/wp\/v2\/media\/4659"}],"wp:attachment":[{"href":"https:\/\/delta-temp.com\/de_de\/wp-json\/wp\/v2\/media?parent=3054"}],"wp:term":[{"taxonomy":"characteristic","embeddable":true,"href":"https:\/\/delta-temp.com\/de_de\/wp-json\/wp\/v2\/characteristic?post=3054"},{"taxonomy":"producttype","embeddable":true,"href":"https:\/\/delta-temp.com\/de_de\/wp-json\/wp\/v2\/producttype?post=3054"},{"taxonomy":"product_brand","embeddable":true,"href":"https:\/\/delta-temp.com\/de_de\/wp-json\/wp\/v2\/product_brand?post=3054"},{"taxonomy":"product_cat","embeddable":true,"href":"https:\/\/delta-temp.com\/de_de\/wp-json\/wp\/v2\/product_cat?post=3054"},{"taxonomy":"product_tag","embeddable":true,"href":"https:\/\/delta-temp.com\/de_de\/wp-json\/wp\/v2\/product_tag?post=3054"}],"curies":[{"name":"wp","href":"https:\/\/api.w.org\/{rel}","templated":true}]}}