{"id":3053,"date":"2024-12-19T10:20:40","date_gmt":"2024-12-19T09:20:40","guid":{"rendered":"https:\/\/deltatemp.digitalleader.dev\/product\/niet-gecategoriseerd\/elektrische-boiler-36kw\/"},"modified":"2025-01-30T16:10:32","modified_gmt":"2025-01-30T15:10:32","slug":"elektrische-boiler-36kw","status":"publish","type":"product","link":"https:\/\/delta-temp.com\/de_de\/produkt\/elektrische-boiler-36kw\/","title":{"rendered":"Elektroheizzentrale B36"},"content":{"rendered":"<p class=\"translation-block\">Unsere elektrischen Boiler mit 36 kW sind speziell f\u00fcr den industriellen und professionellen Einsatz konzipiert. Es handelt sich um einen kompakten, leistungsstarken Boiler auf einem Wagen f\u00fcr einfache Mobilit\u00e4t. Die Einheit verf\u00fcgt \u00fcber F\u00fcllpunkte f\u00fcr den Wasserkreislauf und eine schnelle Verbindung \u00fcber Geka-Kupplungen. Mit Stromversorgungsoptionen von 16A, 32A oder 63A bietet dieser Boiler eine Heizleistung von 9 kW, 18 kW oder 36 kW. Die interne Pumpe liefert einen Durchfluss von maximal 2,1 m\u00b3\/h.<\/p>\n<p><span data-contrast=\"none\">Zus\u00e4tzlich ist die Einheit mit einem digitalen Controller ausgestattet und kann Wasser auf bis zu 90 \u00b0C erhitzen, geeignet f\u00fcr sowohl Komfort- als auch industrielle Prozessheizung. Ideal f\u00fcr Veranstaltungen oder Werkhallen ohne ausreichende Heizung. <\/span><span data-ccp-props=\"{&quot;134233117&quot;:false,&quot;134233118&quot;:false,&quot;201341983&quot;:0,&quot;335551550&quot;:1,&quot;335551620&quot;:1,&quot;335559685&quot;:0,&quot;335559737&quot;:0,&quot;335559738&quot;:0,&quot;335559739&quot;:0,&quot;335559740&quot;:240}\">\u00a0<\/span><\/p>","protected":false},"excerpt":{"rendered":"<p>Onze elektrische boilers 36 kW zijn exclusief ontworpen voor industrieel en professioneel gebruik. Het is een compacte, krachtige boiler op een trolley voor eenvoudige verplaatsing. De unit heeft vulpunten voor het watercircuit en snelle aansluiting via Geka-koppelingen.\u00a0Met stroomtoevoeropties van 16A, 32A of 63A biedt deze boiler een warmtevermogen van 9 kW, 18 kW of 36 [&hellip;]<\/p>\n","protected":false},"featured_media":4667,"template":"","meta":{"_acf_changed":false},"characteristic":[],"producttype":[],"product_brand":[],"product_cat":[70,29],"product_tag":[],"class_list":{"0":"post-3053","1":"product","2":"type-product","3":"status-publish","4":"has-post-thumbnail","6":"product_cat-boiler","7":"product_cat-boilers","9":"first","10":"instock","11":"taxable","12":"shipping-taxable","13":"product-type-simple"},"acf":[],"_links":{"self":[{"href":"https:\/\/delta-temp.com\/de_de\/wp-json\/wp\/v2\/product\/3053","targetHints":{"allow":["GET"]}}],"collection":[{"href":"https:\/\/delta-temp.com\/de_de\/wp-json\/wp\/v2\/product"}],"about":[{"href":"https:\/\/delta-temp.com\/de_de\/wp-json\/wp\/v2\/types\/product"}],"wp:featuredmedia":[{"embeddable":true,"href":"https:\/\/delta-temp.com\/de_de\/wp-json\/wp\/v2\/media\/4667"}],"wp:attachment":[{"href":"https:\/\/delta-temp.com\/de_de\/wp-json\/wp\/v2\/media?parent=3053"}],"wp:term":[{"taxonomy":"characteristic","embeddable":true,"href":"https:\/\/delta-temp.com\/de_de\/wp-json\/wp\/v2\/characteristic?post=3053"},{"taxonomy":"producttype","embeddable":true,"href":"https:\/\/delta-temp.com\/de_de\/wp-json\/wp\/v2\/producttype?post=3053"},{"taxonomy":"product_brand","embeddable":true,"href":"https:\/\/delta-temp.com\/de_de\/wp-json\/wp\/v2\/product_brand?post=3053"},{"taxonomy":"product_cat","embeddable":true,"href":"https:\/\/delta-temp.com\/de_de\/wp-json\/wp\/v2\/product_cat?post=3053"},{"taxonomy":"product_tag","embeddable":true,"href":"https:\/\/delta-temp.com\/de_de\/wp-json\/wp\/v2\/product_tag?post=3053"}],"curies":[{"name":"wp","href":"https:\/\/api.w.org\/{rel}","templated":true}]}}