{"id":3051,"date":"2024-12-19T10:20:39","date_gmt":"2024-12-19T09:20:39","guid":{"rendered":"https:\/\/deltatemp.digitalleader.dev\/product\/niet-gecategoriseerd\/mobiel-heteluchtkanon-gac-111\/"},"modified":"2025-01-30T16:11:44","modified_gmt":"2025-01-30T15:11:44","slug":"mobiles-heisluftgeblase-110kw","status":"publish","type":"product","link":"https:\/\/delta-temp.com\/de_de\/produkt\/mobiles-heisluftgeblase-110kw\/","title":{"rendered":"Mobiles Hei\u00dfluftgebl\u00e4se GAC 111"},"content":{"rendered":"<p><span data-contrast=\"none\">Der GAC 111 ist ein leistungsstarkes, dreistufiges, dieselbetriebenes Heizsystem, das eine maximale Leistung von 110 kW bietet, mit Ausgangstemperaturen von 40 \u00b0C bis 70 \u00b0C. Diese Heizung hat einen Wirkungsgrad von 90 %, einen Luftstrom von bis zu 11.500 m\u00b3\/h und einen externen Druck von 500 Pascal, was sie ideal f\u00fcr die Beheizung gro\u00dfer Hallen und Zelte macht. Zus\u00e4tzlich k\u00f6nnen Zubeh\u00f6rteile wie Luftschl\u00e4uche mit einem Durchmesser von 500 mm angeschlossen werden, um eine gezielte Warmluftzufuhr zu gew\u00e4hrleisten.<\/span><span data-ccp-props=\"{&quot;134233117&quot;:false,&quot;134233118&quot;:false,&quot;201341983&quot;:0,&quot;335551550&quot;:1,&quot;335551620&quot;:1,&quot;335559685&quot;:0,&quot;335559737&quot;:0,&quot;335559738&quot;:0,&quot;335559739&quot;:0,&quot;335559740&quot;:240}\">\u00a0<\/span><span data-contrast=\"none\">Dieser Heizl\u00fcfter hat eine Effizienz von 90%, einen Luftstrom von bis zu 11.500 m\u00b3\/h und einen externen Druck von 500 Pascal, was ihn ideal f\u00fcr das Heizen gro\u00dfer Hallen und Zelte macht.<\/span><span data-ccp-props=\"{&quot;134233117&quot;:false,&quot;134233118&quot;:false,&quot;201341983&quot;:0,&quot;335551550&quot;:1,&quot;335551620&quot;:1,&quot;335559685&quot;:0,&quot;335559737&quot;:0,&quot;335559738&quot;:0,&quot;335559739&quot;:0,&quot;335559740&quot;:240}\">\u00a0<\/span><span data-contrast=\"none\">Zus\u00e4tzlich k\u00f6nnen Zubeh\u00f6rteile wie Luftschl\u00e4uche mit einem Durchmesser von 500 mm angeschlossen werden, um eine gezielte warme Luftzufuhr zu gew\u00e4hrleisten.\u00a0<\/span><span data-ccp-props=\"{&quot;134233117&quot;:false,&quot;134233118&quot;:false,&quot;201341983&quot;:0,&quot;335551550&quot;:1,&quot;335551620&quot;:1,&quot;335559685&quot;:0,&quot;335559737&quot;:0,&quot;335559738&quot;:0,&quot;335559739&quot;:0,&quot;335559740&quot;:240}\">\u00a0<\/span><\/p>","protected":false},"excerpt":{"rendered":"<p>De GAC 111 is een krachtig drietraps diesel aangedreven verwarmingssysteem dat een maximaal vermogen van 110 kW biedt, met uitgangstemperaturen vari\u00ebrend van 40 \u00b0C tot 70 \u00b0C.\u00a0Deze heater heeft een effici\u00ebntie van 90%, een luchtstroom tot 11.500 m\u00b3\/h en een externe druk van 500 Pascal, waardoor hij ideaal is voor het verwarmen van grote hallen [&hellip;]<\/p>\n","protected":false},"featured_media":4725,"template":"","meta":{"_acf_changed":false},"characteristic":[],"producttype":[],"product_brand":[],"product_cat":[69,38],"product_tag":[],"class_list":{"0":"post-3051","1":"product","2":"type-product","3":"status-publish","4":"has-post-thumbnail","6":"product_cat-heater","7":"product_cat-heaters","9":"first","10":"instock","11":"taxable","12":"shipping-taxable","13":"product-type-simple"},"acf":[],"_links":{"self":[{"href":"https:\/\/delta-temp.com\/de_de\/wp-json\/wp\/v2\/product\/3051","targetHints":{"allow":["GET"]}}],"collection":[{"href":"https:\/\/delta-temp.com\/de_de\/wp-json\/wp\/v2\/product"}],"about":[{"href":"https:\/\/delta-temp.com\/de_de\/wp-json\/wp\/v2\/types\/product"}],"wp:featuredmedia":[{"embeddable":true,"href":"https:\/\/delta-temp.com\/de_de\/wp-json\/wp\/v2\/media\/4725"}],"wp:attachment":[{"href":"https:\/\/delta-temp.com\/de_de\/wp-json\/wp\/v2\/media?parent=3051"}],"wp:term":[{"taxonomy":"characteristic","embeddable":true,"href":"https:\/\/delta-temp.com\/de_de\/wp-json\/wp\/v2\/characteristic?post=3051"},{"taxonomy":"producttype","embeddable":true,"href":"https:\/\/delta-temp.com\/de_de\/wp-json\/wp\/v2\/producttype?post=3051"},{"taxonomy":"product_brand","embeddable":true,"href":"https:\/\/delta-temp.com\/de_de\/wp-json\/wp\/v2\/product_brand?post=3051"},{"taxonomy":"product_cat","embeddable":true,"href":"https:\/\/delta-temp.com\/de_de\/wp-json\/wp\/v2\/product_cat?post=3051"},{"taxonomy":"product_tag","embeddable":true,"href":"https:\/\/delta-temp.com\/de_de\/wp-json\/wp\/v2\/product_tag?post=3051"}],"curies":[{"name":"wp","href":"https:\/\/api.w.org\/{rel}","templated":true}]}}