{"id":3050,"date":"2024-12-19T10:20:39","date_gmt":"2024-12-19T09:20:39","guid":{"rendered":"https:\/\/deltatemp.digitalleader.dev\/product\/niet-gecategoriseerd\/mobiel-heteluchtkanon-gac-110\/"},"modified":"2025-01-30T16:11:01","modified_gmt":"2025-01-30T15:11:01","slug":"mobiler-heisluftofen-110kw","status":"publish","type":"product","link":"https:\/\/delta-temp.com\/de_de\/produkt\/mobiler-heisluftofen-110kw\/","title":{"rendered":"Mobiles Hei\u00dfluftgebl\u00e4se GAC 110"},"content":{"rendered":"<p><span data-contrast=\"none\">Der GAC 110 ist ein leistungsstarker, zweistufiger mobiler Hei\u00dfluftofen mit einer maximalen Leistung von 110 kW.<\/span><span data-ccp-props=\"{&quot;134233117&quot;:false,&quot;134233118&quot;:false,&quot;201341983&quot;:0,&quot;335551550&quot;:1,&quot;335551620&quot;:1,&quot;335559685&quot;:0,&quot;335559737&quot;:0,&quot;335559738&quot;:0,&quot;335559739&quot;:160,&quot;335559740&quot;:240}\">\u00a0<\/span><span data-contrast=\"none\">Der GAC 110 ist ein leistungsstarker, zweistufiger mobiler Hei\u00dfluftheizer mit einer maximalen Leistung von 110 kW. Diese mobile Einheit bietet einen Wirkungsgrad von 90 % und eine Luftleistung von maximal 5.500 m\u00b3\/h. Mit einem internen Tank von 135 Litern arbeitet dieser \u00f6lbetriebene Hei\u00dfluftheizer im Freien, wobei die warme Luft \u00fcber Luftschl\u00e4uche mit einem Durchmesser von 500 mm zugef\u00fchrt wird. Die Luftschl\u00e4uche k\u00f6nnen eine maximale L\u00e4nge von etwa 50 Metern erreichen.<\/span><span data-ccp-props=\"{&quot;134233117&quot;:false,&quot;134233118&quot;:false,&quot;201341983&quot;:0,&quot;335551550&quot;:1,&quot;335551620&quot;:1,&quot;335559685&quot;:0,&quot;335559737&quot;:0,&quot;335559738&quot;:0,&quot;335559739&quot;:160,&quot;335559740&quot;:240}\">\u00a0<\/span><\/p>\n<p><span data-contrast=\"none\">Dieses Hei\u00dfluftgebl\u00e4se ist ideal f\u00fcr die effiziente Beheizung gro\u00dfer Hallen und Zelte.<\/span><span data-ccp-props=\"{&quot;134233117&quot;:false,&quot;134233118&quot;:false,&quot;201341983&quot;:0,&quot;335551550&quot;:1,&quot;335551620&quot;:1,&quot;335559685&quot;:0,&quot;335559737&quot;:0,&quot;335559738&quot;:0,&quot;335559739&quot;:160,&quot;335559740&quot;:240}\">\u00a0<\/span><\/p>","protected":false},"excerpt":{"rendered":"<p>De GAC 110 is een krachtige tweetraps mobiele heteluchtverwarmer met een maximaal vermogen van 110 kW.\u00a0Deze mobiele unit biedt een rendement van 90% en heeft een luchtopbrengst van maximaal 5.500 m\u00b3\/h. Met een interne tank van 135 liter werkt deze oliegestookte heteluchtverwarming buiten, waarbij de warme lucht via luchtslangen met een diameter van 500 mm [&hellip;]<\/p>\n","protected":false},"featured_media":4723,"template":"","meta":{"_acf_changed":false},"characteristic":[],"producttype":[],"product_brand":[],"product_cat":[69,38],"product_tag":[],"class_list":{"0":"post-3050","1":"product","2":"type-product","3":"status-publish","4":"has-post-thumbnail","6":"product_cat-heater","7":"product_cat-heaters","9":"first","10":"instock","11":"taxable","12":"shipping-taxable","13":"product-type-simple"},"acf":[],"_links":{"self":[{"href":"https:\/\/delta-temp.com\/de_de\/wp-json\/wp\/v2\/product\/3050","targetHints":{"allow":["GET"]}}],"collection":[{"href":"https:\/\/delta-temp.com\/de_de\/wp-json\/wp\/v2\/product"}],"about":[{"href":"https:\/\/delta-temp.com\/de_de\/wp-json\/wp\/v2\/types\/product"}],"wp:featuredmedia":[{"embeddable":true,"href":"https:\/\/delta-temp.com\/de_de\/wp-json\/wp\/v2\/media\/4723"}],"wp:attachment":[{"href":"https:\/\/delta-temp.com\/de_de\/wp-json\/wp\/v2\/media?parent=3050"}],"wp:term":[{"taxonomy":"characteristic","embeddable":true,"href":"https:\/\/delta-temp.com\/de_de\/wp-json\/wp\/v2\/characteristic?post=3050"},{"taxonomy":"producttype","embeddable":true,"href":"https:\/\/delta-temp.com\/de_de\/wp-json\/wp\/v2\/producttype?post=3050"},{"taxonomy":"product_brand","embeddable":true,"href":"https:\/\/delta-temp.com\/de_de\/wp-json\/wp\/v2\/product_brand?post=3050"},{"taxonomy":"product_cat","embeddable":true,"href":"https:\/\/delta-temp.com\/de_de\/wp-json\/wp\/v2\/product_cat?post=3050"},{"taxonomy":"product_tag","embeddable":true,"href":"https:\/\/delta-temp.com\/de_de\/wp-json\/wp\/v2\/product_tag?post=3050"}],"curies":[{"name":"wp","href":"https:\/\/api.w.org\/{rel}","templated":true}]}}