{"id":3049,"date":"2024-12-19T10:20:39","date_gmt":"2024-12-19T09:20:39","guid":{"rendered":"https:\/\/deltatemp.digitalleader.dev\/product\/niet-gecategoriseerd\/mobiele-warmeluchtblazer-gac-18\/"},"modified":"2025-01-30T16:13:51","modified_gmt":"2025-01-30T15:13:51","slug":"mobiler-warmluftgeblase-18kw","status":"publish","type":"product","link":"https:\/\/delta-temp.com\/de_de\/produkt\/mobiler-warmluftgeblase-18kw\/","title":{"rendered":"Mobiler Warmluftgebl\u00e4se GAC 18"},"content":{"rendered":"<p><span data-contrast=\"none\">Die mobile elektrische Heizung GAC 18 bietet drei Leistungsstufen: 9 kW, 13,5 kW und 18 kW. Mit einem Luftstrom von 1.520 m\u00b3\/h und einem externen Druck von 110 Pascal ist dieses Ger\u00e4t ideal f\u00fcr verschiedene Anwendungen, wie mobile Heizung auf Baustellen, Hallenheizung, Zeltbeheizung und Veranstaltungsheizung. Dar\u00fcber hinaus kann der GAC 18 in Kombination mit Luftentfeuchtern zur Bautrocknung eingesetzt werden.\u00a0<\/span><span data-ccp-props=\"{&quot;134233117&quot;:false,&quot;134233118&quot;:false,&quot;201341983&quot;:0,&quot;335551550&quot;:1,&quot;335551620&quot;:1,&quot;335559685&quot;:0,&quot;335559737&quot;:0,&quot;335559738&quot;:0,&quot;335559739&quot;:0,&quot;335559740&quot;:240}\">\u00a0<\/span><\/p>\n<p><span data-contrast=\"none\">Das Plug-and-Play-Prinzip macht die Installation einfach und sicher: Stecken Sie den Stecker in die Steckdose und schon sind Sie bereit f\u00fcr schnelle W\u00e4rme. Die Flexibilit\u00e4t der drei Leistungsstufen macht diese mobile elektrische Heizung f\u00fcr verschiedene Raumgr\u00f6\u00dfen geeignet.\u00a0<\/span><span data-ccp-props=\"{&quot;134233117&quot;:false,&quot;134233118&quot;:false,&quot;201341983&quot;:0,&quot;335551550&quot;:1,&quot;335551620&quot;:1,&quot;335559685&quot;:0,&quot;335559737&quot;:0,&quot;335559738&quot;:0,&quot;335559739&quot;:0,&quot;335559740&quot;:240}\">\u00a0<\/span><\/p>\n<p><span data-contrast=\"none\">Ben\u00f6tigen Sie eine tempor\u00e4re Heizung? Unsere Experten stehen Ihnen rund um die Uhr zur Verf\u00fcgung.\u00a0<\/span><span data-ccp-props=\"{&quot;134233117&quot;:false,&quot;134233118&quot;:false,&quot;201341983&quot;:0,&quot;335551550&quot;:1,&quot;335551620&quot;:1,&quot;335559685&quot;:0,&quot;335559737&quot;:0,&quot;335559738&quot;:0,&quot;335559739&quot;:0,&quot;335559740&quot;:240}\">\u00a0<\/span><\/p>","protected":false},"excerpt":{"rendered":"<p>De GAC 18 mobiele elektrische verwarming biedt drie vermogensniveaus: 9 kW, 13,5 kW en 18 kW. Met een luchtstroom van 1.520 m\u00b3\/h en een externe druk van 110 Pascal is dit toestel ideaal voor diverse toepassingen, zoals mobiele verwarming op bouwplaatsen, halverwarming, tentverwarming en evenementenverwarming. Bovendien kan de GAC 18, in combinatie met luchtontvochtigers, worden [&hellip;]<\/p>\n","protected":false},"featured_media":4789,"template":"","meta":{"_acf_changed":false},"characteristic":[],"producttype":[],"product_brand":[],"product_cat":[69,38],"product_tag":[],"class_list":{"0":"post-3049","1":"product","2":"type-product","3":"status-publish","4":"has-post-thumbnail","6":"product_cat-heater","7":"product_cat-heaters","9":"first","10":"instock","11":"taxable","12":"shipping-taxable","13":"product-type-simple"},"acf":[],"_links":{"self":[{"href":"https:\/\/delta-temp.com\/de_de\/wp-json\/wp\/v2\/product\/3049","targetHints":{"allow":["GET"]}}],"collection":[{"href":"https:\/\/delta-temp.com\/de_de\/wp-json\/wp\/v2\/product"}],"about":[{"href":"https:\/\/delta-temp.com\/de_de\/wp-json\/wp\/v2\/types\/product"}],"wp:featuredmedia":[{"embeddable":true,"href":"https:\/\/delta-temp.com\/de_de\/wp-json\/wp\/v2\/media\/4789"}],"wp:attachment":[{"href":"https:\/\/delta-temp.com\/de_de\/wp-json\/wp\/v2\/media?parent=3049"}],"wp:term":[{"taxonomy":"characteristic","embeddable":true,"href":"https:\/\/delta-temp.com\/de_de\/wp-json\/wp\/v2\/characteristic?post=3049"},{"taxonomy":"producttype","embeddable":true,"href":"https:\/\/delta-temp.com\/de_de\/wp-json\/wp\/v2\/producttype?post=3049"},{"taxonomy":"product_brand","embeddable":true,"href":"https:\/\/delta-temp.com\/de_de\/wp-json\/wp\/v2\/product_brand?post=3049"},{"taxonomy":"product_cat","embeddable":true,"href":"https:\/\/delta-temp.com\/de_de\/wp-json\/wp\/v2\/product_cat?post=3049"},{"taxonomy":"product_tag","embeddable":true,"href":"https:\/\/delta-temp.com\/de_de\/wp-json\/wp\/v2\/product_tag?post=3049"}],"curies":[{"name":"wp","href":"https:\/\/api.w.org\/{rel}","templated":true}]}}