{"id":2670,"date":"2024-11-04T13:57:22","date_gmt":"2024-11-04T12:57:22","guid":{"rendered":"https:\/\/deltatemp.digitalleader.dev\/?post_type=product&#038;p=2670"},"modified":"2025-01-30T15:19:15","modified_gmt":"2025-01-30T14:19:15","slug":"breezer-mach-4","status":"publish","type":"product","link":"https:\/\/delta-temp.com\/de_de\/produkt\/breezer-mach-4\/","title":{"rendered":"Breezer MACH 4"},"content":{"rendered":"<p>Dieser leistungsstarke und mobile adiabatische K\u00fchler auf stabilen R\u00e4dern hat einen Luftdurchsatz von fast 24.000 m\u00b3\/h. Dank des internen Wassertanks von 341 Litern kann dieses Ger\u00e4t bis zu 5 Tage autonom arbeiten (bei einer durchschnittlichen Nutzungsdauer von 10-12 Stunden pro Tag). Sie m\u00fcssen nur den Stecker einstecken und schon ist es einsatzbereit.<\/p>\n<p>Der Ventilator schwenkt in einem Winkel von 70\u00b0, wodurch ein gro\u00dfer Bereich gek\u00fchlt werden kann. Dank des klappbaren Ventilators l\u00e4sst sich der Breezer leicht und kompakt verstauen.<\/p>\n<p>Dieses Ger\u00e4t ist ideal f\u00fcr Komfortk\u00fchlung bei Veranstaltungen, in gro\u00dfen R\u00e4umen mit hoher Strahlungsw\u00e4rme (z.B. von \u00d6fen), in Werkst\u00e4tten und Ateliers.<\/p>\n<p class=\"translation-block\">Kontaktieren Sie uns unter der kostenlosen Nummer 0800 40 48 120 oder per E-Mail f\u00fcr weitere Informationen.<\/p>","protected":false},"excerpt":{"rendered":"<p>Deze krachtige en mobiele adiabatische koeler op stevige wielen heeft een luchtdebiet van bijna 24.000 m\u00b3\/h. Dankzij de interne watertank van maar liefst 341 liter kan dit toestel tot 5 dagen autonoom werken (bij een gemiddelde gebruiksduur van 10-12 uren per dag). U hoeft enkel de stekker in te steken en klaar. De ventilator oscilleert [&hellip;]<\/p>\n","protected":false},"featured_media":2671,"template":"","meta":{"_acf_changed":false},"characteristic":[],"producttype":[32],"product_brand":[],"product_cat":[24],"product_tag":[],"class_list":{"0":"post-2670","1":"product","2":"type-product","3":"status-publish","4":"has-post-thumbnail","6":"producttype-verhuur","7":"product_cat-adiabatische-koeling","9":"first","10":"instock","11":"taxable","12":"shipping-taxable","13":"product-type-simple"},"acf":[],"_links":{"self":[{"href":"https:\/\/delta-temp.com\/de_de\/wp-json\/wp\/v2\/product\/2670","targetHints":{"allow":["GET"]}}],"collection":[{"href":"https:\/\/delta-temp.com\/de_de\/wp-json\/wp\/v2\/product"}],"about":[{"href":"https:\/\/delta-temp.com\/de_de\/wp-json\/wp\/v2\/types\/product"}],"wp:featuredmedia":[{"embeddable":true,"href":"https:\/\/delta-temp.com\/de_de\/wp-json\/wp\/v2\/media\/2671"}],"wp:attachment":[{"href":"https:\/\/delta-temp.com\/de_de\/wp-json\/wp\/v2\/media?parent=2670"}],"wp:term":[{"taxonomy":"characteristic","embeddable":true,"href":"https:\/\/delta-temp.com\/de_de\/wp-json\/wp\/v2\/characteristic?post=2670"},{"taxonomy":"producttype","embeddable":true,"href":"https:\/\/delta-temp.com\/de_de\/wp-json\/wp\/v2\/producttype?post=2670"},{"taxonomy":"product_brand","embeddable":true,"href":"https:\/\/delta-temp.com\/de_de\/wp-json\/wp\/v2\/product_brand?post=2670"},{"taxonomy":"product_cat","embeddable":true,"href":"https:\/\/delta-temp.com\/de_de\/wp-json\/wp\/v2\/product_cat?post=2670"},{"taxonomy":"product_tag","embeddable":true,"href":"https:\/\/delta-temp.com\/de_de\/wp-json\/wp\/v2\/product_tag?post=2670"}],"curies":[{"name":"wp","href":"https:\/\/api.w.org\/{rel}","templated":true}]}}