{"id":2221,"date":"2024-10-14T12:04:10","date_gmt":"2024-10-14T10:04:10","guid":{"rendered":"https:\/\/deltatemp.digitalleader.dev\/product\/niet-gecategoriseerd\/mobiele-rooftop-rft-100\/"},"modified":"2025-06-24T16:32:10","modified_gmt":"2025-06-24T14:32:10","slug":"dach-warmepumpe-rft100","status":"publish","type":"product","link":"https:\/\/delta-temp.com\/de_de\/produkt\/dach-warmepumpe-rft100\/","title":{"rendered":"Rooftop RFT 100"},"content":{"rendered":"<p class=\"translation-block\">Der RFT 100 kW ist eine vielseitige L\u00f6sung zum K\u00fchlen und Heizen, ideal f\u00fcr Sommer- und Wintermonate sowie die \u00dcbergangszeit. Diese leistungsstarke Einheit schafft ein gesundes und angenehmes Innenklima in verschiedenen Umgebungen wie Werkhallen, Produktionsr\u00e4umen, Lagern, Zelten und bei Veranstaltungen.<\/p>\n<p class=\"translation-block\">Mit drei Lufteinl\u00e4ssen saugt der RFT 100 frische Au\u00dfenluft an und bl\u00e4st sie \u00fcber drei Luftschl\u00e4uche konditioniert in den Innenraum. Mit einem Luftdurchsatz von 19.000 m\u00b3\/h sorgt die Einheit f\u00fcr eine konstante Zufuhr behandelter Luft. Die Installation ist dank der Gabelstaplertaschen unter dem Chassis und des 125A-Steckers f\u00fcr die Stromversorgung einfach. F\u00fcr noch mehr Effizienz k\u00f6nnen Sie die Luftumw\u00e4lzung w\u00e4hlen, bei der die behandelte Innenluft erneut angesaugt wird. So senken Sie optimal Ihren Energieverbrauch.<\/p>\n<p>&nbsp;<\/p>\n<p>&nbsp;<\/p>","protected":false},"excerpt":{"rendered":"<p>De RFT 100 kW is een veelzijdige oplossing voor zowel koelen als verwarmen, ideaal voor zowel zomer- als wintermaanden en het tussenseizoen. Deze krachtige unit is ideaal voor het cre\u00ebren van een gezond en aangenaam binnenklimaat in diverse omgevingen zoals werkhallen, productieruimtes, magazijnen, tenten en evenementen.\u00a0 Met behulp van drie luchtingangen zuigt de RFT 100 [&hellip;]<\/p>\n","protected":false},"featured_media":3547,"template":"","meta":{"_acf_changed":false},"characteristic":[],"producttype":[32],"product_brand":[],"product_cat":[26,30],"product_tag":[],"class_list":{"0":"post-2221","1":"product","2":"type-product","3":"status-publish","4":"has-post-thumbnail","6":"producttype-verhuur","7":"product_cat-mobiele-rooftop","8":"product_cat-mobiele-rooftops","10":"first","11":"instock","12":"product-type-simple"},"acf":[],"_links":{"self":[{"href":"https:\/\/delta-temp.com\/de_de\/wp-json\/wp\/v2\/product\/2221","targetHints":{"allow":["GET"]}}],"collection":[{"href":"https:\/\/delta-temp.com\/de_de\/wp-json\/wp\/v2\/product"}],"about":[{"href":"https:\/\/delta-temp.com\/de_de\/wp-json\/wp\/v2\/types\/product"}],"wp:featuredmedia":[{"embeddable":true,"href":"https:\/\/delta-temp.com\/de_de\/wp-json\/wp\/v2\/media\/3547"}],"wp:attachment":[{"href":"https:\/\/delta-temp.com\/de_de\/wp-json\/wp\/v2\/media?parent=2221"}],"wp:term":[{"taxonomy":"characteristic","embeddable":true,"href":"https:\/\/delta-temp.com\/de_de\/wp-json\/wp\/v2\/characteristic?post=2221"},{"taxonomy":"producttype","embeddable":true,"href":"https:\/\/delta-temp.com\/de_de\/wp-json\/wp\/v2\/producttype?post=2221"},{"taxonomy":"product_brand","embeddable":true,"href":"https:\/\/delta-temp.com\/de_de\/wp-json\/wp\/v2\/product_brand?post=2221"},{"taxonomy":"product_cat","embeddable":true,"href":"https:\/\/delta-temp.com\/de_de\/wp-json\/wp\/v2\/product_cat?post=2221"},{"taxonomy":"product_tag","embeddable":true,"href":"https:\/\/delta-temp.com\/de_de\/wp-json\/wp\/v2\/product_tag?post=2221"}],"curies":[{"name":"wp","href":"https:\/\/api.w.org\/{rel}","templated":true}]}}