{"id":2218,"date":"2024-10-14T12:04:10","date_gmt":"2024-10-14T10:04:10","guid":{"rendered":"https:\/\/deltatemp.digitalleader.dev\/product\/niet-gecategoriseerd\/low-temp-unit-25kw\/"},"modified":"2025-06-24T16:23:45","modified_gmt":"2025-06-24T14:23:45","slug":"tieftemperaturkuhlern-einheit-25kw","status":"publish","type":"product","link":"https:\/\/delta-temp.com\/de_de\/produkt\/tieftemperaturkuhlern-einheit-25kw\/","title":{"rendered":"Tieftemperatur K\u00e4lteanlage 25 kW"},"content":{"rendered":"<p>Auf der Suche nach zuverl\u00e4ssiger mobiler K\u00fchlung bis -10 \u00b0C? Unsere 25 kW Low-Temp-Einheiten sind ideal f\u00fcr den Innenbereich und k\u00fchlen R\u00e4ume bis -10 \u00b0C. W\u00e4rme wird \u00fcber einen internen wassergek\u00fchlten Kondensator zu einem externen Freecooler (AHU100) drau\u00dfen geleitet. Dank Schnellkupplungen (63A) sind die Einheiten einfach zu installieren und betriebsbereit.<\/p>\n<p>Mit einer flexiblen Entfernung von 50 Metern zwischen der Low-Temp-Einheit und dem Airhandler sind diese Maschinen in verschiedenen Konfigurationen einsetzbar. Sie bieten sowohl negative als auch positive K\u00fchlung und sind f\u00fcr R\u00e4ume bis zu 400 m\u00b2 geeignet (abh\u00e4ngig von der W\u00e4rmelast). Perfekt f\u00fcr Branchen wie die Lebensmittelindustrie, wo niedrige Temperaturen entscheidend sind.<\/p>","protected":false},"excerpt":{"rendered":"<p>Op zoek naar betrouwbare mobiele koeling tot -10 \u00b0C? Onze 25 kW low-temp units zijn ideaal voor binnenshuis en koelen ruimtes tot -10 \u00b0C. Warmte wordt via een interne watergekoelde condensor naar een externe freecooler (AHU100) buiten geleid. Dankzij snelkoppelingen (63A) zijn de units eenvoudig te installeren en operationeel. Met een flexibele afstand van 50 [&hellip;]<\/p>\n","protected":false},"featured_media":2711,"template":"","meta":{"_acf_changed":false},"characteristic":[],"producttype":[],"product_brand":[],"product_cat":[27],"product_tag":[],"class_list":{"0":"post-2218","1":"product","2":"type-product","3":"status-publish","4":"has-post-thumbnail","6":"product_cat-low-temp-units","8":"first","9":"instock","10":"product-type-simple"},"acf":[],"_links":{"self":[{"href":"https:\/\/delta-temp.com\/de_de\/wp-json\/wp\/v2\/product\/2218","targetHints":{"allow":["GET"]}}],"collection":[{"href":"https:\/\/delta-temp.com\/de_de\/wp-json\/wp\/v2\/product"}],"about":[{"href":"https:\/\/delta-temp.com\/de_de\/wp-json\/wp\/v2\/types\/product"}],"wp:featuredmedia":[{"embeddable":true,"href":"https:\/\/delta-temp.com\/de_de\/wp-json\/wp\/v2\/media\/2711"}],"wp:attachment":[{"href":"https:\/\/delta-temp.com\/de_de\/wp-json\/wp\/v2\/media?parent=2218"}],"wp:term":[{"taxonomy":"characteristic","embeddable":true,"href":"https:\/\/delta-temp.com\/de_de\/wp-json\/wp\/v2\/characteristic?post=2218"},{"taxonomy":"producttype","embeddable":true,"href":"https:\/\/delta-temp.com\/de_de\/wp-json\/wp\/v2\/producttype?post=2218"},{"taxonomy":"product_brand","embeddable":true,"href":"https:\/\/delta-temp.com\/de_de\/wp-json\/wp\/v2\/product_brand?post=2218"},{"taxonomy":"product_cat","embeddable":true,"href":"https:\/\/delta-temp.com\/de_de\/wp-json\/wp\/v2\/product_cat?post=2218"},{"taxonomy":"product_tag","embeddable":true,"href":"https:\/\/delta-temp.com\/de_de\/wp-json\/wp\/v2\/product_tag?post=2218"}],"curies":[{"name":"wp","href":"https:\/\/api.w.org\/{rel}","templated":true}]}}