{"id":2217,"date":"2024-10-14T12:04:10","date_gmt":"2024-10-14T10:04:10","guid":{"rendered":"https:\/\/deltatemp.digitalleader.dev\/product\/niet-gecategoriseerd\/adiabatische-koeler-vc16\/"},"modified":"2025-01-30T15:16:16","modified_gmt":"2025-01-30T14:16:16","slug":"adiabatische-verdunstungskuhlung-vc16","status":"publish","type":"product","link":"https:\/\/delta-temp.com\/de_de\/produkt\/adiabatische-verdunstungskuhlung-vc16\/","title":{"rendered":"Verdunstungsk\u00fchler VC16"},"content":{"rendered":"<p>Dieser effiziente adiabatische K\u00fchler mit einem Luftdurchsatz von 16.500 m\u00b3\/h kann R\u00e4ume bis zu 250 m\u00b2 k\u00fchlen. Abh\u00e4ngig von den Umgebungsbedingungen kann diese K\u00fchlung die gef\u00fchlte Temperatur um 5 \u00b0C bis 10 \u00b0C senken.<\/p>\n<p>Der VCA6 ist die ideale Wahl f\u00fcr Orte, an denen herk\u00f6mmliche Klimaanlagen einfach nicht praktisch oder zu teuer sind, wie Fabrikhallen, Lagerh\u00e4user, Werkst\u00e4tten, Sportanlagen, Veranstaltungsorte und sogar Nachtclubs.<\/p>\n<p>Dar\u00fcber hinaus ist die Installation dieses K\u00fchlers dank des Plug-and-Play-Designs sehr einfach! M\u00f6chten Sie den VC16 mieten? Unsere zertifizierten Techniker stehen bereit, um Ihnen eine ma\u00dfgeschneiderte Klimatisierungsl\u00f6sung zu bieten, die genau auf Ihre Bed\u00fcrfnisse zugeschnitten ist.<\/p>","protected":false},"excerpt":{"rendered":"<p>Deze effici\u00ebnte adiabatische koeler, met een luchtdebiet van 16.500 m\u00b3\/u, is in staat om ruimtes tot 250 m\u00b2 te verkoelen. Afhankelijk van de omgevingsfactoren, kan deze koeling de gevoelstemperatuur met 5 \u00b0C tot 10 \u00b0C verlagen. De VCA6 is de ideale keuze voor plekken waar traditionele airco\u2019s simpelweg niet praktisch of te duur zijn, zoals [&hellip;]<\/p>\n","protected":false},"featured_media":1616,"template":"","meta":{"_acf_changed":false},"characteristic":[],"producttype":[32],"product_brand":[],"product_cat":[20,24],"product_tag":[],"class_list":{"0":"post-2217","1":"product","2":"type-product","3":"status-publish","4":"has-post-thumbnail","6":"producttype-verhuur","7":"product_cat-koeling","8":"product_cat-adiabatische-koeling","10":"first","11":"instock","12":"product-type-simple"},"acf":[],"_links":{"self":[{"href":"https:\/\/delta-temp.com\/de_de\/wp-json\/wp\/v2\/product\/2217","targetHints":{"allow":["GET"]}}],"collection":[{"href":"https:\/\/delta-temp.com\/de_de\/wp-json\/wp\/v2\/product"}],"about":[{"href":"https:\/\/delta-temp.com\/de_de\/wp-json\/wp\/v2\/types\/product"}],"wp:featuredmedia":[{"embeddable":true,"href":"https:\/\/delta-temp.com\/de_de\/wp-json\/wp\/v2\/media\/1616"}],"wp:attachment":[{"href":"https:\/\/delta-temp.com\/de_de\/wp-json\/wp\/v2\/media?parent=2217"}],"wp:term":[{"taxonomy":"characteristic","embeddable":true,"href":"https:\/\/delta-temp.com\/de_de\/wp-json\/wp\/v2\/characteristic?post=2217"},{"taxonomy":"producttype","embeddable":true,"href":"https:\/\/delta-temp.com\/de_de\/wp-json\/wp\/v2\/producttype?post=2217"},{"taxonomy":"product_brand","embeddable":true,"href":"https:\/\/delta-temp.com\/de_de\/wp-json\/wp\/v2\/product_brand?post=2217"},{"taxonomy":"product_cat","embeddable":true,"href":"https:\/\/delta-temp.com\/de_de\/wp-json\/wp\/v2\/product_cat?post=2217"},{"taxonomy":"product_tag","embeddable":true,"href":"https:\/\/delta-temp.com\/de_de\/wp-json\/wp\/v2\/product_tag?post=2217"}],"curies":[{"name":"wp","href":"https:\/\/api.w.org\/{rel}","templated":true}]}}